{"id":625,"date":"2024-04-17T14:06:51","date_gmt":"2024-04-17T18:06:51","guid":{"rendered":"https:\/\/sciservers.com\/vps_openvz_plans_short_title\/"},"modified":"2024-04-17T14:06:57","modified_gmt":"2024-04-17T18:06:57","slug":"openvz-virtual-private-servers-hosting","status":"publish","type":"page","link":"https:\/\/sciservers.com\/es\/alojamiento-de-servidores-privados-virtuales-openvz\/","title":{"rendered":"Alojamiento de Servidores Privados Virtuales OpenVZ"},"content":{"rendered":"<h1>Alojamiento de Servidores Privados Virtuales OpenVZ<\/h1><br \/>\n<table id=\"rp_presentation\">\n    <tr class=\"rp_pr_plan_header\">\n          <td class=\"rp_pr_plan first-plan\">Virtua-4<\/td>\n          <td class=\"rp_pr_plan\">Virtua-8<\/td>\n          <td class=\"rp_pr_plan\">Virtua-16<\/td>\n        <\/tr>\n    <tr class=\"rp_pr_feature_header\">\n          <td class=\"rp_pr_plan first-plan\"><\/td>\n          <td class=\"rp_pr_plan\"><\/td>\n          <td class=\"rp_pr_plan\"><\/td>\n        <\/tr>\n    <tr class=\"rp_pr_features\">\n          <td class=\"rp_pr_plan first-plan\">\n      <div class=\"plan-overview\">Nuestro paquete VPS de precio m\u00e1s modesto ofrece muchos bonos gratuitos, incluido acceso completo a la ra\u00edz y una selecci\u00f3n de distribuciones de Linux.<\/div>\n      <\/td>\n          <td class=\"rp_pr_plan\">\n      <div class=\"plan-overview\">Al ofrecer un fant\u00e1stico conjunto de bonos gratuitos y una selecci\u00f3n de distribuciones de Linux, este paquete de servidor VPS es una excelente opci\u00f3n para usted.<\/div>\n      <\/td>\n          <td class=\"rp_pr_plan\">\n      <div class=\"plan-overview\">Al ofrecer una cuenta de revendedor de nombres de dominio completamente gratuita y un software de facturaci\u00f3n gratuito, este paquete de servidor VPS es la elecci\u00f3n perfecta para usted.<\/div>\n      <\/td>\n        <\/tr>\n    <tr class=\"rp_pr_features\">\n          <td class=\"rp_pr_plan first-plan\">\n\t  <strong>2 n\u00facleos de CPU<\/strong>\n      <\/td>\n          <td class=\"rp_pr_plan\">\n\t  <strong>4 n\u00facleos de CPU<\/strong>\n      <\/td>\n          <td class=\"rp_pr_plan\">\n\t  <strong>8 n\u00facleos de CPU<\/strong>\n      <\/td>\n        <\/tr>\n    <tr class=\"rp_pr_features\">\n          <td class=\"rp_pr_plan first-plan\">\n      <strong>4 GB<\/strong> RAM\n      <\/td>\n          <td class=\"rp_pr_plan\">\n      <strong>8GB<\/strong> RAM\n      <\/td>\n          <td class=\"rp_pr_plan\">\n      <strong>16 GB<\/strong> RAM\n      <\/td>\n        <\/tr>\n    <tr class=\"rp_pr_features\">\n          <td class=\"rp_pr_plan first-plan\">\n      <strong>80GB<\/strong> Almacenamiento\n      <\/td>\n          <td class=\"rp_pr_plan\">\n      <strong>160GB<\/strong> Almacenamiento\n      <\/td>\n          <td class=\"rp_pr_plan\">\n      <strong>320GB<\/strong> Almacenamiento\n      <\/td>\n        <\/tr>\n    <tr class=\"rp_pr_features\">\n          <td class=\"rp_pr_plan first-plan\">\n      <strong>3 TB<\/strong> Transferencia de datos\n      <\/td>\n          <td class=\"rp_pr_plan\">\n      <strong>5 TB<\/strong> Transferencia de datos\n      <\/td>\n          <td class=\"rp_pr_plan\">\n      <strong>6 TB<\/strong> Transferencia de datos\n      <\/td>\n        <\/tr>\n    <tr class=\"rp_pr_features\">\n          <td class=\"rp_pr_plan first-plan\">\n      <strong>No gestionado<\/strong> Servidor\n      <\/td>\n          <td class=\"rp_pr_plan\">\n      <strong>Administrado<\/strong> Servidor\n      <\/td>\n          <td class=\"rp_pr_plan\">\n      <strong>Administrado<\/strong> Servidor\n      <\/td>\n        <\/tr>\n    <tr class=\"rp_pr_features rp_pr_features_price\">\n\t      <td class=\"rp_pr_plan first-plan\">\n\t\t<span class=\"currency\">$<\/span><span>17.00<\/span> \/ mes\n\t      <\/td>\n          <td class=\"rp_pr_plan\">\n\t\t<span class=\"currency\">$<\/span><span>40.00<\/span> \/ mes\n\t      <\/td>\n          <td class=\"rp_pr_plan\">\n\t\t<span class=\"currency\">$<\/span><span>68.00<\/span> \/ mes\n\t      <\/td>\n        <\/tr>\n    <tr class=\"rp_pr_features\">\n          <td class=\"rp_pr_plan first-plan\">\n      <a class='inline_compare' href=\"#compare_overlay\">Comparar todos los planes de hosting<\/a>\n      <\/td>\n          <td class=\"rp_pr_plan\">\n      <a class='inline_compare' href=\"#compare_overlay\">Comparar todos los planes de hosting<\/a>\n      <\/td>\n          <td class=\"rp_pr_plan\">\n      <a class='inline_compare' href=\"#compare_overlay\">Comparar todos los planes de hosting<\/a>\n      <\/td>\n        <\/tr>\n    <tr class=\"rp_pr_signup\">\n          <td class=\"rp_pr_plan first-plan\">\n      <form class=\"pr_rp_sing_up_form\" action=\"https:\/\/sciservers.com\/es\/formulario-de-pedido\/get-openvz-vps-plans\/\" method=\"get\" data-trp-original-action=\"https:\/\/sciservers.com\/es\/formulario-de-pedido\/get-openvz-vps-plans\/\">\n\t\t<button type=\"submit\" class=\"rpwp-button colorize\"><span class=\"gloss\"><\/span>Orden<\/button>                <input name=\"plan\" type=\"hidden\" value=\"65705\" \/>\n         <input type=\"hidden\" name=\"trp-form-language\" value=\"es\"\/><\/form>\n\t      <\/td>\n          <td class=\"rp_pr_plan\">\n      <form class=\"pr_rp_sing_up_form\" action=\"https:\/\/sciservers.com\/es\/formulario-de-pedido\/get-openvz-vps-plans\/\" method=\"get\" data-trp-original-action=\"https:\/\/sciservers.com\/es\/formulario-de-pedido\/get-openvz-vps-plans\/\">\n\t\t<button type=\"submit\" class=\"rpwp-button colorize\"><span class=\"gloss\"><\/span>Orden<\/button>                <input name=\"plan\" type=\"hidden\" value=\"65706\" \/>\n         <input type=\"hidden\" name=\"trp-form-language\" value=\"es\"\/><\/form>\n\t      <\/td>\n          <td class=\"rp_pr_plan\">\n      <form class=\"pr_rp_sing_up_form\" action=\"https:\/\/sciservers.com\/es\/formulario-de-pedido\/get-openvz-vps-plans\/\" method=\"get\" data-trp-original-action=\"https:\/\/sciservers.com\/es\/formulario-de-pedido\/get-openvz-vps-plans\/\">\n\t\t<button type=\"submit\" class=\"rpwp-button colorize\"><span class=\"gloss\"><\/span>Orden<\/button>                <input name=\"plan\" type=\"hidden\" value=\"65707\" \/>\n         <input type=\"hidden\" name=\"trp-form-language\" value=\"es\"\/><\/form>\n\t      <\/td>\n        <\/tr>\n    <tr class=\"rp_pr_end\">\n          <td class=\"rp_pr_plan first-plan\">&nbsp;<\/td>\n          <td class=\"rp_pr_plan\">&nbsp;<\/td>\n          <td class=\"rp_pr_plan\">&nbsp;<\/td>\n        <\/tr>\n  <\/table>\n \n  <br \/>\n  <div class=\"text-box without-img\">\n    <div>\n      <h3>Un panel de control de hosting ultramoderno<\/h3>\n      <span>Nuestro Panel de control de hosting es muy r\u00e1pido, incre\u00edblemente receptivo y extremadamente f\u00e1cil de usar. Tendr\u00e1 control total sobre su(s) sitio(s) web y dominio(s). <a href=\"https:\/\/demo.hepsia.com\/?auto_login=true\">Ver demostraci\u00f3n<\/a><\/span> <\/div>\n  <\/div>\n  <div class=\"text-box without-img\">\n    <div>\n      <h3>Un servicio de atenci\u00f3n al cliente 24 horas al d\u00eda, 7 d\u00edas a la semana<\/h3>\n      <span>Nuestro personal de soporte t\u00e9cnico est\u00e1 listo para responder sus preguntas las 24 horas del d\u00eda, los 7 d\u00edas de la semana. Ofrecemos una garant\u00eda de tiempo de respuesta de 60 minutos, por lo que ya no tendr\u00e1 que esperar horas y horas para que un miembro del personal de la mesa de ayuda responda: se comunicar\u00e1n con usted en menos de 60 minutos.<\/span> <\/div>\n  <\/div>\n  <br clear=\"all\" \/><br \/>\n  <div class=\"text-box without-img\">\n    <div>\n      <h3>Servicios de alojamiento web dise\u00f1ados para adaptarse a su presupuesto<\/h3>\n      <span>Nuestros paquetes de alojamiento web de servidor virtual OpenVZ proporcionan un equilibrio ideal entre coste y rendimiento. Los Servidores Privados Virtuales ofrecen un buen rendimiento a un precio m\u00e1s econ\u00f3mico en comparaci\u00f3n con ofertas similares en el mercado. Eche un vistazo a nuestros precios y caracter\u00edsticas y compru\u00e9belo usted mismo.<\/span> <\/div>\n  <\/div>\n  <div class=\"text-box without-img\">\n    <div>\n      <h3>Bonos sin cargo<\/h3>\n      <span>Todos nuestros paquetes de servidor web privado virtual con tecnolog\u00eda OpenVZ incluyen una cuenta de revendedor de dominio gratuita. Nuestro paquete OpenVZ m\u00e1s caro tambi\u00e9n incluye software de facturaci\u00f3n gratuito. Estos bonos pueden desempe\u00f1ar un papel importante si desea establecer una empresa de alojamiento de Internet o una empresa revendedora de alojamiento web con su servidor de alojamiento web privado virtual como base.<\/span> <\/div>\n  <\/div>\n  <br clear=\"all\" \/><br \/>\n  <div class=\"text-box without-img\">\n    <div>\n      <h3>Una selecci\u00f3n de distribuciones de Linux<\/h3>\n      <span>Le ofrecemos una selecci\u00f3n de sistemas operativos basados en Linux: Debian, CentOS y Ubuntu. Estos son los tres sistemas operativos basados en Linux m\u00e1s populares del mercado y alimentan la mayor\u00eda de los servidores de alojamiento web conectados a la World Wide Web. Con cada una de estas distribuciones de Linux, puede utilizar nuestra herramienta gratuita Panel de control de alojamiento web Hepsia.<\/span> <\/div>\n  <\/div>\n  <div class=\"text-box without-img\">\n    <div>\n      <h3>Nuestras Garant\u00edas<\/h3>\n      <span>Todos los servidores de alojamiento web privados virtuales los configuramos nosotros de forma gratuita; no hay impuestos por la instalaci\u00f3n del servidor. Tampoco necesitas esperar: tu Servidor Privado Virtual estar\u00e1 completamente operativo en no m\u00e1s de sesenta minutos despu\u00e9s de la compra. Independientemente del centro de datos que elija, ofrecemos una garant\u00eda de tiempo de funcionamiento de la red de 99,91 TP3T.<\/span> <\/div>\n  <\/div>\n  <br clear=\"all\" \/><br \/>\n  <div class=\"text-box without-img\">\n    <div>\n      <h3>Una direcci\u00f3n IP est\u00e1tica gratuita<\/h3>\n      <span>Todos nuestros paquetes de servidor web privado virtual con tecnolog\u00eda OpenVZ vienen con una IP est\u00e1tica gratuita.<\/span> <\/div>\n  <\/div>\n  <div class=\"text-box without-img\">\n    <div>\n      <h3>El paquete de servicios gestionados<\/h3>\n      <span>Si no tiene conocimientos de administraci\u00f3n de servidores, o si no tiene tiempo para ocuparse de dichas tareas, ofrecemos un paquete de servicios gestionados: nuestros expertos administradores de sistemas se encargar\u00e1n de todas las tareas que requieren mucho tiempo en su nombre. El paquete de Servicios Gestionados se puede solicitar como actualizaci\u00f3n con nuestro paquete OpenVZ m\u00e1s econ\u00f3mico y se incluye 100% gratis con el resto.<\/span> <\/div>\n  <\/div>\n  <br clear=\"all\" \/><br \/>\n  <div class=\"text-box without-img\">\n    <div>\n      <h3>Instalaciones del centro de datos<\/h3>\n      <span>Con nosotros, puede decidir d\u00f3nde alojar su servidor web VPS: ofrecemos dos centros de datos, uno en los Estados Unidos de Am\u00e9rica y otro en el Reino Unido (Reino Unido). Todas las especificaciones y precios del Servidor Privado Virtual seguir\u00e1n siendo los mismos sin importar qu\u00e9 centro de datos seleccione. Los servidores virtuales privados en las dos instalaciones del centro de datos ofrecen componentes de hardware de \u00faltima generaci\u00f3n, y las propias instalaciones del centro de datos ofrecen excelente conectividad de red y equipo de refrigeraci\u00f3n. Tambi\u00e9n est\u00e1 disponible un equipo de soporte t\u00e9cnico 24 horas al d\u00eda, 7 d\u00edas a la semana.<\/span> <\/div>\n  <\/div>\n  <div class=\"text-box without-img\">\n    <div>\n      <h3>El Panel SolusVM<\/h3>\n      <span>SolusVM Panel es un instrumento de software de gesti\u00f3n de servidores de alojamiento virtual privado, que viene con todos los planes de servidores web virtuales basados en OpenVZ.<\/span> <\/div>\n  <\/div>\n  <br clear=\"all\" \/><br \/>\n  \n       <div style='display:none'>\n\t\t\t<div id='compare_overlay' style='padding:10px; background:#fff;'><div class=\"openvz-plan-even best\">\n<div class=\"best-plan-openvz\"><\/div><table width=\"100%\" border=\"0\" cellspacing=\"0\" cellpadding=\"0\">\n  <tr>\n\t<td width=\"130\" align=\"center\">\n\t\t<picture>\n\t\t\t\t<source srcset=\"https:\/\/sciservers.com\/wp-content\/themes\/pro-hosting\/images\/openvz-vps-hosting-icon.webp\" type=\"image\/webp\">\n\t\t\t\t<img decoding=\"async\" src=\"https:\/\/sciservers.com\/wp-content\/themes\/pro-hosting\/images\/openvz-vps-hosting-icon.png\"  alt=\"Plan VPS OpenVZ\" title=\"Plan VPS OpenVZ\">\n\t\t\t<\/picture>\t<\/td>\n\t<td width=\"110\" align=\"center\" class=\"openvz-plan-name\">Virtua-4<\/td>\n    <td width=\"190\" class=\"openvz-plan-features\">Plataforma: <strong>linux<\/strong><br \/>\n                    N\u00facleos de CPU: <strong>2<\/strong><br \/>\n                    RAM: <strong>4 GB<\/strong><\/td>\n    <td width=\"200\" class=\"openvz-plan-features\">Espacio: <strong>80GB<\/strong><br \/>\n                    Banda ancha: <strong>3 TB<\/strong><br \/>\n                    Gesti\u00f3n: <strong>No gestionado<\/strong><\/td>\n\t<td align=\"center\">\n\t\t\t\t<span class=\"openvz-price-currency\">$<\/span><span class=\"openvz-plan-price\">17.00<\/span> <span class=\"openvz-plan-price-mo\">\/mes<\/span>\n\t\t<\/td>\n\t<td width=\"150\" align=\"center\"><form method=\"get\" class=\"pr_rp_sing_up_form\" action=\"https:\/\/sciservers.com\/es\/formulario-de-pedido\/get-openvz-vps-plans\/\" data-trp-original-action=\"https:\/\/sciservers.com\/es\/formulario-de-pedido\/get-openvz-vps-plans\/\">\n\t\t<button class=\"rpwp-button colorize\"><span class=\"gloss\"><\/span>Ordenar VPS<\/button>                <input name=\"plan\" type=\"hidden\" value=\"65705\" \/>\n\t<input type=\"hidden\" name=\"trp-form-language\" value=\"es\"\/><\/form><\/td>\n  <\/tr>\n<\/table>\n<\/div>\n<div class=\"openvz-plan-odd\">\n<table width=\"100%\" border=\"0\" cellspacing=\"0\" cellpadding=\"0\">\n  <tr>\n\t<td width=\"130\" align=\"center\">\n\t\t<picture>\n\t\t\t\t<source srcset=\"https:\/\/sciservers.com\/wp-content\/themes\/pro-hosting\/images\/openvz-vps-hosting-icon.webp\" type=\"image\/webp\">\n\t\t\t\t<img decoding=\"async\" src=\"https:\/\/sciservers.com\/wp-content\/themes\/pro-hosting\/images\/openvz-vps-hosting-icon.png\"  alt=\"Plan VPS OpenVZ\" title=\"Plan VPS OpenVZ\">\n\t\t\t<\/picture>\t<\/td>\n\t<td width=\"110\" align=\"center\" class=\"openvz-plan-name\">Virtua-8<\/td>\n    <td width=\"190\" class=\"openvz-plan-features\">Plataforma: <strong>linux<\/strong><br \/>\n                    N\u00facleos de CPU: <strong>4<\/strong><br \/>\n                    RAM: <strong>8GB<\/strong><\/td>\n    <td width=\"200\" class=\"openvz-plan-features\">Espacio: <strong>160GB<\/strong><br \/>\n                    Banda ancha: <strong>5 TB<\/strong><br \/>\n                    Gesti\u00f3n: <strong>Administrado<\/strong><\/td>\n\t<td align=\"center\">\n\t\t\t\t<span class=\"openvz-price-currency\">$<\/span><span class=\"openvz-plan-price\">40.00<\/span> <span class=\"openvz-plan-price-mo\">\/mes<\/span>\n\t\t<\/td>\n\t<td width=\"150\" align=\"center\"><form method=\"get\" class=\"pr_rp_sing_up_form\" action=\"https:\/\/sciservers.com\/es\/formulario-de-pedido\/get-openvz-vps-plans\/\" data-trp-original-action=\"https:\/\/sciservers.com\/es\/formulario-de-pedido\/get-openvz-vps-plans\/\">\n\t\t<button class=\"rpwp-button colorize\"><span class=\"gloss\"><\/span>Ordenar VPS<\/button>                <input name=\"plan\" type=\"hidden\" value=\"65706\" \/>\n\t<input type=\"hidden\" name=\"trp-form-language\" value=\"es\"\/><\/form><\/td>\n  <\/tr>\n<\/table>\n<\/div>\n<div class=\"openvz-plan-even\">\n<table width=\"100%\" border=\"0\" cellspacing=\"0\" cellpadding=\"0\">\n  <tr>\n\t<td width=\"130\" align=\"center\">\n\t\t<picture>\n\t\t\t\t<source srcset=\"https:\/\/sciservers.com\/wp-content\/themes\/pro-hosting\/images\/openvz-vps-hosting-icon.webp\" type=\"image\/webp\">\n\t\t\t\t<img decoding=\"async\" src=\"https:\/\/sciservers.com\/wp-content\/themes\/pro-hosting\/images\/openvz-vps-hosting-icon.png\"  alt=\"Plan VPS OpenVZ\" title=\"Plan VPS OpenVZ\">\n\t\t\t<\/picture>\t<\/td>\n\t<td width=\"110\" align=\"center\" class=\"openvz-plan-name\">Virtua-16<\/td>\n    <td width=\"190\" class=\"openvz-plan-features\">Plataforma: <strong>linux<\/strong><br \/>\n                    N\u00facleos de CPU: <strong>8<\/strong><br \/>\n                    RAM: <strong>16 GB<\/strong><\/td>\n    <td width=\"200\" class=\"openvz-plan-features\">Espacio: <strong>320GB<\/strong><br \/>\n                    Banda ancha: <strong>6 TB<\/strong><br \/>\n                    Gesti\u00f3n: <strong>Administrado<\/strong><\/td>\n\t<td align=\"center\">\n\t\t\t\t<span class=\"openvz-price-currency\">$<\/span><span class=\"openvz-plan-price\">68.00<\/span> <span class=\"openvz-plan-price-mo\">\/mes<\/span>\n\t\t<\/td>\n\t<td width=\"150\" align=\"center\"><form method=\"get\" class=\"pr_rp_sing_up_form\" action=\"https:\/\/sciservers.com\/es\/formulario-de-pedido\/get-openvz-vps-plans\/\" data-trp-original-action=\"https:\/\/sciservers.com\/es\/formulario-de-pedido\/get-openvz-vps-plans\/\">\n\t\t<button class=\"rpwp-button colorize\"><span class=\"gloss\"><\/span>Ordenar VPS<\/button>                <input name=\"plan\" type=\"hidden\" value=\"65707\" \/>\n\t<input type=\"hidden\" name=\"trp-form-language\" value=\"es\"\/><\/form><\/td>\n  <\/tr>\n<\/table>\n<\/div>\n<br \/><\/div>\n\t\t<\/div>","protected":false},"excerpt":{"rendered":"OpenVZ Virtual Private Servers Hosting An Ultramodern Hosting Control Panel Our hosting Control Panel is very fast, amazingly responsive and extremely user-friendly. You will have full command over your web site(s) and domain(s). View Demo A 24\/7 Customer Service Our technical support personnel is ready to answer your questions 24\/7. We offer a 60-min response<span class=\"excerpt_more\"><a href=\"https:\/\/sciservers.com\/es\/alojamiento-de-servidores-privados-virtuales-openvz\/\">[continue...]<\/a><\/span>","protected":false},"author":1,"featured_media":0,"parent":0,"menu_order":0,"comment_status":"closed","ping_status":"closed","template":"","meta":{"footnotes":""},"class_list":["post-625","page","type-page","status-publish","hentry"],"_links":{"self":[{"href":"https:\/\/sciservers.com\/es\/wp-json\/wp\/v2\/pages\/625","targetHints":{"allow":["GET"]}}],"collection":[{"href":"https:\/\/sciservers.com\/es\/wp-json\/wp\/v2\/pages"}],"about":[{"href":"https:\/\/sciservers.com\/es\/wp-json\/wp\/v2\/types\/page"}],"author":[{"embeddable":true,"href":"https:\/\/sciservers.com\/es\/wp-json\/wp\/v2\/users\/1"}],"replies":[{"embeddable":true,"href":"https:\/\/sciservers.com\/es\/wp-json\/wp\/v2\/comments?post=625"}],"version-history":[{"count":0,"href":"https:\/\/sciservers.com\/es\/wp-json\/wp\/v2\/pages\/625\/revisions"}],"wp:attachment":[{"href":"https:\/\/sciservers.com\/es\/wp-json\/wp\/v2\/media?parent=625"}],"curies":[{"name":"wp","href":"https:\/\/api.w.org\/{rel}","templated":true}]}}