{"id":677,"date":"2024-04-17T14:06:52","date_gmt":"2024-04-17T18:06:52","guid":{"rendered":"https:\/\/sciservers.com\/data_centers_title\/"},"modified":"2024-04-17T14:06:58","modified_gmt":"2024-04-17T18:06:58","slug":"data-centers","status":"publish","type":"page","link":"https:\/\/sciservers.com\/es\/centros-de-datos\/","title":{"rendered":"Centros de datos"},"content":{"rendered":"<div id=\"us-dc-banner\">\n    <h3>Centro de datos de EE. UU.<\/h3>\n\t<ul>\n\t<li>Enrutadores y conmutadores Cisco de primer nivel<\/li>\n\t<li>Amplio peering p\u00fablico y privado<\/li>\n\t<li>UPS y generadores di\u00e9sel redundantes<\/li>\n\t<li>Control clim\u00e1tico de \u00faltima generaci\u00f3n<\/li>\n\t<li>Acceso con tarjeta de seguridad y c\u00e1maras DVR.<\/li>\n\t<li>Servicio de monitoreo y soporte 24x7<\/li>\n\t<li>Conozca m\u00e1s sobre nuestro <a href=\"https:\/\/sciservers.com\/es\/centros-de-datos\/centro-de-datos-en-nosotros\/\">Centro de datos de EE. UU.<\/a><\/li>\n<\/ul>\n    <br clear=\"all\" \/>\n  <\/div>\n  <div id=\"domain-search-area-4\">\n\t<div id=\"domain-search-form\"><h3>Comprueba la disponibilidad de tu dominio...<\/h3>\n    <div><script language=\"javascript\">\n\/\/var tldpromos = new Array(\"com\",\"net\",\"org\",\"info\",\"biz\",\"us\",\"uk\",\"co.uk\",\"eu\",\"site\",\"online\",\"website\",\"space\",\"es\",\"tech\",\"store\",\"de\",\"it\",\"nl\",\"fr\",\"fun\",\"press\",\"be\",\"org.uk\",\"me.uk\",\"cn\",\"com.cn\",\"net.cn\",\"org.cn\");\n<\/script>\n<form action=\"https:\/\/sciservers.com\/es\/dominio-y-hosting-compartido\/\" method=\"post\" id=\"domainForm1\" data-trp-original-action=\"https:\/\/sciservers.com\/es\/dominio-y-hosting-compartido\/\">\n        <input title=\"texto\" name=\"domain_sld\" id=\"domain_sld\" value=\"Ex. my-website-name\" onfocus=\"if(this.value == 'Ex. my-website-name') { this.value = ''; }\" onblur=\"if(this.value == '') { this.value = 'Ex. my-website-name'; }\" \/>\n        <select name=\"domain_tld\" id=\"domain_tld\">\n\t\t            <option value=\"academy\" >.academia<\/option>\n                    <option value=\"agency\" >.agency<\/option>\n                    <option value=\"ai\" >.ai<\/option>\n                    <option value=\"bargains\" >.ofertas<\/option>\n                    <option value=\"bike\" >.bike<\/option>\n                    <option value=\"boutique\" >.boutique<\/option>\n                    <option value=\"broker\" >.broker<\/option>\n                    <option value=\"cafe\" >.cafeter\u00eda<\/option>\n                    <option value=\"capital\" >.capital<\/option>\n                    <option value=\"center\" >.centro<\/option>\n                    <option value=\"cheap\" >.barato<\/option>\n                    <option value=\"city\" >.city<\/option>\n                    <option value=\"coach\" >.entrenador<\/option>\n                    <option value=\"codes\" >.codes<\/option>\n                    <option value=\"coffee\" >.coffee<\/option>\n                    <option value=\"computer\" >.computadora<\/option>\n                    <option value=\"consulting\" >.consultante<\/option>\n                    <option value=\"cool\" >.Fr\u00edo<\/option>\n                    <option value=\"coupons\" >.cupones<\/option>\n                    <option value=\"dance\" >.dance<\/option>\n                    <option value=\"delivery\" >.delivery<\/option>\n                    <option value=\"democrat\" >.democrat<\/option>\n                    <option value=\"digital\" >.digital<\/option>\n                    <option value=\"dog\" >.dog<\/option>\n                    <option value=\"email\" >.correo electr\u00f3nico<\/option>\n                    <option value=\"engineering\" >.ingenier\u00eda<\/option>\n                    <option value=\"enterprises\" >.empresas<\/option>\n                    <option value=\"estate\" >.bienes<\/option>\n                    <option value=\"events\" >.eventos<\/option>\n                    <option value=\"expert\" >.experto<\/option>\n                    <option value=\"express\" >.expresar<\/option>\n                    <option value=\"farm\" >.granja<\/option>\n                    <option value=\"fitness\" >.aptitud f\u00edsica<\/option>\n                    <option value=\"forsale\" >.en venta<\/option>\n                    <option value=\"foundation\" >.base<\/option>\n                    <option value=\"fyi\" >.para tu informaci\u00f3n<\/option>\n                    <option value=\"group\" >.grupo<\/option>\n                    <option value=\"house\" >.house<\/option>\n                    <option value=\"institute\" >.institute<\/option>\n                    <option value=\"international\" >.internacional<\/option>\n                    <option value=\"io\" >.io<\/option>\n                    <option value=\"irish\" >.irlandesa<\/option>\n                    <option value=\"kitchen\" >.kitchen<\/option>\n                    <option value=\"land\" >.tierra<\/option>\n                    <option value=\"life\" >.life<\/option>\n                    <option value=\"ltd\" >.limitado<\/option>\n                    <option value=\"marketing\" >.marketing<\/option>\n                    <option value=\"media\" >.medios de comunicaci\u00f3n<\/option>\n                    <option value=\"money\" >.dinero<\/option>\n                    <option value=\"network\" >.red<\/option>\n                    <option value=\"partners\" >.socios<\/option>\n                    <option value=\"parts\" >.parts<\/option>\n                    <option value=\"pet\" >.pet<\/option>\n                    <option value=\"photography\" >.fotograf\u00eda<\/option>\n                    <option value=\"photos\" >.fotos<\/option>\n                    <option value=\"plus\" >.m\u00e1s<\/option>\n                    <option value=\"productions\" >.producciones<\/option>\n                    <option value=\"properties\" >.propiedades<\/option>\n                    <option value=\"recipes\" >.recetas<\/option>\n                    <option value=\"rentals\" >.alquileres<\/option>\n                    <option value=\"repair\" >.reparar<\/option>\n                    <option value=\"republican\" >.republican<\/option>\n                    <option value=\"rocks\" >.rocas<\/option>\n                    <option value=\"sale\" >.venta<\/option>\n                    <option value=\"school\" >.escuela<\/option>\n                    <option value=\"shop\" >.shop<\/option>\n                    <option value=\"social\" >.social<\/option>\n                    <option value=\"software\" >.software<\/option>\n                    <option value=\"support\" >.apoyo<\/option>\n                    <option value=\"systems\" >.sistemas<\/option>\n                    <option value=\"team\" >.equipo<\/option>\n                    <option value=\"technology\" >.tecnolog\u00eda<\/option>\n                    <option value=\"tips\" >.tips<\/option>\n                    <option value=\"today\" >.hoy<\/option>\n                    <option value=\"tools\" >.tools<\/option>\n                    <option value=\"training\" >.training<\/option>\n                    <option value=\"wine\" >.vino<\/option>\n                    <option value=\"works\" >.obras<\/option>\n                    <option value=\"world\" >.mundo<\/option>\n                    <option value=\"zone\" >.zona<\/option>\n                    <option value=\"com\" selected>.com<\/option>\n                    <option value=\"net\" >.neto<\/option>\n                    <option value=\"org\" >.org<\/option>\n                    <option value=\"info\" >.info<\/option>\n                    <option value=\"biz\" >.negocio<\/option>\n                    <option value=\"us\" >.a nosotros<\/option>\n                    <option value=\"uk\" >.Reino Unido<\/option>\n                    <option value=\"co.uk\" >.co.uk<\/option>\n                    <option value=\"ie\" >.es decir<\/option>\n                    <option value=\"ca\" >.California<\/option>\n                    <option value=\"eu\" >.UE<\/option>\n                    <option value=\"com.au\" >.com.au<\/option>\n                    <option value=\"site\" >.sitio<\/option>\n                    <option value=\"online\" >.en l\u00ednea<\/option>\n                    <option value=\"website\" >.sitio web<\/option>\n                    <option value=\"space\" >.espacio<\/option>\n                    <option value=\"co\" >.co<\/option>\n                    <option value=\"ae\" >.ae<\/option>\n                    <option value=\"qa\" >.qa<\/option>\n                    <option value=\"co.za\" >.co.za<\/option>\n                    <option value=\"es\" >.es<\/option>\n                    <option value=\"me\" >.a m\u00ed<\/option>\n                    <option value=\"tv\" >.televisor<\/option>\n                    <option value=\"xyz\" >.xyz<\/option>\n                    <option value=\"top\" >.arriba<\/option>\n                    <option value=\"pro\" >.Pro<\/option>\n                    <option value=\"tech\" >.tecnolog\u00eda<\/option>\n                    <option value=\"store\" >.almacenar<\/option>\n                    <option value=\"company\" >.compa\u00f1\u00eda<\/option>\n                    <option value=\"solutions\" >.soluciones<\/option>\n                    <option value=\"services\" >.servicios<\/option>\n                    <option value=\"deals\" >.ofertas<\/option>\n                    <option value=\"in\" >.en<\/option>\n                    <option value=\"de\" >.Delaware<\/option>\n                    <option value=\"it\" >.\u00e9l<\/option>\n                    <option value=\"nl\" >.nl<\/option>\n                    <option value=\"fr\" >.fr<\/option>\n                    <option value=\"co.il\" >.bobina<\/option>\n                    <option value=\"ch\" >.ch<\/option>\n                    <option value=\"se\" >.se<\/option>\n                    <option value=\"no\" >.No<\/option>\n                    <option value=\"fi\" >.fi<\/option>\n                    <option value=\"co.nz\" >.co.nz<\/option>\n                    <option value=\"pt\" >.pt<\/option>\n                    <option value=\"pl\" >.pl<\/option>\n                    <option value=\"gr\" >.gramo<\/option>\n                    <option value=\"ph\" >.ph<\/option>\n                    <option value=\"jp\" >.jp<\/option>\n                    <option value=\"club\" >.club<\/option>\n                    <option value=\"party\" >.fiesta<\/option>\n                    <option value=\"fun\" >.divertido<\/option>\n                    <option value=\"press\" >.prensa<\/option>\n                    <option value=\"news\" >.noticias<\/option>\n                    <option value=\"name\" >.nombre<\/option>\n                    <option value=\"mobi\" >.mobi<\/option>\n                    <option value=\"guru\" >.gur\u00fa<\/option>\n                    <option value=\"ninja\" >.ninja<\/option>\n                    <option value=\"family\" >.familia<\/option>\n                    <option value=\"cc\" >.cc<\/option>\n                    <option value=\"ws\" >.ws<\/option>\n                    <option value=\"be\" >.ser<\/option>\n                    <option value=\"mx\" >.mx<\/option>\n                    <option value=\"com.mx\" >.com.mx<\/option>\n                    <option value=\"org.uk\" >.org.uk<\/option>\n                    <option value=\"me.uk\" >.me.uk<\/option>\n                    <option value=\"net.au\" >.net.au<\/option>\n                    <option value=\"org.au\" >.org.au<\/option>\n                    <option value=\"at\" >.en<\/option>\n                    <option value=\"nu\" >.nu<\/option>\n                    <option value=\"asia\" >.Asia<\/option>\n                    <option value=\"net.nz\" >.net.nz<\/option>\n                    <option value=\"org.nz\" >.org.nz<\/option>\n                    <option value=\"cn\" >.cn<\/option>\n                    <option value=\"com.cn\" >.com.cn<\/option>\n                    <option value=\"net.cn\" >.net.cn<\/option>\n                    <option value=\"org.cn\" >.org.cn<\/option>\n                    <option value=\"tw\" >.tw<\/option>\n                    <option value=\"com.tw\" >.com.tw<\/option>\n                    <option value=\"business\" >.negocio<\/option>\n                    <option value=\"church\" >.iglesia<\/option>\n                    <option value=\"education\" >.educaci\u00f3n<\/option>\n                    <option value=\"games\" >.juegos<\/option>\n                    <option value=\"run\" >.correr<\/option>\n                <\/select>\n        <input type=\"image\" class=\"domain-search-button\" src=\"https:\/\/sciservers.com\/wp-content\/themes\/pro-hosting\/images\/bg-domain-search-button.png\" style=\"vertical-align:bottom\" alt=\"GO\" \/>\n        <input type=\"hidden\" name=\"plan\" value=\"42211\" \/>            <input type=\"hidden\" name=\"trp-form-language\" value=\"es\"\/><\/form><\/div><\/div>\n    <div id=\"promo-tlds\">\n    <h3>Administrador de dominio gratuito<\/h3>\n    <p><a href=\"https:\/\/demo.hepsia.com\/?auto_login=true\" target=\"_blank\"><strong>Demo en vivo<\/strong><\/a> - opci\u00f3n de bloqueo, editar Whois, editar servidores de nombres, registros DNS personalizados, redirecci\u00f3n de URL, etc.<\/p>\n    <\/div>\n<\/div>\n  \n<h1>Centros de datos<\/h1><br \/>\n\n<div id=\"dc-box\" class=\"left\">\n    <div id=\"box-title\">\n      <h2>S\u00eddney \/ <span class=\"box-sub-title\">Australia<\/span><\/h2>\n    <\/div>\n\t<div id=\"box-content\"><picture>\n\t\t\t\t<source srcset=\"https:\/\/sciservers.com\/wp-content\/themes\/pro-hosting\/images\/au-data-center-img.webp\" type=\"image\/webp\">\n\t\t\t\t<img loading=\"lazy\" decoding=\"async\" src=\"https:\/\/sciservers.com\/wp-content\/themes\/pro-hosting\/images\/au-data-center-img.jpg\"  alt=\"Australia\" title=\"Australia\" width=\"445\" height=\"109\">\n\t\t\t<\/picture>\n\t\t\n\t<br \/>\n\tCon nosotros, puede alojar su sitio web orientado a Australia en un centro de datos de primera clase situado en el distrito comercial central de Sydney. Las instalaciones del centro de datos de SISGroup ofrecen excelentes velocidades de carga de sitios web y una extensa red de peering.    \n    <\/div>\n    <div id=\"box-bottom\">\n        <div class=\"learn-more-link\"><a href=\"https:\/\/sciservers.com\/es\/centros-de-datos\/data-center-in-australia\/\">Aprende m\u00e1s<\/a><\/div>\n      <\/div>\n  <\/div>\n\n<div id=\"dc-box\" class=\"right\">\n  <div id=\"box-title\">\n\t<h2>Servidores del Reino Unido \/ <span class=\"box-sub-title\">Reino Unido<\/span><\/h2>\n  <\/div>\n  <div id=\"box-content\"><picture>\n\t\t\t\t<source srcset=\"https:\/\/sciservers.com\/wp-content\/themes\/pro-hosting\/images\/uk-data-center-img.webp\" type=\"image\/webp\">\n\t\t\t\t<img loading=\"lazy\" decoding=\"async\" src=\"https:\/\/sciservers.com\/wp-content\/themes\/pro-hosting\/images\/uk-data-center-img.jpg\"  alt=\"Reino Unido\" title=\"Reino Unido\" width=\"445\" height=\"109\">\n\t\t\t<\/picture>\n\t\t\n\t<br \/>\n      Trabajamos con un centro de datos de primera clase ubicado a unas pocas millas al oeste de Coventry, que brinda el m\u00e1s alto grado de seguridad para su sitio web y le garantizar\u00e1 una r\u00e1pida velocidad de carga del sitio web.     \n    <\/div>\n    <div id=\"box-bottom\">\n        <div class=\"learn-more-link\"><a href=\"https:\/\/sciservers.com\/es\/centros-de-datos\/centro-de-datos-en-reino-unido\/\">Aprende m\u00e1s<\/a><\/div>\n      <\/div>\n<\/div>\n\n<br clear=\"all\" \/>\n<br clear=\"all\" \/>\n\n<div id=\"dc-box\" class=\"left\">\n    <div id=\"box-title\">\n      <h2>Por\u00ed \/ <span class=\"box-sub-title\">Finlandia<\/span><\/h2>\n    <\/div>\n\t<div id=\"box-content\"><picture>\n\t\t\t\t<source srcset=\"https:\/\/sciservers.com\/wp-content\/themes\/pro-hosting\/images\/fi-data-center-img.webp\" type=\"image\/webp\">\n\t\t\t\t<img loading=\"lazy\" decoding=\"async\" src=\"https:\/\/sciservers.com\/wp-content\/themes\/pro-hosting\/images\/fi-data-center-img.jpg\"  alt=\"Finlandia\" title=\"Finlandia\" width=\"445\" height=\"109\">\n\t\t\t<\/picture>\n\t\t\n\t<br \/>\n\tAl elegir nuestro centro de datos finland\u00e9s, se asegura de que sus visitantes del norte de Europa y de la Federaci\u00f3n Rusa puedan disfrutar de r\u00e1pidas velocidades de carga de p\u00e1ginas web. El centro de datos est\u00e1 ubicado en una antigua instalaci\u00f3n subterr\u00e1nea del ej\u00e9rcito y ofrece una excelente conectividad.    \n    <\/div>\n    <div id=\"box-bottom\">\n        <div class=\"learn-more-link\"><a href=\"https:\/\/sciservers.com\/es\/centros-de-datos\/data-center-in-finland\/\">Aprende m\u00e1s<\/a><\/div>\n      <\/div>\n  <\/div>\n<div id=\"dc-box\" class=\"right\">\n  <div id=\"box-title\">\n\t<h2>Sof\u00eda \/ <span class=\"box-sub-title\">Bulgaria<\/span><\/h2>\n  <\/div>\n  <div id=\"box-content\"><picture>\n\t\t\t\t<source srcset=\"https:\/\/sciservers.com\/wp-content\/themes\/pro-hosting\/images\/bg-data-center.webp\" type=\"image\/webp\">\n\t\t\t\t<img loading=\"lazy\" decoding=\"async\" src=\"https:\/\/sciservers.com\/wp-content\/themes\/pro-hosting\/images\/bg-data-center.jpg\"  alt=\"Bulgaria\" title=\"Bulgaria\" width=\"445\" height=\"109\">\n\t\t\t<\/picture>\n\t\t\n\t<br \/>\n\tEl centro de datos S3 proporciona una conectividad excepcional en toda Europa. Est\u00e1 situado en el pa\u00eds de Bulgaria, conocido por tener una de las velocidades de acceso a Internet m\u00e1s r\u00e1pidas de todo el continente.     \n    <\/div>\n    <div id=\"box-bottom\">\n        <div class=\"learn-more-link\"><a href=\"https:\/\/sciservers.com\/es\/centros-de-datos\/data-center-in-eastern-europe\/\">Aprende m\u00e1s<\/a><\/div>\n      <\/div>\n<\/div>","protected":false},"excerpt":{"rendered":"USA Data Center Top-level Cisco routers and switches Extensive public and private peering Redundant UPS and diesel generators State-of-the-art climate control Security card access and DVR cameras 24x7 monitoring and support service Learn more about our US Data Center Data Centers Sydney \/ Australia With us, you can host your Australian-oriented web site in a<span class=\"excerpt_more\"><a href=\"https:\/\/sciservers.com\/es\/centros-de-datos\/\">[continue...]<\/a><\/span>","protected":false},"author":1,"featured_media":0,"parent":0,"menu_order":0,"comment_status":"closed","ping_status":"closed","template":"","meta":{"footnotes":""},"class_list":["post-677","page","type-page","status-publish","hentry"],"_links":{"self":[{"href":"https:\/\/sciservers.com\/es\/wp-json\/wp\/v2\/pages\/677","targetHints":{"allow":["GET"]}}],"collection":[{"href":"https:\/\/sciservers.com\/es\/wp-json\/wp\/v2\/pages"}],"about":[{"href":"https:\/\/sciservers.com\/es\/wp-json\/wp\/v2\/types\/page"}],"author":[{"embeddable":true,"href":"https:\/\/sciservers.com\/es\/wp-json\/wp\/v2\/users\/1"}],"replies":[{"embeddable":true,"href":"https:\/\/sciservers.com\/es\/wp-json\/wp\/v2\/comments?post=677"}],"version-history":[{"count":0,"href":"https:\/\/sciservers.com\/es\/wp-json\/wp\/v2\/pages\/677\/revisions"}],"wp:attachment":[{"href":"https:\/\/sciservers.com\/es\/wp-json\/wp\/v2\/media?parent=677"}],"curies":[{"name":"wp","href":"https:\/\/api.w.org\/{rel}","templated":true}]}}