{"id":689,"date":"2024-04-17T14:06:52","date_gmt":"2024-04-17T18:06:52","guid":{"rendered":"https:\/\/sciservers.com\/hosting_uk_title\/"},"modified":"2024-04-17T14:06:58","modified_gmt":"2024-04-17T18:06:58","slug":"uk-shared-hosting","status":"publish","type":"page","link":"https:\/\/sciservers.com\/es\/alojamiento-de-sitios-web-compartido\/alojamiento-compartido-en-el-reino-unido\/","title":{"rendered":"Alojamiento compartido en el Reino Unido"},"content":{"rendered":"<div class=\"dc-header-container\">\n  <div class=\"dc-information\">\n    <h1>Alojamiento compartido en el Reino Unido<\/h1>\n  \t<p>Con nosotros, sus visitantes del Reino Unido disfrutar\u00e1n de velocidades de carga de sitios web mucho m\u00e1s r\u00e1pidas. Simplemente seleccione el <a href=\"https:\/\/sciservers.com\/es\/centros-de-datos\/centro-de-datos-en-reino-unido\/\">Instalaci\u00f3n de centro de datos en el Reino Unido<\/a> en el formulario de registro y configuraremos su <a href=\"https:\/\/sciservers.com\/es\/alojamiento-de-sitios-web-compartido\/\">alojamiento de p\u00e1ginas web<\/a> cuenta en uno de los centros de datos m\u00e1s famosos de Inglaterra. Esto acercar\u00e1 su sitio web a sus visitantes, lo que implica velocidades de carga del sitio mucho m\u00e1s r\u00e1pidas. Tambi\u00e9n ofrecemos una garant\u00eda de tiempo de actividad del servidor del 99,9 por ciento y, si no est\u00e1 satisfecho con las velocidades ofrecidas, puede hacer uso de nuestra garant\u00eda de devoluci\u00f3n de dinero de 30 d\u00edas.<\/p>\n  <\/div>\n  <div class=\"dc-image\"><picture>\n\t\t\t\t<source srcset=\"https:\/\/sciservers.com\/wp-content\/themes\/pro-hosting\/images\/uk-hosting.webp\" type=\"image\/webp\">\n\t\t\t\t<img loading=\"lazy\" decoding=\"async\" src=\"https:\/\/sciservers.com\/wp-content\/themes\/pro-hosting\/images\/uk-hosting.png\"  alt=\"Alojamiento compartido en el Reino Unido\" title=\"Alojamiento compartido en el Reino Unido\" width=\"351\" height=\"222\">\n\t\t\t<\/picture>\n\t\t\n  <\/div>\n  <br clear=\"all\" \/>\n  <div class=\"dc-bottom-line\">&nbsp;<\/div>\n  \n\n  <h2>Planes de alojamiento compartido<\/h2>  <table class=\"short-compare\" align=\"center\" cellpadding=\"0\" cellspacing=\"0\" border=\"0\">\n    <tr>\n          <td><div id=\"tower-box\">\n                    <div id=\"tower-box-title\">\n            <h2>Regular<\/h2>\n          <\/div>\n          <div id=\"tower-box-content\">\n            <ul>\n              <li>\n                <div id=\"tower-box-price\"> <span class=\"tower-box-price-currency\">$<\/span> <span class=\"tower-box-price-value\">8.75<\/span> <span class=\"tower-box-price-period\">\/mes<\/span> <\/div>\n              <\/li>\n              <li><strong>Unlimited<\/strong> almacenamiento<\/li>\n              <li><strong>Unlimited<\/strong> banda ancha<\/li>\n              <li><strong>5<\/strong> dominios<\/li>\n              <li><strong>A diario<\/strong> Copias de seguridad<\/li>\n              <li><strong>24\/7\/365<\/strong> apoyo<\/li>\n              <li><strong>Prueba gratuita de 30 d\u00edas<\/strong><\/li>\n            <\/ul>\n            <div class=\"clear\"><\/div>\n            <div id=\"tower-box-bottom\">\n              <form class=\"pr_rp_sing_up_form\" action=\"https:\/\/sciservers.com\/es\/formulario-de-pedido\/get-shared-website-hosting\/?datacenter=london\" method=\"get\" data-trp-original-action=\"https:\/\/sciservers.com\/es\/formulario-de-pedido\/get-shared-website-hosting\/?datacenter=london\">\n\t\t<button type=\"submit\" class=\"rpwp-button tower-box-button colorize\"><span class=\"gloss\"><\/span>ordenar ahora<\/button>\n                <input name=\"datacenter\" type=\"hidden\" value=\"london\" \/>\n                <input name=\"plan\" type=\"hidden\" value=\"1\" \/>\n              <input type=\"hidden\" name=\"trp-form-language\" value=\"es\"\/><\/form>\n            <\/div>\n          <\/div>\n        <\/div><\/td>\n      <td width=\"11\"><\/td>\n            <td><div id=\"tower-box\">\n                    <div id=\"tower-box-title\">\n            <h2>De lujo<\/h2>\n          <\/div>\n          <div id=\"tower-box-content\">\n            <ul>\n              <li>\n                <div id=\"tower-box-price\"> <span class=\"tower-box-price-currency\">$<\/span> <span class=\"tower-box-price-value\">17.08<\/span> <span class=\"tower-box-price-period\">\/mes<\/span> <\/div>\n              <\/li>\n              <li><strong>Unlimited<\/strong> almacenamiento<\/li>\n              <li><strong>Unlimited<\/strong> banda ancha<\/li>\n              <li><strong>Unlimited<\/strong> dominios<\/li>\n              <li><strong>A diario<\/strong> Copias de seguridad<\/li>\n              <li><strong>24\/7\/365<\/strong> apoyo<\/li>\n              <li><strong>Prueba gratuita de 30 d\u00edas<\/strong><\/li>\n            <\/ul>\n            <div class=\"clear\"><\/div>\n            <div id=\"tower-box-bottom\">\n              <form class=\"pr_rp_sing_up_form\" action=\"https:\/\/sciservers.com\/es\/formulario-de-pedido\/get-shared-website-hosting\/?datacenter=london\" method=\"get\" data-trp-original-action=\"https:\/\/sciservers.com\/es\/formulario-de-pedido\/get-shared-website-hosting\/?datacenter=london\">\n\t\t<button type=\"submit\" class=\"rpwp-button tower-box-button colorize\"><span class=\"gloss\"><\/span>ordenar ahora<\/button>\n                <input name=\"datacenter\" type=\"hidden\" value=\"london\" \/>\n                <input name=\"plan\" type=\"hidden\" value=\"2\" \/>\n              <input type=\"hidden\" name=\"trp-form-language\" value=\"es\"\/><\/form>\n            <\/div>\n          <\/div>\n        <\/div><\/td>\n      <td width=\"11\"><\/td>\n            <td><div id=\"tower-box\">\n                    <div id=\"tower-box-title\">\n            <h2>\u00daltimo<\/h2>\n          <\/div>\n          <div id=\"tower-box-content\">\n            <ul>\n              <li>\n                <div id=\"tower-box-price\"> <span class=\"tower-box-price-currency\">$<\/span> <span class=\"tower-box-price-value\">21.25<\/span> <span class=\"tower-box-price-period\">\/mes<\/span> <\/div>\n              <\/li>\n              <li><strong>Unlimited<\/strong> almacenamiento<\/li>\n              <li><strong>Unlimited<\/strong> banda ancha<\/li>\n              <li><strong>Unlimited<\/strong> dominios<\/li>\n              <li><strong>A diario<\/strong> Copias de seguridad<\/li>\n              <li><strong>24\/7\/365<\/strong> apoyo<\/li>\n              <li><strong>Prueba gratuita de 30 d\u00edas<\/strong><\/li>\n            <\/ul>\n            <div class=\"clear\"><\/div>\n            <div id=\"tower-box-bottom\">\n              <form class=\"pr_rp_sing_up_form\" action=\"https:\/\/sciservers.com\/es\/formulario-de-pedido\/get-shared-website-hosting\/?datacenter=london\" method=\"get\" data-trp-original-action=\"https:\/\/sciservers.com\/es\/formulario-de-pedido\/get-shared-website-hosting\/?datacenter=london\">\n\t\t<button type=\"submit\" class=\"rpwp-button tower-box-button colorize\"><span class=\"gloss\"><\/span>ordenar ahora<\/button>\n                <input name=\"datacenter\" type=\"hidden\" value=\"london\" \/>\n                <input name=\"plan\" type=\"hidden\" value=\"44\" \/>\n              <input type=\"hidden\" name=\"trp-form-language\" value=\"es\"\/><\/form>\n            <\/div>\n          <\/div>\n        <\/div><\/td>\n      <td width=\"11\"><\/td>\n            <td><div id=\"tower-box\">\n                    <div id=\"tower-box-title\">\n            <h2>Econom\u00eda<\/h2>\n          <\/div>\n          <div id=\"tower-box-content\">\n            <ul>\n              <li>\n                <div id=\"tower-box-price\"> <span class=\"tower-box-price-currency\">$<\/span> <span class=\"tower-box-price-value\">6.25<\/span> <span class=\"tower-box-price-period\">\/mes<\/span> <\/div>\n              <\/li>\n              <li><strong>Unlimited<\/strong> almacenamiento<\/li>\n              <li><strong>Unlimited<\/strong> banda ancha<\/li>\n              <li><strong>1<\/strong> dominio<\/li>\n              <li><strong>A diario<\/strong> Copias de seguridad<\/li>\n              <li><strong>24\/7\/365<\/strong> apoyo<\/li>\n              <li><strong>Prueba gratuita de 30 d\u00edas<\/strong><\/li>\n            <\/ul>\n            <div class=\"clear\"><\/div>\n            <div id=\"tower-box-bottom\">\n              <form class=\"pr_rp_sing_up_form\" action=\"https:\/\/sciservers.com\/es\/formulario-de-pedido\/get-shared-website-hosting\/?datacenter=london\" method=\"get\" data-trp-original-action=\"https:\/\/sciservers.com\/es\/formulario-de-pedido\/get-shared-website-hosting\/?datacenter=london\">\n\t\t<button type=\"submit\" class=\"rpwp-button tower-box-button colorize\"><span class=\"gloss\"><\/span>ordenar ahora<\/button>\n                <input name=\"datacenter\" type=\"hidden\" value=\"london\" \/>\n                <input name=\"plan\" type=\"hidden\" value=\"44029\" \/>\n              <input type=\"hidden\" name=\"trp-form-language\" value=\"es\"\/><\/form>\n            <\/div>\n          <\/div>\n        <\/div><\/td>\n      <td width=\"11\"><\/td>\n          <\/tr>\n  <\/table>\n  <br \/>\n \n  <div class=\"clear\"><\/div>\n\n  <br><br clear=\"all\">\n  <hr class=\"thin\">\n\n\n<\/div>","protected":false},"excerpt":{"rendered":"UK Shared Hosting With us, your visitors from the UK will enjoy much faster web site loading speeds. Just select the UK datacenter facility on the signup form and we'll set up your website hosting account in one of the most famous data centers in England. This will bring your website closer to your visitors,<span class=\"excerpt_more\"><a href=\"https:\/\/sciservers.com\/es\/alojamiento-de-sitios-web-compartido\/alojamiento-compartido-en-el-reino-unido\/\">[continue...]<\/a><\/span>","protected":false},"author":1,"featured_media":0,"parent":622,"menu_order":0,"comment_status":"closed","ping_status":"closed","template":"","meta":{"footnotes":""},"class_list":["post-689","page","type-page","status-publish","hentry"],"_links":{"self":[{"href":"https:\/\/sciservers.com\/es\/wp-json\/wp\/v2\/pages\/689","targetHints":{"allow":["GET"]}}],"collection":[{"href":"https:\/\/sciservers.com\/es\/wp-json\/wp\/v2\/pages"}],"about":[{"href":"https:\/\/sciservers.com\/es\/wp-json\/wp\/v2\/types\/page"}],"author":[{"embeddable":true,"href":"https:\/\/sciservers.com\/es\/wp-json\/wp\/v2\/users\/1"}],"replies":[{"embeddable":true,"href":"https:\/\/sciservers.com\/es\/wp-json\/wp\/v2\/comments?post=689"}],"version-history":[{"count":0,"href":"https:\/\/sciservers.com\/es\/wp-json\/wp\/v2\/pages\/689\/revisions"}],"up":[{"embeddable":true,"href":"https:\/\/sciservers.com\/es\/wp-json\/wp\/v2\/pages\/622"}],"wp:attachment":[{"href":"https:\/\/sciservers.com\/es\/wp-json\/wp\/v2\/media?parent=689"}],"curies":[{"name":"wp","href":"https:\/\/api.w.org\/{rel}","templated":true}]}}