{"id":690,"date":"2024-04-17T14:06:52","date_gmt":"2024-04-17T18:06:52","guid":{"rendered":"https:\/\/sciservers.com\/hosting_au_title\/"},"modified":"2024-04-17T14:06:58","modified_gmt":"2024-04-17T18:06:58","slug":"au-shared-hosting","status":"publish","type":"page","link":"https:\/\/sciservers.com\/es\/alojamiento-de-sitios-web-compartido\/es-hosting-compartido\/","title":{"rendered":"Alojamiento compartido de Australia"},"content":{"rendered":"<div class=\"dc-header-container\">\n  <div class=\"dc-information\">\n    <h1>Alojamiento compartido de Australia<\/h1>\n  \t<p>La ubicaci\u00f3n del centro de datos es tan importante para el rendimiento sin problemas de su sitio orientado a Australia como la presencia de suficientes recursos del sistema. Simplemente elija el paquete de alojamiento web que desee y luego seleccione el <a href=\"https:\/\/sciservers.com\/es\/centros-de-datos\/data-center-in-australia\/\">centro de datos australiano<\/a> en el men\u00fa desplegable y d\u00e9jenos todo lo dem\u00e1s a nosotros. Configuraremos tu <a href=\"https:\/\/sciservers.com\/es\/alojamiento-de-sitios-web-compartido\/\">alojamiento de p\u00e1ginas web<\/a> casi al instante y le brindar\u00e1 acceso r\u00e1pido a nuestro sistema de apuntar y hacer clic desarrollado internamente <a href=\"https:\/\/sciservers.com\/es\/the-hepsia-hosting-cp\/\">alojamiento web CP<\/a>. Al alojar su sitio cerca de sus visitantes de Australia y Ocean\u00eda, se asegura de que disfruten de velocidades de carga m\u00e1s r\u00e1pidas. Sin embargo, si no est\u00e1 satisfecho con las velocidades ofrecidas, puede utilizar nuestro MBG de 30 d\u00edas.<\/p>\n  <\/div>\n  <div class=\"dc-image\"><picture>\n\t\t\t\t<source srcset=\"https:\/\/sciservers.com\/wp-content\/themes\/pro-hosting\/images\/au-hosting.webp\" type=\"image\/webp\">\n\t\t\t\t<img loading=\"lazy\" decoding=\"async\" src=\"https:\/\/sciservers.com\/wp-content\/themes\/pro-hosting\/images\/au-hosting.png\"  alt=\"Alojamiento compartido de Australia\" title=\"Alojamiento compartido de Australia\" width=\"351\" height=\"222\">\n\t\t\t<\/picture>\n\t\t\n  <\/div>\n  <br clear=\"all\" \/>\n  <div class=\"dc-bottom-line\">&nbsp;<\/div>\n  \n\n  <h2>Planes de alojamiento compartido<\/h2>  <table class=\"short-compare\" align=\"center\" cellpadding=\"0\" cellspacing=\"0\" border=\"0\">\n    <tr>\n          <td><div id=\"tower-box\">\n                    <div id=\"tower-box-title\">\n            <h2>Regular<\/h2>\n          <\/div>\n          <div id=\"tower-box-content\">\n            <ul>\n              <li>\n                <div id=\"tower-box-price\"> <span class=\"tower-box-price-currency\">$<\/span> <span class=\"tower-box-price-value\">8.75<\/span> <span class=\"tower-box-price-period\">\/mes<\/span> <\/div>\n              <\/li>\n              <li><strong>Unlimited<\/strong> almacenamiento<\/li>\n              <li><strong>Unlimited<\/strong> banda ancha<\/li>\n              <li><strong>5<\/strong> dominios<\/li>\n              <li><strong>A diario<\/strong> Copias de seguridad<\/li>\n              <li><strong>24\/7\/365<\/strong> apoyo<\/li>\n              <li><strong>Prueba gratuita de 30 d\u00edas<\/strong><\/li>\n            <\/ul>\n            <div class=\"clear\"><\/div>\n            <div id=\"tower-box-bottom\">\n              <form class=\"pr_rp_sing_up_form\" action=\"https:\/\/sciservers.com\/es\/formulario-de-pedido\/get-shared-website-hosting\/?datacenter=sis_group\" method=\"get\" data-trp-original-action=\"https:\/\/sciservers.com\/es\/formulario-de-pedido\/get-shared-website-hosting\/?datacenter=sis_group\">\n\t\t<button type=\"submit\" class=\"rpwp-button tower-box-button colorize\"><span class=\"gloss\"><\/span>ordenar ahora<\/button>\n                <input name=\"datacenter\" type=\"hidden\" value=\"sis_group\" \/>\n                <input name=\"plan\" type=\"hidden\" value=\"1\" \/>\n              <input type=\"hidden\" name=\"trp-form-language\" value=\"es\"\/><\/form>\n            <\/div>\n          <\/div>\n        <\/div><\/td>\n      <td width=\"11\"><\/td>\n            <td><div id=\"tower-box\">\n                    <div id=\"tower-box-title\">\n            <h2>De lujo<\/h2>\n          <\/div>\n          <div id=\"tower-box-content\">\n            <ul>\n              <li>\n                <div id=\"tower-box-price\"> <span class=\"tower-box-price-currency\">$<\/span> <span class=\"tower-box-price-value\">17.08<\/span> <span class=\"tower-box-price-period\">\/mes<\/span> <\/div>\n              <\/li>\n              <li><strong>Unlimited<\/strong> almacenamiento<\/li>\n              <li><strong>Unlimited<\/strong> banda ancha<\/li>\n              <li><strong>Unlimited<\/strong> dominios<\/li>\n              <li><strong>A diario<\/strong> Copias de seguridad<\/li>\n              <li><strong>24\/7\/365<\/strong> apoyo<\/li>\n              <li><strong>Prueba gratuita de 30 d\u00edas<\/strong><\/li>\n            <\/ul>\n            <div class=\"clear\"><\/div>\n            <div id=\"tower-box-bottom\">\n              <form class=\"pr_rp_sing_up_form\" action=\"https:\/\/sciservers.com\/es\/formulario-de-pedido\/get-shared-website-hosting\/?datacenter=sis_group\" method=\"get\" data-trp-original-action=\"https:\/\/sciservers.com\/es\/formulario-de-pedido\/get-shared-website-hosting\/?datacenter=sis_group\">\n\t\t<button type=\"submit\" class=\"rpwp-button tower-box-button colorize\"><span class=\"gloss\"><\/span>ordenar ahora<\/button>\n                <input name=\"datacenter\" type=\"hidden\" value=\"sis_group\" \/>\n                <input name=\"plan\" type=\"hidden\" value=\"2\" \/>\n              <input type=\"hidden\" name=\"trp-form-language\" value=\"es\"\/><\/form>\n            <\/div>\n          <\/div>\n        <\/div><\/td>\n      <td width=\"11\"><\/td>\n            <td><div id=\"tower-box\">\n                    <div id=\"tower-box-title\">\n            <h2>\u00daltimo<\/h2>\n          <\/div>\n          <div id=\"tower-box-content\">\n            <ul>\n              <li>\n                <div id=\"tower-box-price\"> <span class=\"tower-box-price-currency\">$<\/span> <span class=\"tower-box-price-value\">21.25<\/span> <span class=\"tower-box-price-period\">\/mes<\/span> <\/div>\n              <\/li>\n              <li><strong>Unlimited<\/strong> almacenamiento<\/li>\n              <li><strong>Unlimited<\/strong> banda ancha<\/li>\n              <li><strong>Unlimited<\/strong> dominios<\/li>\n              <li><strong>A diario<\/strong> Copias de seguridad<\/li>\n              <li><strong>24\/7\/365<\/strong> apoyo<\/li>\n              <li><strong>Prueba gratuita de 30 d\u00edas<\/strong><\/li>\n            <\/ul>\n            <div class=\"clear\"><\/div>\n            <div id=\"tower-box-bottom\">\n              <form class=\"pr_rp_sing_up_form\" action=\"https:\/\/sciservers.com\/es\/formulario-de-pedido\/get-shared-website-hosting\/?datacenter=sis_group\" method=\"get\" data-trp-original-action=\"https:\/\/sciservers.com\/es\/formulario-de-pedido\/get-shared-website-hosting\/?datacenter=sis_group\">\n\t\t<button type=\"submit\" class=\"rpwp-button tower-box-button colorize\"><span class=\"gloss\"><\/span>ordenar ahora<\/button>\n                <input name=\"datacenter\" type=\"hidden\" value=\"sis_group\" \/>\n                <input name=\"plan\" type=\"hidden\" value=\"44\" \/>\n              <input type=\"hidden\" name=\"trp-form-language\" value=\"es\"\/><\/form>\n            <\/div>\n          <\/div>\n        <\/div><\/td>\n      <td width=\"11\"><\/td>\n            <td><div id=\"tower-box\">\n                    <div id=\"tower-box-title\">\n            <h2>Econom\u00eda<\/h2>\n          <\/div>\n          <div id=\"tower-box-content\">\n            <ul>\n              <li>\n                <div id=\"tower-box-price\"> <span class=\"tower-box-price-currency\">$<\/span> <span class=\"tower-box-price-value\">6.25<\/span> <span class=\"tower-box-price-period\">\/mes<\/span> <\/div>\n              <\/li>\n              <li><strong>Unlimited<\/strong> almacenamiento<\/li>\n              <li><strong>Unlimited<\/strong> banda ancha<\/li>\n              <li><strong>1<\/strong> dominio<\/li>\n              <li><strong>A diario<\/strong> Copias de seguridad<\/li>\n              <li><strong>24\/7\/365<\/strong> apoyo<\/li>\n              <li><strong>Prueba gratuita de 30 d\u00edas<\/strong><\/li>\n            <\/ul>\n            <div class=\"clear\"><\/div>\n            <div id=\"tower-box-bottom\">\n              <form class=\"pr_rp_sing_up_form\" action=\"https:\/\/sciservers.com\/es\/formulario-de-pedido\/get-shared-website-hosting\/?datacenter=sis_group\" method=\"get\" data-trp-original-action=\"https:\/\/sciservers.com\/es\/formulario-de-pedido\/get-shared-website-hosting\/?datacenter=sis_group\">\n\t\t<button type=\"submit\" class=\"rpwp-button tower-box-button colorize\"><span class=\"gloss\"><\/span>ordenar ahora<\/button>\n                <input name=\"datacenter\" type=\"hidden\" value=\"sis_group\" \/>\n                <input name=\"plan\" type=\"hidden\" value=\"44029\" \/>\n              <input type=\"hidden\" name=\"trp-form-language\" value=\"es\"\/><\/form>\n            <\/div>\n          <\/div>\n        <\/div><\/td>\n      <td width=\"11\"><\/td>\n          <\/tr>\n  <\/table>\n  <br \/>\n \n  <div class=\"clear\"><\/div>\n\n  <br><br clear=\"all\">\n  <hr class=\"thin\">\n\n\n\n<\/div>","protected":false},"excerpt":{"rendered":"AU Shared Hosting The datacenter location is as important to the unproblematic performance of your Australian-oriented site as the presence of sufficient system resources. Just pick your desired web hosting package, then select the Australian datacenter from the pull-down menu and leave everything else to us. We'll set up your website hosting almost instantly and<span class=\"excerpt_more\"><a href=\"https:\/\/sciservers.com\/es\/alojamiento-de-sitios-web-compartido\/es-hosting-compartido\/\">[continue...]<\/a><\/span>","protected":false},"author":1,"featured_media":0,"parent":622,"menu_order":0,"comment_status":"closed","ping_status":"closed","template":"","meta":{"footnotes":""},"class_list":["post-690","page","type-page","status-publish","hentry"],"_links":{"self":[{"href":"https:\/\/sciservers.com\/es\/wp-json\/wp\/v2\/pages\/690","targetHints":{"allow":["GET"]}}],"collection":[{"href":"https:\/\/sciservers.com\/es\/wp-json\/wp\/v2\/pages"}],"about":[{"href":"https:\/\/sciservers.com\/es\/wp-json\/wp\/v2\/types\/page"}],"author":[{"embeddable":true,"href":"https:\/\/sciservers.com\/es\/wp-json\/wp\/v2\/users\/1"}],"replies":[{"embeddable":true,"href":"https:\/\/sciservers.com\/es\/wp-json\/wp\/v2\/comments?post=690"}],"version-history":[{"count":0,"href":"https:\/\/sciservers.com\/es\/wp-json\/wp\/v2\/pages\/690\/revisions"}],"up":[{"embeddable":true,"href":"https:\/\/sciservers.com\/es\/wp-json\/wp\/v2\/pages\/622"}],"wp:attachment":[{"href":"https:\/\/sciservers.com\/es\/wp-json\/wp\/v2\/media?parent=690"}],"curies":[{"name":"wp","href":"https:\/\/api.w.org\/{rel}","templated":true}]}}