{"id":692,"date":"2024-04-17T14:06:52","date_gmt":"2024-04-17T18:06:52","guid":{"rendered":"https:\/\/sciservers.com\/vps_hosting_uk_title\/"},"modified":"2024-04-17T14:06:58","modified_gmt":"2024-04-17T18:06:58","slug":"uk-vps-hosting","status":"publish","type":"page","link":"https:\/\/sciservers.com\/es\/alojamiento-de-servidores-privados-virtuales-openvz\/alojamiento-vps-del-reino-unido\/","title":{"rendered":"Alojamiento VPS en el Reino Unido"},"content":{"rendered":"<div class=\"dc-header-container\">\n  <div class=\"dc-information\">\n    <h1>Alojamiento VPS en el Reino Unido<\/h1>\n  \t<p>La ubicaci\u00f3n de las instalaciones del centro de datos ejerce una influencia sustancial en el rendimiento de su sitio web. Por lo tanto, si sus visitantes vienen de Gran Breta\u00f1a o de otro pa\u00eds europeo, elegir un <a href=\"https:\/\/sciservers.com\/es\/centros-de-datos\/centro-de-datos-en-reino-unido\/\">centro de datos del Reino Unido<\/a> para su servidor virtual puede aumentar sustancialmente la velocidad de carga de su sitio web. Con nosotros podr\u00e1s alojar tu <a href=\"https:\/\/sciservers.com\/es\/alojamiento-de-servidores-privados-virtuales-openvz\/\">VPS<\/a> en uno de los centros de datos m\u00e1s grandes del Reino Unido, situado a pocos kil\u00f3metros al oeste de Coventry. Todos nuestros planes de alojamiento VPS OpenVZ cuentan con un panel de administraci\u00f3n y herramientas gratuitas de alojamiento web para revendedores. Adem\u00e1s de eso, puedes elegir entre varios sistemas operativos.<\/p>\n  <\/div>\n  <div class=\"dc-image\"><picture>\n\t\t\t\t<source srcset=\"https:\/\/sciservers.com\/wp-content\/themes\/pro-hosting\/images\/vps-hosting-uk.webp\" type=\"image\/webp\">\n\t\t\t\t<img loading=\"lazy\" decoding=\"async\" src=\"https:\/\/sciservers.com\/wp-content\/themes\/pro-hosting\/images\/vps-hosting-uk.png\"  alt=\"Alojamiento VPS en el Reino Unido\" title=\"Alojamiento VPS en el Reino Unido\" width=\"351\" height=\"222\">\n\t\t\t<\/picture>\n\t\t\n  <\/div>\n  <br clear=\"all\" \/>\n  <div class=\"dc-bottom-line\">&nbsp;<\/div>\n  \n\n  <h2>Planes VPS OpenVZ<\/h2>  <table align=\"center\" cellpadding=\"0\" cellspacing=\"0\" border=\"0\">\n    <tr>\n          <td><div id=\"tower-box\">\n                    <div id=\"tower-box-title\">\n            <h2>Virtua-4<\/h2>\n          <\/div>\n          <div id=\"tower-box-content\">\n            <ul>\n              <li>\n\t\t\t\t<div id=\"tower-box-price\">\n\t\t\t\t\t\t<span class=\"tower-box-price-currency\">$<\/span> <span class=\"tower-box-price-value\">17.00<\/span> <span class=\"tower-box-price-period\">\/mes<\/span>\n\t\t\t\t\t<\/div>\n              <\/li>\n\t\t\t  <li><strong>2<\/strong> N\u00facleos<\/li>\n              <li><strong>4 GB<\/strong> RAM<\/li>\n              <li><strong>80GB<\/strong> Data Storage<\/li>\n              <li><strong>3 TB<\/strong> Transferencia de datos<\/li>\n              <li>Acceso completo a la ra\u00edz<\/li>\n            <\/ul>\n            <div class=\"clear\"><\/div>\n            <div id=\"tower-box-bottom\">\n              <form class=\"pr_rp_sing_up_form\" action=\"https:\/\/sciservers.com\/es\/formulario-de-pedido\/get-openvz-vps-plans\/?datacenter=london\" method=\"get\" data-trp-original-action=\"https:\/\/sciservers.com\/es\/formulario-de-pedido\/get-openvz-vps-plans\/?datacenter=london\">\n\t\t<button type=\"submit\" class=\"rpwp-button tower-box-button colorize\"><span class=\"gloss\"><\/span>ordenar ahora<\/button>\t\t\n                <input name=\"datacenter\" type=\"hidden\" value=\"london\" \/>\n                <input name=\"plan\" type=\"hidden\" value=\"65705\" \/>\n              <input type=\"hidden\" name=\"trp-form-language\" value=\"es\"\/><\/form>\n\t            <\/div>\n          <\/div>\n        <\/div><\/td>\n      <td width=\"11\"><\/td>\n            <td><div id=\"tower-box\">\n                    <div id=\"tower-box-title\">\n            <h2>Virtua-8<\/h2>\n          <\/div>\n          <div id=\"tower-box-content\">\n            <ul>\n              <li>\n\t\t\t\t<div id=\"tower-box-price\">\n\t\t\t\t\t\t<span class=\"tower-box-price-currency\">$<\/span> <span class=\"tower-box-price-value\">40.00<\/span> <span class=\"tower-box-price-period\">\/mes<\/span>\n\t\t\t\t\t<\/div>\n              <\/li>\n\t\t\t  <li><strong>4<\/strong> N\u00facleos<\/li>\n              <li><strong>8GB<\/strong> RAM<\/li>\n              <li><strong>160GB<\/strong> Data Storage<\/li>\n              <li><strong>5 TB<\/strong> Transferencia de datos<\/li>\n              <li>Acceso completo a la ra\u00edz<\/li>\n            <\/ul>\n            <div class=\"clear\"><\/div>\n            <div id=\"tower-box-bottom\">\n              <form class=\"pr_rp_sing_up_form\" action=\"https:\/\/sciservers.com\/es\/formulario-de-pedido\/get-openvz-vps-plans\/?datacenter=london\" method=\"get\" data-trp-original-action=\"https:\/\/sciservers.com\/es\/formulario-de-pedido\/get-openvz-vps-plans\/?datacenter=london\">\n\t\t<button type=\"submit\" class=\"rpwp-button tower-box-button colorize\"><span class=\"gloss\"><\/span>ordenar ahora<\/button>\t\t\n                <input name=\"datacenter\" type=\"hidden\" value=\"london\" \/>\n                <input name=\"plan\" type=\"hidden\" value=\"65706\" \/>\n              <input type=\"hidden\" name=\"trp-form-language\" value=\"es\"\/><\/form>\n\t            <\/div>\n          <\/div>\n        <\/div><\/td>\n      <td width=\"11\"><\/td>\n            <td><div id=\"tower-box\">\n                    <div id=\"tower-box-title\">\n            <h2>Virtua-16<\/h2>\n          <\/div>\n          <div id=\"tower-box-content\">\n            <ul>\n              <li>\n\t\t\t\t<div id=\"tower-box-price\">\n\t\t\t\t\t\t<span class=\"tower-box-price-currency\">$<\/span> <span class=\"tower-box-price-value\">68.00<\/span> <span class=\"tower-box-price-period\">\/mes<\/span>\n\t\t\t\t\t<\/div>\n              <\/li>\n\t\t\t  <li><strong>8<\/strong> N\u00facleos<\/li>\n              <li><strong>16 GB<\/strong> RAM<\/li>\n              <li><strong>320GB<\/strong> Data Storage<\/li>\n              <li><strong>6 TB<\/strong> Transferencia de datos<\/li>\n              <li>Acceso completo a la ra\u00edz<\/li>\n            <\/ul>\n            <div class=\"clear\"><\/div>\n            <div id=\"tower-box-bottom\">\n              <form class=\"pr_rp_sing_up_form\" action=\"https:\/\/sciservers.com\/es\/formulario-de-pedido\/get-openvz-vps-plans\/?datacenter=london\" method=\"get\" data-trp-original-action=\"https:\/\/sciservers.com\/es\/formulario-de-pedido\/get-openvz-vps-plans\/?datacenter=london\">\n\t\t<button type=\"submit\" class=\"rpwp-button tower-box-button colorize\"><span class=\"gloss\"><\/span>ordenar ahora<\/button>\t\t\n                <input name=\"datacenter\" type=\"hidden\" value=\"london\" \/>\n                <input name=\"plan\" type=\"hidden\" value=\"65707\" \/>\n              <input type=\"hidden\" name=\"trp-form-language\" value=\"es\"\/><\/form>\n\t            <\/div>\n          <\/div>\n        <\/div><\/td>\n      <td width=\"11\"><\/td>\n            <td> <div id=\"compare-box\">\n            <div id=\"compare-box-title\">\n              <h2>Planes VPS OpenVZ<\/h2>\n            <\/div>\n            <div id=\"compare-box-content\">\n              <ul>\n                <li>\n                  <div id=\"compare-box-text\">\nTenemos m\u00e1s servidores virtuales OpenVZ disponibles: encuentre el adecuado para usted.\n<\/div>\n                <\/li>\n                <li>\t\t\t\t\t<picture>\n\t\t\t\t<source srcset=\"https:\/\/sciservers.com\/wp-content\/themes\/pro-hosting\/images\/header_vps_openvz-img.webp\" type=\"image\/webp\">\n\t\t\t\t<img decoding=\"async\" src=\"https:\/\/sciservers.com\/wp-content\/themes\/pro-hosting\/images\/header_vps_openvz-img.jpg\"  alt=\"VPS OpenVZ\" title=\"VPS OpenVZ\" width=\"181\">\n\t\t\t<\/picture>                <\/li>\n              <\/ul>\n              <div class=\"clear\"><\/div>\n              <div id=\"compare-box-bottom\">\n                <form class=\"pr_rp_sing_up_form\" action=\"https:\/\/sciservers.com\/es\/servidores-privados-virtuales-openvz\/\" method=\"post\" data-trp-original-action=\"https:\/\/sciservers.com\/es\/servidores-privados-virtuales-openvz\/\">\n                  <button type=\"submit\" class=\"rpwp-button compare-box-button colorize-2\"><span class=\"gloss\"><\/span>Comparar planes<\/button>\n                <input type=\"hidden\" name=\"trp-form-language\" value=\"es\"\/><\/form>\n              <\/div>\n            <\/div>\n          <\/div><\/td>\n    <\/tr>\n  <\/table>\n  <br \/>\n \n  <div class=\"clear\"><\/div>\n\n  <br><br clear=\"all\">\n  <hr class=\"thin\">\n\n\n\n\n<\/div>","protected":false},"excerpt":{"rendered":"UK VPS Hosting The data center facility location exerts a substantial influence on the performance of your web site. So, if your visitors come from Britain or from another European country, picking a UK datacenter for your virtual server can boost the loading speed of your website substantially. With us, you can host your VPS<span class=\"excerpt_more\"><a href=\"https:\/\/sciservers.com\/es\/alojamiento-de-servidores-privados-virtuales-openvz\/alojamiento-vps-del-reino-unido\/\">[continue...]<\/a><\/span>","protected":false},"author":1,"featured_media":0,"parent":625,"menu_order":0,"comment_status":"closed","ping_status":"closed","template":"","meta":{"footnotes":""},"class_list":["post-692","page","type-page","status-publish","hentry"],"_links":{"self":[{"href":"https:\/\/sciservers.com\/es\/wp-json\/wp\/v2\/pages\/692","targetHints":{"allow":["GET"]}}],"collection":[{"href":"https:\/\/sciservers.com\/es\/wp-json\/wp\/v2\/pages"}],"about":[{"href":"https:\/\/sciservers.com\/es\/wp-json\/wp\/v2\/types\/page"}],"author":[{"embeddable":true,"href":"https:\/\/sciservers.com\/es\/wp-json\/wp\/v2\/users\/1"}],"replies":[{"embeddable":true,"href":"https:\/\/sciservers.com\/es\/wp-json\/wp\/v2\/comments?post=692"}],"version-history":[{"count":0,"href":"https:\/\/sciservers.com\/es\/wp-json\/wp\/v2\/pages\/692\/revisions"}],"up":[{"embeddable":true,"href":"https:\/\/sciservers.com\/es\/wp-json\/wp\/v2\/pages\/625"}],"wp:attachment":[{"href":"https:\/\/sciservers.com\/es\/wp-json\/wp\/v2\/media?parent=692"}],"curies":[{"name":"wp","href":"https:\/\/api.w.org\/{rel}","templated":true}]}}