{"id":698,"date":"2024-04-17T14:06:52","date_gmt":"2024-04-17T18:06:52","guid":{"rendered":"https:\/\/sciservers.com\/application_installer_1_title\/"},"modified":"2024-04-17T14:06:59","modified_gmt":"2024-04-17T18:06:59","slug":"applications-installer","status":"publish","type":"page","link":"https:\/\/sciservers.com\/es\/the-hepsia-hosting-cp\/instalador-de-aplicaciones\/","title":{"rendered":"Instalador de aplicaciones"},"content":{"rendered":"<div class=\"dc-header-container\">\n  <div class=\"dc-information\">\n    <h1>Instalador de aplicaciones<\/h1>\n  \t<p><p>Cada uno de nuestros <a href=\"https:\/\/sciservers.com\/es\/alojamiento-de-sitios-web-compartido\/\">alojamiento compartido<\/a> Los planes vienen con una herramienta gratuita de instalaci\u00f3n de aplicaciones con un solo clic, integrada en el Panel de control de Hepsia, que puede utilizar para instalar varias aplicaciones PHP populares. Es muy f\u00e1cil de usar: puede iniciar su blog en l\u00ednea, foro de discusi\u00f3n, sitio web con CMS, galer\u00eda de fotos en l\u00ednea o tienda en l\u00ednea con solo un clic y no necesita tener ning\u00fan conocimiento t\u00e9cnico.<\/p>\n\n\n<p>El instalador gratuito de aplicaciones web con un solo clic puede ahorrarle no s\u00f3lo tiempo, sino tambi\u00e9n dinero. Contratar a un webmaster para que le instale un script PHP popular le costar\u00e1 dinero. Con nosotros, puedes instalar tantas aplicaciones PHP como quieras sin pagar un solo centavo.<\/p><\/p>\n  \t<div align=\"right\"><a class=\"rpwp-button colorize rpwp-btn\" href=\"https:\/\/demo.hepsia.com\/installer\/software\/?auto_login=true\">VER DEMOSTRACI\u00d3N<\/a><\/div>\n  <\/div>\n  <div class=\"dc-image\">\n\t<picture>\n\t\t\t\t<source srcset=\"https:\/\/sciservers.com\/wp-content\/themes\/pro-hosting\/images\/app-installation-in-1-click.webp\" type=\"image\/webp\">\n\t\t\t\t<img loading=\"lazy\" decoding=\"async\" src=\"https:\/\/sciservers.com\/wp-content\/themes\/pro-hosting\/images\/app-installation-in-1-click.jpg\"  alt=\"Instalador de aplicaciones\" title=\"Instalador de aplicaciones\" width=\"351\" height=\"222\">\n\t\t\t<\/picture>\n  <\/div>\n  <br clear=\"all\" \/>\n  <div class=\"dc-bottom-line\">&nbsp;<\/div>\n  <br>\n  <!-- App -->\n  <div class=\"app-preview-left\">\n\t<picture>\n\t\t\t\t<source srcset=\"https:\/\/sciservers.com\/wp-content\/themes\/pro-hosting\/images\/1-click-app-wordpress.webp\" type=\"image\/webp\">\n\t\t\t\t<img loading=\"lazy\" decoding=\"async\" src=\"https:\/\/sciservers.com\/wp-content\/themes\/pro-hosting\/images\/1-click-app-wordpress.png\"  alt=\"WordPress\" title=\"WordPress\" width=\"460\" height=\"386\">\n\t\t\t<\/picture>\n  <\/div>\n  <div class=\"app-text-right\">\n      <h3><a href=\"https:\/\/sciservers.com\/es\/wordpress-hosting\/\">WordPress<\/a><\/h3>  \n      <p>La plataforma de publicaci\u00f3n de blogs m\u00e1s famosa del mundo viene preactivada y preconfigurada con cada plan de alojamiento de sitios web.<\/p>\n      <p><strong><a href=\"http:\/\/www.elefanteinstaller.com\/demo\/?script=wordpress\" target=\"_blank\" rel=\"noopener\">Ver demostraci\u00f3n<\/a> &nbsp; | &nbsp; <a href=\"#\">Instalaci\u00f3n gratuita<\/a><\/strong><\/p>\n  <\/div> \n  <div class=\"clear\"><\/div>\n  <br \/>\n  <!-- App -->\n  <div class=\"app-preview-right\">\n\t<picture>\n\t\t\t\t<source srcset=\"https:\/\/sciservers.com\/wp-content\/themes\/pro-hosting\/images\/1-click-app-prestashop.webp\" type=\"image\/webp\">\n\t\t\t\t<img loading=\"lazy\" decoding=\"async\" src=\"https:\/\/sciservers.com\/wp-content\/themes\/pro-hosting\/images\/1-click-app-prestashop.png\"  alt=\"PrestaShop\" title=\"PrestaShop\" width=\"460\" height=\"386\">\n\t\t\t<\/picture>\n  <\/div>\n  <div class=\"app-text-left\">\n      <h3><a href=\"https:\/\/sciservers.com\/es\/prestashop-web-hosting\/\">PrestaShop<\/a><\/h3>  \n      <p>Una herramienta innovadora para configurar tiendas electr\u00f3nicas, con m\u00e1s de doscientas setenta y cinco funciones integradas \u00fatiles.<\/p>\n      <p class=\"tar\"><strong><a href=\"http:\/\/www.elefanteinstaller.com\/demo\/?script=prestashop\" target=\"_blank\" rel=\"noopener\">Ver demostraci\u00f3n<\/a> &nbsp; | &nbsp; <a href=\"#\">Instalaci\u00f3n gratuita<\/a><\/strong><\/p>\n  <\/div> \n  <div class=\"clear\"><\/div>\n  <br \/>\n  <!-- App -->\n  <div class=\"app-preview-left\">\n\t<picture>\n\t\t\t\t<source srcset=\"https:\/\/sciservers.com\/wp-content\/themes\/pro-hosting\/images\/1-click-app-opencart.webp\" type=\"image\/webp\">\n\t\t\t\t<img loading=\"lazy\" decoding=\"async\" src=\"https:\/\/sciservers.com\/wp-content\/themes\/pro-hosting\/images\/1-click-app-opencart.png\"  alt=\"Carrito abierto\" title=\"Carrito abierto\" width=\"460\" height=\"386\">\n\t\t\t<\/picture>\n  <\/div>\n  <div class=\"app-text-right\">\n      <h3><a href=\"https:\/\/sciservers.com\/es\/opencart-hosting\/\">Carrito abierto<\/a><\/h3>  \n      <p>Tienda online llave en mano. Con una multitud de temas de sitios web disponibles, puede iniciar r\u00e1pidamente su tienda electr\u00f3nica.<\/p>\n      <p><strong><a href=\"http:\/\/www.elefanteinstaller.com\/demo\/?script=opencart\" target=\"_blank\" rel=\"noopener\">Ver demostraci\u00f3n<\/a> &nbsp; | &nbsp; <a href=\"#\">Instalaci\u00f3n gratuita<\/a><\/strong><\/p>\n  <\/div> \n  <div class=\"clear\"><\/div>\n  <br \/>\n  <!-- App -->\n  <div class=\"app-preview-right\">\n\t<picture>\n\t\t\t\t<source srcset=\"https:\/\/sciservers.com\/wp-content\/themes\/pro-hosting\/images\/1-click-app-joomla.webp\" type=\"image\/webp\">\n\t\t\t\t<img loading=\"lazy\" decoding=\"async\" src=\"https:\/\/sciservers.com\/wp-content\/themes\/pro-hosting\/images\/1-click-app-joomla.png\"  alt=\"Joomla!\" title=\"Joomla!\" width=\"460\" height=\"386\">\n\t\t\t<\/picture>\n  <\/div>\n  <div class=\"app-text-left\">\n      <h3><a href=\"https:\/\/sciservers.com\/es\/alojamiento-web-joomla\/\">Joomla!<\/a><\/h3>  \n      <p>Una aplicaci\u00f3n de gesti\u00f3n de contenidos de c\u00f3digo abierto rica en funciones con \u00e9nfasis en la est\u00e9tica y la utilidad.<\/p>\n      <p class=\"tar\"><strong><a href=\"http:\/\/www.elefanteinstaller.com\/demo\/?script=joomla17\" target=\"_blank\" rel=\"noopener\">Ver demostraci\u00f3n<\/a> &nbsp; | &nbsp; <a href=\"#\">Instalaci\u00f3n gratuita<\/a><\/strong><\/p>\n  <\/div> \n  <div class=\"clear\"><\/div>\n  <br \/>\n  <!-- App -->\n  <div class=\"app-preview-left\">\n\t<picture>\n\t\t\t\t<source srcset=\"https:\/\/sciservers.com\/wp-content\/themes\/pro-hosting\/images\/1-click-app-drupal.webp\" type=\"image\/webp\">\n\t\t\t\t<img loading=\"lazy\" decoding=\"async\" src=\"https:\/\/sciservers.com\/wp-content\/themes\/pro-hosting\/images\/1-click-app-drupal.png\"  alt=\"drupal\" title=\"drupal\" width=\"460\" height=\"386\">\n\t\t\t<\/picture>\n  <\/div>\n  <div class=\"app-text-right\">\n      <h3><a href=\"https:\/\/sciservers.com\/es\/drupal-hosting\/\">drupal<\/a><\/h3>  \n      <p>Un famoso sistema de gesti\u00f3n de contenidos con m\u00faltiples complementos y una comunidad muy entusiasta.<\/p>\n      <p><strong><a href=\"http:\/\/www.elefanteinstaller.com\/demo\/?script=drupal\" target=\"_blank\" rel=\"noopener\">Ver demostraci\u00f3n<\/a> &nbsp; | &nbsp; <a href=\"#\">Instalaci\u00f3n gratuita<\/a><\/strong><\/p>\n  <\/div> \n  <div class=\"clear\"><\/div>\n  <br \/>\n  <!-- App -->\n  <div class=\"app-preview-right\">\n\t<picture>\n\t\t\t\t<source srcset=\"https:\/\/sciservers.com\/wp-content\/themes\/pro-hosting\/images\/1-click-app-moodle.webp\" type=\"image\/webp\">\n\t\t\t\t<img loading=\"lazy\" decoding=\"async\" src=\"https:\/\/sciservers.com\/wp-content\/themes\/pro-hosting\/images\/1-click-app-moodle.png\"  alt=\"Moodle\" title=\"Moodle\" width=\"460\" height=\"386\">\n\t\t\t<\/picture>\n  <\/div>\n  <div class=\"app-text-left\">\n      <h3><a href=\"https:\/\/sciservers.com\/es\/alojamiento-web-de-ensenanza-electronica\/\">Moodle<\/a><\/h3>  \n      <p>Un sistema de gesti\u00f3n de cursos gratuito, excelente para pedagogos. Permite a cualquiera crear un sitio web de ense\u00f1anza en l\u00ednea.<\/p>\n      <p class=\"tar\"><strong><a href=\"http:\/\/www.elefanteinstaller.com\/demo\/?script=moodle\" target=\"_blank\" rel=\"noopener\">Ver demostraci\u00f3n<\/a> &nbsp; | &nbsp; <a href=\"#\">Instalaci\u00f3n gratuita<\/a><\/strong><\/p>\n  <\/div> \n  <div class=\"clear\"><\/div>\n  <br \/>\n  <!-- App -->\n  <div class=\"app-preview-left\">\n\t<picture>\n\t\t\t\t<source srcset=\"https:\/\/sciservers.com\/wp-content\/themes\/pro-hosting\/images\/1-click-app-vtiger.webp\" type=\"image\/webp\">\n\t\t\t\t<img loading=\"lazy\" decoding=\"async\" src=\"https:\/\/sciservers.com\/wp-content\/themes\/pro-hosting\/images\/1-click-app-vtiger.png\"  alt=\"vtigre\" title=\"vtigre\" width=\"460\" height=\"386\">\n\t\t\t<\/picture>\n  <\/div>\n  <div class=\"app-text-right\">\n      <h3><a href=\"https:\/\/sciservers.com\/es\/alojamiento-web-vtiger\/\">vtigre<\/a><\/h3>  \n      <p>Una potente plataforma CRM que puede ayudarle a aumentar sus ventas y ampliar su alcance en el mercado.<\/p>\n      <p><strong><a href=\"http:\/\/www.elefanteinstaller.com\/demo\/?script=vtigercrm\" target=\"_blank\" rel=\"noopener\">Ver demostraci\u00f3n<\/a> &nbsp; | &nbsp; <a href=\"#\">Instalaci\u00f3n gratuita<\/a><\/strong><\/p>\n  <\/div> \n  <div class=\"clear\"><\/div>\n  <br \/>\n  <!-- App -->\n  <div class=\"app-preview-right\">\n\t<picture>\n\t\t\t\t<source srcset=\"https:\/\/sciservers.com\/wp-content\/themes\/pro-hosting\/images\/1-click-app-openrealty.webp\" type=\"image\/webp\">\n\t\t\t\t<img loading=\"lazy\" decoding=\"async\" src=\"https:\/\/sciservers.com\/wp-content\/themes\/pro-hosting\/images\/1-click-app-openrealty.png\"  alt=\"Bienes Ra\u00edces Abiertos\" title=\"Bienes Ra\u00edces Abiertos\" width=\"460\" height=\"386\">\n\t\t\t<\/picture>\n  <\/div>\n  <div class=\"app-text-left\">\n      <h3><a href=\"https:\/\/sciservers.com\/es\/alojamiento-de-bienes-raices-abierto\/\">Bienes Ra\u00edces Abiertos<sup>&#174;<\/sup><\/a><\/h3>  \n      <p>La aplicaci\u00f3n web m\u00e1s popular para administrar sitios web inmobiliarios, respaldada por una gran y dedicada comunidad de usuarios.<\/p>\n      <p class=\"tar\"><strong><a href=\"http:\/\/www.elefanteinstaller.com\/demo\/?script=open-realty\" target=\"_blank\" rel=\"noopener\">Ver demostraci\u00f3n<\/a> &nbsp; | &nbsp; <a href=\"#\">Instalaci\u00f3n gratuita<\/a><\/strong><\/p>\n  <\/div> \n  <div class=\"clear\"><\/div>\n  <!-- App -->\n\t    <table id=\"rp_presentation\">\n    <tr class=\"rp_pr_plan_header\">\n          <td class=\"rp_pr_plan first-plan\">\n\t  ALOJAMIENTO COMPARTIDO      <\/td>\n          <td class=\"rp_pr_plan\">\n\t  VPS KVM      <\/td>\n          <td class=\"rp_pr_plan\">\n\t  VPS OPENVZ      <\/td>\n          <td class=\"rp_pr_plan\">\n\t  PLANES SEMIDEDICADOS      <\/td>\n          <td class=\"rp_pr_plan\">\n\t  SERVIDORES DEDICADOS      <\/td>\n        <\/tr>\n    <tr class=\"rp_pr_feature_header\">\n          <td class=\"rp_pr_plan first-plan\"><\/td>\n          <td class=\"rp_pr_plan\"><\/td>\n          <td class=\"rp_pr_plan\"><\/td>\n          <td class=\"rp_pr_plan\"><\/td>\n          <td class=\"rp_pr_plan\"><\/td>\n        <\/tr>\n    <tr class=\"rp_pr_features\">\n          <td class=\"rp_pr_plan first-plan\">\n      <strong>Unlimited<\/strong> almacenamiento\n      <\/td>\n          <td class=\"rp_pr_plan\">\n      <strong>80GB<\/strong> almacenamiento\n      <\/td>\n          <td class=\"rp_pr_plan\">\n      <strong>80GB<\/strong> almacenamiento\n      <\/td>\n          <td class=\"rp_pr_plan\">\n      <strong>Unlimited<\/strong> almacenamiento\n      <\/td>\n          <td class=\"rp_pr_plan\">\n      <strong>480GB<\/strong> almacenamiento\n      <\/td>\n        <\/tr>\n    <tr class=\"rp_pr_features\">\n          <td class=\"rp_pr_plan first-plan\">\n      <strong>Unlimited<\/strong> banda ancha\n      <\/td>\n          <td class=\"rp_pr_plan\">\n      <strong>4 TB<\/strong> banda ancha\n      <\/td>\n          <td class=\"rp_pr_plan\">\n      <strong>3 TB<\/strong> banda ancha\n      <\/td>\n          <td class=\"rp_pr_plan\">\n      <strong>Unlimited<\/strong> banda ancha\n      <\/td>\n          <td class=\"rp_pr_plan\">\n      <strong>10 TB<\/strong> banda ancha\n      <\/td>\n        <\/tr>\n    <tr class=\"rp_pr_features\">\n          <td class=\"rp_pr_plan first-plan\">\n        <strong>1<\/strong> sitio web alojado      <\/td>\n          <td class=\"rp_pr_plan\">\n        <strong>Unlimited<\/strong> sitios web alojados      <\/td>\n          <td class=\"rp_pr_plan\">\n        <strong>Unlimited<\/strong> sitios web alojados      <\/td>\n          <td class=\"rp_pr_plan\">\n        <strong>Unlimited<\/strong> sitios web alojados      <\/td>\n          <td class=\"rp_pr_plan\">\n        <strong>Unlimited<\/strong> sitios web alojados      <\/td>\n        <\/tr>\n    <tr class=\"rp_pr_features\">\n          <td class=\"rp_pr_plan first-plan\">\n      <strong>Prueba gratuita de 30 d\u00edas<\/strong>      <\/td>\n          <td class=\"rp_pr_plan\">\n      <strong>24\/7\/365<\/strong> apoyo      <\/td>\n          <td class=\"rp_pr_plan\">\n      <strong>24\/7\/365<\/strong> apoyo      <\/td>\n          <td class=\"rp_pr_plan\">\n      <strong>Prueba gratuita de 30 d\u00edas<\/strong>      <\/td>\n          <td class=\"rp_pr_plan\">\n      <strong>24\/7\/365<\/strong> apoyo      <\/td>\n        <\/tr>\n    <tr class=\"rp_pr_features rp_pr_features_price\">\n          <td class=\"rp_pr_plan first-plan\">\n\t\t\t<small>empezar desde<\/small> <span class=\"currency\">$<\/span><span>6.25<\/span>\/mes\n      <\/td>\n          <td class=\"rp_pr_plan\">\n\t\t\t<small>empezar desde<\/small> <span class=\"currency\">$<\/span><span>24.00<\/span>\/mes\n      <\/td>\n          <td class=\"rp_pr_plan\">\n\t\t\t<small>empezar desde<\/small> <span class=\"currency\">$<\/span><span>17.00<\/span>\/mes\n      <\/td>\n          <td class=\"rp_pr_plan\">\n\t\t\t<small>empezar desde<\/small> <span class=\"currency\">$<\/span><span>40.00<\/span>\/mes\n      <\/td>\n          <td class=\"rp_pr_plan\">\n\t\t\t<small>empezar desde<\/small> <span class=\"currency\">$<\/span><span>63.00<\/span>\/mes\n      <\/td>\n        <\/tr>\n    <tr class=\"rp_pr_signup\">\n          <td class=\"rp_pr_plan first-plan\">\n      <form class=\"pr_rp_sing_up_form\" action=\"https:\/\/sciservers.com\/es\/formulario-de-pedido\/\" method=\"get\" data-trp-original-action=\"https:\/\/sciservers.com\/es\/formulario-de-pedido\/\">\n\t\t        <button type=\"submit\" class=\"rpwp-button colorize\"><span class=\"gloss\"><\/span>ordenar ahora<\/button>\n                        <input name=\"plan\" type=\"hidden\" value=\"44029\" \/>\n         <input type=\"hidden\" name=\"trp-form-language\" value=\"es\"\/><\/form>\n      <\/td>\n          <td class=\"rp_pr_plan\">\n      <form class=\"pr_rp_sing_up_form\" action=\"https:\/\/sciservers.com\/es\/formulario-de-pedido\/\" method=\"get\" data-trp-original-action=\"https:\/\/sciservers.com\/es\/formulario-de-pedido\/\">\n\t\t        <button type=\"submit\" class=\"rpwp-button colorize\"><span class=\"gloss\"><\/span>ordenar ahora<\/button>\n                        <input name=\"plan\" type=\"hidden\" value=\"59974\" \/>\n         <input type=\"hidden\" name=\"trp-form-language\" value=\"es\"\/><\/form>\n      <\/td>\n          <td class=\"rp_pr_plan\">\n      <form class=\"pr_rp_sing_up_form\" action=\"https:\/\/sciservers.com\/es\/formulario-de-pedido\/\" method=\"get\" data-trp-original-action=\"https:\/\/sciservers.com\/es\/formulario-de-pedido\/\">\n\t\t        <button type=\"submit\" class=\"rpwp-button colorize\"><span class=\"gloss\"><\/span>ordenar ahora<\/button>\n                        <input name=\"plan\" type=\"hidden\" value=\"65705\" \/>\n         <input type=\"hidden\" name=\"trp-form-language\" value=\"es\"\/><\/form>\n      <\/td>\n          <td class=\"rp_pr_plan\">\n      <form class=\"pr_rp_sing_up_form\" action=\"https:\/\/sciservers.com\/es\/formulario-de-pedido\/\" method=\"get\" data-trp-original-action=\"https:\/\/sciservers.com\/es\/formulario-de-pedido\/\">\n\t\t        <button type=\"submit\" class=\"rpwp-button colorize\"><span class=\"gloss\"><\/span>ordenar ahora<\/button>\n                        <input name=\"plan\" type=\"hidden\" value=\"36905\" \/>\n         <input type=\"hidden\" name=\"trp-form-language\" value=\"es\"\/><\/form>\n      <\/td>\n          <td class=\"rp_pr_plan\">\n      <form class=\"pr_rp_sing_up_form\" action=\"https:\/\/sciservers.com\/es\/formulario-de-pedido\/\" method=\"get\" data-trp-original-action=\"https:\/\/sciservers.com\/es\/formulario-de-pedido\/\">\n\t\t        <button type=\"submit\" class=\"rpwp-button colorize\"><span class=\"gloss\"><\/span>ordenar ahora<\/button>\n                        <input name=\"plan\" type=\"hidden\" value=\"60551\" \/>\n         <input type=\"hidden\" name=\"trp-form-language\" value=\"es\"\/><\/form>\n      <\/td>\n        <\/tr>\n    <tr class=\"rp_pr_end\">\n          <td class=\"rp_pr_plan first-plan\">&nbsp;<\/td>\n          <td class=\"rp_pr_plan\">&nbsp;<\/td>\n          <td class=\"rp_pr_plan\">&nbsp;<\/td>\n          <td class=\"rp_pr_plan\">&nbsp;<\/td>\n          <td class=\"rp_pr_plan\">&nbsp;<\/td>\n        <\/tr>\n  <\/table>\n \n\n<\/div>","protected":false},"excerpt":{"rendered":"Applications Installer Each of our shared hosting plans comes with a free-of-cost, Hepsia Control Panel-integrated, one-click Applications Installer tool, which you can use to install various popular PHP apps. It is very easy to use - you can launch your online blog, discussion board, CMS-powered web site, online photo gallery or online store with just<span class=\"excerpt_more\"><a href=\"https:\/\/sciservers.com\/es\/the-hepsia-hosting-cp\/instalador-de-aplicaciones\/\">[continue...]<\/a><\/span>","protected":false},"author":1,"featured_media":0,"parent":675,"menu_order":0,"comment_status":"closed","ping_status":"closed","template":"","meta":{"footnotes":""},"class_list":["post-698","page","type-page","status-publish","hentry"],"_links":{"self":[{"href":"https:\/\/sciservers.com\/es\/wp-json\/wp\/v2\/pages\/698","targetHints":{"allow":["GET"]}}],"collection":[{"href":"https:\/\/sciservers.com\/es\/wp-json\/wp\/v2\/pages"}],"about":[{"href":"https:\/\/sciservers.com\/es\/wp-json\/wp\/v2\/types\/page"}],"author":[{"embeddable":true,"href":"https:\/\/sciservers.com\/es\/wp-json\/wp\/v2\/users\/1"}],"replies":[{"embeddable":true,"href":"https:\/\/sciservers.com\/es\/wp-json\/wp\/v2\/comments?post=698"}],"version-history":[{"count":0,"href":"https:\/\/sciservers.com\/es\/wp-json\/wp\/v2\/pages\/698\/revisions"}],"up":[{"embeddable":true,"href":"https:\/\/sciservers.com\/es\/wp-json\/wp\/v2\/pages\/675"}],"wp:attachment":[{"href":"https:\/\/sciservers.com\/es\/wp-json\/wp\/v2\/media?parent=698"}],"curies":[{"name":"wp","href":"https:\/\/api.w.org\/{rel}","templated":true}]}}