{"id":699,"date":"2024-04-17T14:06:52","date_gmt":"2024-04-17T18:06:52","guid":{"rendered":"https:\/\/sciservers.com\/application_installer_2_title\/"},"modified":"2024-04-17T14:06:59","modified_gmt":"2024-04-17T18:06:59","slug":"applications-installer-2","status":"publish","type":"page","link":"https:\/\/sciservers.com\/es\/the-hepsia-hosting-cp\/instalador-de-aplicaciones-2\/","title":{"rendered":"Instalador de aplicaciones"},"content":{"rendered":"<div class=\"dc-header-container\">\n  <div class=\"dc-information\">\n    <h1>Instalador de aplicaciones<\/h1>\n  \t<p><p>Cada uno de nuestros <a href=\"https:\/\/sciservers.com\/es\/alojamiento-de-sitios-web-compartido\/\">alojamiento compartido<\/a> Los planes incluyen una herramienta de instalaci\u00f3n de aplicaciones de 1 clic integrada en el Panel de control de Hepsia hosting, gratuita y gratuita, que puede utilizar para instalar varias aplicaciones populares. Es muy f\u00e1cil de usar: puede configurar su blog personal, foro, sitio basado en CMS, \u00e1lbum de fotos o tienda en l\u00ednea con un solo clic y no necesita tener ning\u00fan conocimiento t\u00e9cnico.<\/p>\n\n\n<p>El instalador gratuito de aplicaciones PHP con un solo clic puede ahorrarle no s\u00f3lo tiempo, sino tambi\u00e9n dinero. Contratar a un dise\u00f1ador web para que le instale una aplicaci\u00f3n web popular le costar\u00e1 dinero en efectivo. Con nosotros podr\u00e1s instalar tantos scripts como quieras sin aportar un solo c\u00e9ntimo.<\/p><\/p>\n  \t<div align=\"right\"><a class=\"rpwp-button colorize rpwp-btn\" href=\"https:\/\/demo.hepsia.com\/installer\/software\/?auto_login=true\">VER DEMOSTRACI\u00d3N<\/a><\/div>\n  <\/div>\n  <div class=\"dc-image\">\n\t<picture>\n\t\t\t\t<source srcset=\"https:\/\/sciservers.com\/wp-content\/themes\/pro-hosting\/images\/app-installation-in-1-click.webp\" type=\"image\/webp\">\n\t\t\t\t<img loading=\"lazy\" decoding=\"async\" src=\"https:\/\/sciservers.com\/wp-content\/themes\/pro-hosting\/images\/app-installation-in-1-click.jpg\"  alt=\"Instalador de aplicaciones\" title=\"Instalador de aplicaciones\" width=\"351\" height=\"222\">\n\t\t\t<\/picture>\n  <\/div>\n  <br clear=\"all\" \/>\n  <div class=\"dc-bottom-line\">&nbsp;<\/div>\n  <br>\n  <!-- Apps line -->\n  <div class=\"app-box-item\">\n  \t<h3><a href=\"https:\/\/sciservers.com\/es\/wordpress-hosting\/\">WordPress<\/a><\/h3>\n\t<span>\n\t\t<picture>\n\t\t\t\t<source srcset=\"https:\/\/sciservers.com\/wp-content\/themes\/pro-hosting\/images\/app-thumb-wordpress.webp\" type=\"image\/webp\">\n\t\t\t\t<img loading=\"lazy\" decoding=\"async\" src=\"https:\/\/sciservers.com\/wp-content\/themes\/pro-hosting\/images\/app-thumb-wordpress.png\"  alt=\"WordPress\" title=\"WordPress\" width=\"174\" height=\"119\">\n\t\t\t<\/picture>\n\t<\/span>\n    <p class=\"app-box-text\">La plataforma de publicaci\u00f3n de blogs m\u00e1s famosa del mundo viene preactivada y preconfigurada con cada plan de alojamiento de sitios web.<\/p>\n    <div class=\"app-box-demo-signup\"><a href=\"http:\/\/www.elefanteinstaller.com\/demo\/?script=wordpress\" target=\"_blank\" rel=\"noopener\">Manifestaci\u00f3n<\/a> &nbsp; | &nbsp; <a href=\"https:\/\/sciservers.com\/es\/formulario-de-pedido\/\">Inscribirse<\/a><\/div>\n  <\/div>\n  <div class=\"app-box-divider\">&nbsp;<\/div>\n  <div class=\"app-box-item\">\n  \t<h3><a href=\"https:\/\/sciservers.com\/es\/prestashop-web-hosting\/\">PrestaShop<\/a><\/h3>\n\t<span>\n\t\t<picture>\n\t\t\t\t<source srcset=\"https:\/\/sciservers.com\/wp-content\/themes\/pro-hosting\/images\/app-thumb-prestashop.webp\" type=\"image\/webp\">\n\t\t\t\t<img loading=\"lazy\" decoding=\"async\" src=\"https:\/\/sciservers.com\/wp-content\/themes\/pro-hosting\/images\/app-thumb-prestashop.png\"  alt=\"PrestaShop\" title=\"PrestaShop\" width=\"174\" height=\"119\">\n\t\t\t<\/picture>\n\t<\/span>\n\t<p class=\"app-box-text\">Una herramienta innovadora para configurar tiendas electr\u00f3nicas, con m\u00e1s de doscientas setenta y cinco funciones integradas \u00fatiles.<\/p>\n    <div class=\"app-box-demo-signup\"><a href=\"http:\/\/www.elefanteinstaller.com\/demo\/?script=prestashop\" target=\"_blank\" rel=\"noopener\">Manifestaci\u00f3n<\/a> &nbsp; | &nbsp; <a href=\"https:\/\/sciservers.com\/es\/formulario-de-pedido\/\">Inscribirse<\/a><\/div>\n  <\/div>\n  <div class=\"app-box-divider\">&nbsp;<\/div>\n  <div class=\"app-box-item\">\n  \t<h3><a href=\"https:\/\/sciservers.com\/es\/opencart-hosting\/\">Carrito abierto<\/a><\/h3>\n\t<span>\n\t\t<picture>\n\t\t\t\t<source srcset=\"https:\/\/sciservers.com\/wp-content\/themes\/pro-hosting\/images\/app-thumb-opencart.webp\" type=\"image\/webp\">\n\t\t\t\t<img loading=\"lazy\" decoding=\"async\" src=\"https:\/\/sciservers.com\/wp-content\/themes\/pro-hosting\/images\/app-thumb-opencart.png\"  alt=\"Carrito abierto\" title=\"Carrito abierto\" width=\"174\" height=\"119\">\n\t\t\t<\/picture>\n\t<\/span>\n\t<p class=\"app-box-text\">Tienda online llave en mano. Con una multitud de temas de sitios web disponibles, puede iniciar r\u00e1pidamente su tienda electr\u00f3nica.<\/p>\n    <div class=\"app-box-demo-signup\"><a href=\"http:\/\/www.elefanteinstaller.com\/demo\/?script=opencart\" target=\"_blank\" rel=\"noopener\">Manifestaci\u00f3n<\/a> &nbsp; | &nbsp; <a href=\"https:\/\/sciservers.com\/es\/formulario-de-pedido\/\">Inscribirse<\/a><\/div>\n  <\/div>\n  <div class=\"app-box-divider\">&nbsp;<\/div>\n  <div class=\"app-box-item\">\n  \t<h3><a href=\"https:\/\/sciservers.com\/es\/alojamiento-web-joomla\/\">Joomla!<\/a><\/h3>\n\t<span>\n\t\t<picture>\n\t\t\t\t<source srcset=\"https:\/\/sciservers.com\/wp-content\/themes\/pro-hosting\/images\/app-thumb-joomla.webp\" type=\"image\/webp\">\n\t\t\t\t<img loading=\"lazy\" decoding=\"async\" src=\"https:\/\/sciservers.com\/wp-content\/themes\/pro-hosting\/images\/app-thumb-joomla.png\"  alt=\"Joomla!\" title=\"Joomla!\" width=\"174\" height=\"119\">\n\t\t\t<\/picture>\n\t<\/span>\n\t<p class=\"app-box-text\">Una aplicaci\u00f3n de gesti\u00f3n de contenidos de c\u00f3digo abierto rica en funciones con \u00e9nfasis en la est\u00e9tica y la utilidad.<\/p>\n    <div class=\"app-box-demo-signup\"><a href=\"http:\/\/www.elefanteinstaller.com\/demo\/?script=joomla17\" target=\"_blank\" rel=\"noopener\">Manifestaci\u00f3n<\/a> &nbsp; | &nbsp; <a href=\"https:\/\/sciservers.com\/es\/formulario-de-pedido\/\">Inscribirse<\/a><\/div>\n  <\/div>\n  <div class=\"clear\">&nbsp;<\/div>\n  <!-- Apps line -->\n  <br>\n  <!-- Apps line -->\n  <div class=\"app-box-item\">\n  \t<h3><a href=\"https:\/\/sciservers.com\/es\/drupal-hosting\/\">drupal<\/a><\/h3>\n\t<span>\n\t\t<picture>\n\t\t\t\t<source srcset=\"https:\/\/sciservers.com\/wp-content\/themes\/pro-hosting\/images\/app-thumb-drupal.webp\" type=\"image\/webp\">\n\t\t\t\t<img loading=\"lazy\" decoding=\"async\" src=\"https:\/\/sciservers.com\/wp-content\/themes\/pro-hosting\/images\/app-thumb-drupal.png\"  alt=\"drupal\" title=\"drupal\" width=\"174\" height=\"119\">\n\t\t\t<\/picture>\n\t<\/span>\n\t<p class=\"app-box-text\">Un famoso sistema de gesti\u00f3n de contenidos con m\u00faltiples complementos y una comunidad muy entusiasta.<\/p>\n    <div class=\"app-box-demo-signup\"><a href=\"http:\/\/www.elefanteinstaller.com\/demo\/?script=drupal\" target=\"_blank\" rel=\"noopener\">Manifestaci\u00f3n<\/a> &nbsp; | &nbsp; <a href=\"https:\/\/sciservers.com\/es\/formulario-de-pedido\/\">Inscribirse<\/a><\/div>\n  <\/div>\n  <div class=\"app-box-divider\">&nbsp;<\/div>\n  <div class=\"app-box-item\">\n  \t<h3><a href=\"https:\/\/sciservers.com\/es\/alojamiento-web-de-ensenanza-electronica\/\">Moodle<\/a><\/h3>\n\t<span>\n\t\t<picture>\n\t\t\t\t<source srcset=\"https:\/\/sciservers.com\/wp-content\/themes\/pro-hosting\/images\/app-thumb-moodle.webp\" type=\"image\/webp\">\n\t\t\t\t<img loading=\"lazy\" decoding=\"async\" src=\"https:\/\/sciservers.com\/wp-content\/themes\/pro-hosting\/images\/app-thumb-moodle.png\"  alt=\"Moodle\" title=\"Moodle\" width=\"174\" height=\"119\">\n\t\t\t<\/picture>\n\t<\/span>\n\t<p class=\"app-box-text\">Un sistema de gesti\u00f3n de cursos gratuito, excelente para pedagogos. Permite a cualquiera crear un sitio web de ense\u00f1anza en l\u00ednea.<\/p>\n    <div class=\"app-box-demo-signup\"><a href=\"http:\/\/www.elefanteinstaller.com\/demo\/?script=moodle\" target=\"_blank\" rel=\"noopener\">Manifestaci\u00f3n<\/a> &nbsp; | &nbsp; <a href=\"https:\/\/sciservers.com\/es\/formulario-de-pedido\/\">Inscribirse<\/a><\/div>\n  <\/div>\n  <div class=\"app-box-divider\">&nbsp;<\/div>\n  <div class=\"app-box-item\">\n  \t<h3><a href=\"https:\/\/sciservers.com\/es\/alojamiento-web-vtiger\/\">vtigre<\/a><\/h3>\n\t<span>\n\t\t<picture>\n\t\t\t\t<source srcset=\"https:\/\/sciservers.com\/wp-content\/themes\/pro-hosting\/images\/app-thumb-vtiger.webp\" type=\"image\/webp\">\n\t\t\t\t<img loading=\"lazy\" decoding=\"async\" src=\"https:\/\/sciservers.com\/wp-content\/themes\/pro-hosting\/images\/app-thumb-vtiger.png\"  alt=\"vtigre\" title=\"vtigre\" width=\"174\" height=\"119\">\n\t\t\t<\/picture>\n\t<\/span>\n\t<p class=\"app-box-text\">Una potente plataforma CRM que puede ayudarle a aumentar sus ventas y ampliar su alcance en el mercado.<\/p>\n    <div class=\"app-box-demo-signup\"><a href=\"http:\/\/www.elefanteinstaller.com\/demo\/?script=vtigercrm\" target=\"_blank\" rel=\"noopener\">Manifestaci\u00f3n<\/a> &nbsp; | &nbsp; <a href=\"https:\/\/sciservers.com\/es\/formulario-de-pedido\/\">Inscribirse<\/a><\/div>\n  <\/div>\n  <div class=\"app-box-divider\">&nbsp;<\/div>\n  <div class=\"app-box-item\">\n  \t<h3><a href=\"https:\/\/sciservers.com\/es\/alojamiento-de-bienes-raices-abierto\/\">Bienes Ra\u00edces Abiertos<sup>&#174;<\/sup><\/a><\/h3>\n\t<span>\n\t\t<picture>\n\t\t\t\t<source srcset=\"https:\/\/sciservers.com\/wp-content\/themes\/pro-hosting\/images\/app-thumb-openrealty.webp\" type=\"image\/webp\">\n\t\t\t\t<img decoding=\"async\" src=\"https:\/\/sciservers.com\/wp-content\/themes\/pro-hosting\/images\/app-thumb-openrealty.png\"  alt=\"Open-Realty &lt;sup&gt;\u00ae&lt;\/sup&gt;\" title=\"Open-Realty &lt;sup&gt;\u00ae&lt;\/sup&gt;\" width=\"174\" height=\"119\">\n\t\t\t<\/picture>\n\t<\/span>\n\t<p class=\"app-box-text\">La aplicaci\u00f3n web m\u00e1s popular para administrar sitios web inmobiliarios, respaldada por una gran y dedicada comunidad de usuarios.<\/p>\n    <div class=\"app-box-demo-signup\"><a href=\"http:\/\/www.elefanteinstaller.com\/demo\/?script=open-realty\" target=\"_blank\" rel=\"noopener\">Manifestaci\u00f3n<\/a> &nbsp; | &nbsp; <a href=\"https:\/\/sciservers.com\/es\/formulario-de-pedido\/\">Inscribirse<\/a><\/div>\n  <\/div>\n  <div class=\"clear\">&nbsp;<\/div>\n  <!-- Apps line -->\n\t    <table id=\"rp_presentation\">\n    <tr class=\"rp_pr_plan_header\">\n          <td class=\"rp_pr_plan first-plan\">\n\t  ALOJAMIENTO COMPARTIDO      <\/td>\n          <td class=\"rp_pr_plan\">\n\t  VPS KVM      <\/td>\n          <td class=\"rp_pr_plan\">\n\t  VPS OPENVZ      <\/td>\n          <td class=\"rp_pr_plan\">\n\t  PLANES SEMIDEDICADOS      <\/td>\n          <td class=\"rp_pr_plan\">\n\t  SERVIDORES DEDICADOS      <\/td>\n        <\/tr>\n    <tr class=\"rp_pr_feature_header\">\n          <td class=\"rp_pr_plan first-plan\"><\/td>\n          <td class=\"rp_pr_plan\"><\/td>\n          <td class=\"rp_pr_plan\"><\/td>\n          <td class=\"rp_pr_plan\"><\/td>\n          <td class=\"rp_pr_plan\"><\/td>\n        <\/tr>\n    <tr class=\"rp_pr_features\">\n          <td class=\"rp_pr_plan first-plan\">\n      <strong>Unlimited<\/strong> almacenamiento\n      <\/td>\n          <td class=\"rp_pr_plan\">\n      <strong>80GB<\/strong> almacenamiento\n      <\/td>\n          <td class=\"rp_pr_plan\">\n      <strong>80GB<\/strong> almacenamiento\n      <\/td>\n          <td class=\"rp_pr_plan\">\n      <strong>Unlimited<\/strong> almacenamiento\n      <\/td>\n          <td class=\"rp_pr_plan\">\n      <strong>480GB<\/strong> almacenamiento\n      <\/td>\n        <\/tr>\n    <tr class=\"rp_pr_features\">\n          <td class=\"rp_pr_plan first-plan\">\n      <strong>Unlimited<\/strong> banda ancha\n      <\/td>\n          <td class=\"rp_pr_plan\">\n      <strong>4 TB<\/strong> banda ancha\n      <\/td>\n          <td class=\"rp_pr_plan\">\n      <strong>3 TB<\/strong> banda ancha\n      <\/td>\n          <td class=\"rp_pr_plan\">\n      <strong>Unlimited<\/strong> banda ancha\n      <\/td>\n          <td class=\"rp_pr_plan\">\n      <strong>10 TB<\/strong> banda ancha\n      <\/td>\n        <\/tr>\n    <tr class=\"rp_pr_features\">\n          <td class=\"rp_pr_plan first-plan\">\n        <strong>1<\/strong> sitio web alojado      <\/td>\n          <td class=\"rp_pr_plan\">\n        <strong>Unlimited<\/strong> sitios web alojados      <\/td>\n          <td class=\"rp_pr_plan\">\n        <strong>Unlimited<\/strong> sitios web alojados      <\/td>\n          <td class=\"rp_pr_plan\">\n        <strong>Unlimited<\/strong> sitios web alojados      <\/td>\n          <td class=\"rp_pr_plan\">\n        <strong>Unlimited<\/strong> sitios web alojados      <\/td>\n        <\/tr>\n    <tr class=\"rp_pr_features\">\n          <td class=\"rp_pr_plan first-plan\">\n      <strong>Prueba gratuita de 30 d\u00edas<\/strong>      <\/td>\n          <td class=\"rp_pr_plan\">\n      <strong>24\/7\/365<\/strong> apoyo      <\/td>\n          <td class=\"rp_pr_plan\">\n      <strong>24\/7\/365<\/strong> apoyo      <\/td>\n          <td class=\"rp_pr_plan\">\n      <strong>Prueba gratuita de 30 d\u00edas<\/strong>      <\/td>\n          <td class=\"rp_pr_plan\">\n      <strong>24\/7\/365<\/strong> apoyo      <\/td>\n        <\/tr>\n    <tr class=\"rp_pr_features rp_pr_features_price\">\n          <td class=\"rp_pr_plan first-plan\">\n\t\t\t<small>empezar desde<\/small> <span class=\"currency\">$<\/span><span>6.25<\/span>\/mes\n      <\/td>\n          <td class=\"rp_pr_plan\">\n\t\t\t<small>empezar desde<\/small> <span class=\"currency\">$<\/span><span>24.00<\/span>\/mes\n      <\/td>\n          <td class=\"rp_pr_plan\">\n\t\t\t<small>empezar desde<\/small> <span class=\"currency\">$<\/span><span>17.00<\/span>\/mes\n      <\/td>\n          <td class=\"rp_pr_plan\">\n\t\t\t<small>empezar desde<\/small> <span class=\"currency\">$<\/span><span>40.00<\/span>\/mes\n      <\/td>\n          <td class=\"rp_pr_plan\">\n\t\t\t<small>empezar desde<\/small> <span class=\"currency\">$<\/span><span>63.00<\/span>\/mes\n      <\/td>\n        <\/tr>\n    <tr class=\"rp_pr_signup\">\n          <td class=\"rp_pr_plan first-plan\">\n      <form class=\"pr_rp_sing_up_form\" action=\"https:\/\/sciservers.com\/es\/formulario-de-pedido\/\" method=\"get\" data-trp-original-action=\"https:\/\/sciservers.com\/es\/formulario-de-pedido\/\">\n\t\t        <button type=\"submit\" class=\"rpwp-button colorize\"><span class=\"gloss\"><\/span>ordenar ahora<\/button>\n                        <input name=\"plan\" type=\"hidden\" value=\"44029\" \/>\n         <input type=\"hidden\" name=\"trp-form-language\" value=\"es\"\/><\/form>\n      <\/td>\n          <td class=\"rp_pr_plan\">\n      <form class=\"pr_rp_sing_up_form\" action=\"https:\/\/sciservers.com\/es\/formulario-de-pedido\/\" method=\"get\" data-trp-original-action=\"https:\/\/sciservers.com\/es\/formulario-de-pedido\/\">\n\t\t        <button type=\"submit\" class=\"rpwp-button colorize\"><span class=\"gloss\"><\/span>ordenar ahora<\/button>\n                        <input name=\"plan\" type=\"hidden\" value=\"59974\" \/>\n         <input type=\"hidden\" name=\"trp-form-language\" value=\"es\"\/><\/form>\n      <\/td>\n          <td class=\"rp_pr_plan\">\n      <form class=\"pr_rp_sing_up_form\" action=\"https:\/\/sciservers.com\/es\/formulario-de-pedido\/\" method=\"get\" data-trp-original-action=\"https:\/\/sciservers.com\/es\/formulario-de-pedido\/\">\n\t\t        <button type=\"submit\" class=\"rpwp-button colorize\"><span class=\"gloss\"><\/span>ordenar ahora<\/button>\n                        <input name=\"plan\" type=\"hidden\" value=\"65705\" \/>\n         <input type=\"hidden\" name=\"trp-form-language\" value=\"es\"\/><\/form>\n      <\/td>\n          <td class=\"rp_pr_plan\">\n      <form class=\"pr_rp_sing_up_form\" action=\"https:\/\/sciservers.com\/es\/formulario-de-pedido\/\" method=\"get\" data-trp-original-action=\"https:\/\/sciservers.com\/es\/formulario-de-pedido\/\">\n\t\t        <button type=\"submit\" class=\"rpwp-button colorize\"><span class=\"gloss\"><\/span>ordenar ahora<\/button>\n                        <input name=\"plan\" type=\"hidden\" value=\"36905\" \/>\n         <input type=\"hidden\" name=\"trp-form-language\" value=\"es\"\/><\/form>\n      <\/td>\n          <td class=\"rp_pr_plan\">\n      <form class=\"pr_rp_sing_up_form\" action=\"https:\/\/sciservers.com\/es\/formulario-de-pedido\/\" method=\"get\" data-trp-original-action=\"https:\/\/sciservers.com\/es\/formulario-de-pedido\/\">\n\t\t        <button type=\"submit\" class=\"rpwp-button colorize\"><span class=\"gloss\"><\/span>ordenar ahora<\/button>\n                        <input name=\"plan\" type=\"hidden\" value=\"60551\" \/>\n         <input type=\"hidden\" name=\"trp-form-language\" value=\"es\"\/><\/form>\n      <\/td>\n        <\/tr>\n    <tr class=\"rp_pr_end\">\n          <td class=\"rp_pr_plan first-plan\">&nbsp;<\/td>\n          <td class=\"rp_pr_plan\">&nbsp;<\/td>\n          <td class=\"rp_pr_plan\">&nbsp;<\/td>\n          <td class=\"rp_pr_plan\">&nbsp;<\/td>\n          <td class=\"rp_pr_plan\">&nbsp;<\/td>\n        <\/tr>\n  <\/table>\n \n<\/div>","protected":false},"excerpt":{"rendered":"Applications Installer Each of our shared hosting plans features a free-of-cost, Hepsia hosting Control Panel-integrated, 1-click Applications Installer tool, which you can use to install various popular applications. It is very easy to use - you can set up your personal weblog, forum, CMS-based site, photo album or online shop with only one single click<span class=\"excerpt_more\"><a href=\"https:\/\/sciservers.com\/es\/the-hepsia-hosting-cp\/instalador-de-aplicaciones-2\/\">[continue...]<\/a><\/span>","protected":false},"author":1,"featured_media":0,"parent":675,"menu_order":0,"comment_status":"closed","ping_status":"closed","template":"","meta":{"footnotes":""},"class_list":["post-699","page","type-page","status-publish","hentry"],"_links":{"self":[{"href":"https:\/\/sciservers.com\/es\/wp-json\/wp\/v2\/pages\/699","targetHints":{"allow":["GET"]}}],"collection":[{"href":"https:\/\/sciservers.com\/es\/wp-json\/wp\/v2\/pages"}],"about":[{"href":"https:\/\/sciservers.com\/es\/wp-json\/wp\/v2\/types\/page"}],"author":[{"embeddable":true,"href":"https:\/\/sciservers.com\/es\/wp-json\/wp\/v2\/users\/1"}],"replies":[{"embeddable":true,"href":"https:\/\/sciservers.com\/es\/wp-json\/wp\/v2\/comments?post=699"}],"version-history":[{"count":0,"href":"https:\/\/sciservers.com\/es\/wp-json\/wp\/v2\/pages\/699\/revisions"}],"up":[{"embeddable":true,"href":"https:\/\/sciservers.com\/es\/wp-json\/wp\/v2\/pages\/675"}],"wp:attachment":[{"href":"https:\/\/sciservers.com\/es\/wp-json\/wp\/v2\/media?parent=699"}],"curies":[{"name":"wp","href":"https:\/\/api.w.org\/{rel}","templated":true}]}}