{"id":701,"date":"2024-04-17T14:06:52","date_gmt":"2024-04-17T18:06:52","guid":{"rendered":"https:\/\/sciservers.com\/domain_manager_title\/"},"modified":"2024-04-17T14:06:59","modified_gmt":"2024-04-17T18:06:59","slug":"domain-manager","status":"publish","type":"page","link":"https:\/\/sciservers.com\/es\/the-hepsia-hosting-cp\/administrador-de-dominio\/","title":{"rendered":"Administrador de dominio"},"content":{"rendered":"<div class=\"dc-header-container\">\n  <div class=\"dc-information\">\n    <h1>Administrador de dominio<\/h1>\n  \t<p>El Administrador de Dominios de Hepsia le otorgar\u00e1 control absoluto sobre su <a href=\"https:\/\/sciservers.com\/es\/dominio-y-hosting-compartido\/\">nombres de dominio<\/a>. Puede registrar y transferir un nombre de dominio desde una ubicaci\u00f3n, actualizar sus servidores de nombres, cargar archivos, configurar cuentas de correo electr\u00f3nico y FTP, crear subdominios, explorar estad\u00edsticas de tr\u00e1fico, etc. Adem\u00e1s, puede registrar, renovar y administrar m\u00faltiples nombres de dominio simult\u00e1neamente.<\/p>\n  \t<div align=\"right\"><a class=\"rpwp-button colorize rpwp-btn\" href=\"https:\/\/demo.hepsia.com\/domains\/registered\/?auto_login=true\">VER DEMOSTRACI\u00d3N<\/a><\/div>\n  <\/div>\n  <div class=\"dc-video-containter\"><div id=\"fvideo1\" style=\"width:385px; cursor:pointer;\" data-poster=\"https:\/\/sciservers.com\/wp-content\/themes\/pro-hosting\/images\/hepsia-video-first-frame.png\" data-video-src=\"https:\/\/sciservers.duoservers.com\/videos\/hepsia\/Hepsia-Domain-Manager-640-us.mp4\">&nbsp;<\/div>\n  <\/div>\n  <br clear=\"all\" \/>\n  <div class=\"dc-bottom-line\">&nbsp;<\/div>\n  <br>\n  <!-- feature -->\n  <div class=\"hepsia-feature\">\n  \t\t<picture>\n\t\t\t\t<source srcset=\"https:\/\/sciservers.com\/wp-content\/themes\/pro-hosting\/images\/domain-manager-easy-interface.webp\" type=\"image\/webp\">\n\t\t\t\t<img loading=\"lazy\" decoding=\"async\" src=\"https:\/\/sciservers.com\/wp-content\/themes\/pro-hosting\/images\/domain-manager-easy-interface.jpg\"  alt=\"Administrar registros DNS\" title=\"Administrar registros DNS\" width=\"319\" height=\"195\">\n\t\t\t<\/picture>\n        <h4>Administrar registros DNS<\/h4>\n        <p>Tendr\u00e1 autoridad completa sobre los registros DNS de todos los nombres de dominio que nos haya registrado o transferido. Incluso puede registrar sus propios servidores de nombres como dns1.your-domain.com y dns2.your-domain.com y agregar registros DNS personalizados (registros A, AAAA, MX, SRV, CNAME, TXT, etc.).<\/p>\n        <br class=\"clear\">\n  <\/div>\n  <br>\n  <div class=\"hepsia-feature\">\n  \t\t<picture>\n\t\t\t\t<source srcset=\"https:\/\/sciservers.com\/wp-content\/themes\/pro-hosting\/images\/domain-manager-multi-domain.webp\" type=\"image\/webp\">\n\t\t\t\t<img loading=\"lazy\" decoding=\"async\" src=\"https:\/\/sciservers.com\/wp-content\/themes\/pro-hosting\/images\/domain-manager-multi-domain.jpg\"  alt=\"Aparcamiento de dominio\" title=\"Aparcamiento de dominio\" width=\"319\" height=\"195\">\n\t\t\t<\/picture>\n        <h4>Aparcamiento de dominio<\/h4>\n        <p>Con la interfaz del Administrador de Dominios, puede estacionar cualquiera de sus nombres de dominio registrados con nosotros y administrar los dominios ya estacionados. Los dominios estacionados reenviar\u00e1n autom\u00e1ticamente a sus visitantes a un sitio web de su elecci\u00f3n o a una p\u00e1gina especial basada en una plantilla. Puedes aparcar un nuevo dominio y dejarlo hasta que tu sitio web est\u00e9 listo. Incluso si no necesita un nuevo dominio en este momento particular, a\u00fan puede utilizar el servicio para reservar nombres de dominio elegantes para futuras empresas.<\/p>\n        <br class=\"clear\">\n  <\/div>\n  <br>\n  <div class=\"hepsia-feature\">\n  \t\t<picture>\n\t\t\t\t<source srcset=\"https:\/\/sciservers.com\/wp-content\/themes\/pro-hosting\/images\/domain-manager-domain-parking.webp\" type=\"image\/webp\">\n\t\t\t\t<img loading=\"lazy\" decoding=\"async\" src=\"https:\/\/sciservers.com\/wp-content\/themes\/pro-hosting\/images\/domain-manager-domain-parking.jpg\"  alt=\"Protecci\u00f3n de identidad\" title=\"Protecci\u00f3n de identidad\" width=\"319\" height=\"195\">\n\t\t\t<\/picture>\n        <h4>Protecci\u00f3n de identidad<\/h4>\n        <p>El servicio de protecci\u00f3n de identidad le permite ocultar sus datos WHOIS privados o corporativos. De forma predeterminada, cuando registra un dominio, los datos de su registrante quedan disponibles abiertamente para que todos los vean. Con la funci\u00f3n de protecci\u00f3n de identidad habilitada, su informaci\u00f3n quedar\u00e1 moment\u00e1neamente enmascarada y la b\u00fasqueda de WHOIS devolver\u00e1 la informaci\u00f3n del proveedor de servicios de registro de dominio en lugar de la suya.<\/p>\n        <br class=\"clear\">\n  <\/div>\n  <br>\n  <div class=\"hepsia-feature\">\n  \t\t<picture>\n\t\t\t\t<source srcset=\"https:\/\/sciservers.com\/wp-content\/themes\/pro-hosting\/images\/domain-manager-id-protection.webp\" type=\"image\/webp\">\n\t\t\t\t<img loading=\"lazy\" decoding=\"async\" src=\"https:\/\/sciservers.com\/wp-content\/themes\/pro-hosting\/images\/domain-manager-id-protection.jpg\"  alt=\"Opciones de gesti\u00f3n multidominio\" title=\"Opciones de gesti\u00f3n multidominio\" width=\"319\" height=\"195\">\n\t\t\t<\/picture>\n        <h4>Opciones de gesti\u00f3n multidominio<\/h4>\n        <p>Con la interfaz de Domain Manager, administrar m\u00faltiples dominios simult\u00e1neamente es sorprendentemente f\u00e1cil. Por ejemplo, el asistente de registro de nombres de dominio le permite ordenar varios nombres de dominio simult\u00e1neamente. Podr\u00e1s renovar tus dominios con la misma facilidad antes de que lleguen a su fecha de vencimiento. Adem\u00e1s, puede reforzar la seguridad de todos sus dominios con un solo clic habilitando la funci\u00f3n de protecci\u00f3n de identificaci\u00f3n.<\/p>\n        <br class=\"clear\">\n  <\/div>\n  <br>\n  <!-- end of features -->\n  <div class=\"line-full-width\"><\/div>\n  <h2>M\u00e1s caracter\u00edsticas<\/h2>\n  <p>Con nuestra interfaz de usuario de Administrador de dominios, puede cambiar r\u00e1pidamente la informaci\u00f3n de WHOIS asociada con cualquiera de sus dominios. Tambi\u00e9n puedes adquirir un nuevo certificado SSL a precio de ganga, algo obligatorio si tienes una tienda electr\u00f3nica. Y hemos incluido una herramienta sencilla que le permitir\u00e1 reenviar r\u00e1pidamente dominios registrados a otros sitios web.<\/p>\n  <div class=\"clear\"><\/div>\n\t    <table id=\"rp_presentation\">\n    <tr class=\"rp_pr_plan_header\">\n          <td class=\"rp_pr_plan first-plan\">\n\t  ALOJAMIENTO COMPARTIDO      <\/td>\n          <td class=\"rp_pr_plan\">\n\t  VPS KVM      <\/td>\n          <td class=\"rp_pr_plan\">\n\t  VPS OPENVZ      <\/td>\n          <td class=\"rp_pr_plan\">\n\t  PLANES SEMIDEDICADOS      <\/td>\n          <td class=\"rp_pr_plan\">\n\t  SERVIDORES DEDICADOS      <\/td>\n        <\/tr>\n    <tr class=\"rp_pr_feature_header\">\n          <td class=\"rp_pr_plan first-plan\"><\/td>\n          <td class=\"rp_pr_plan\"><\/td>\n          <td class=\"rp_pr_plan\"><\/td>\n          <td class=\"rp_pr_plan\"><\/td>\n          <td class=\"rp_pr_plan\"><\/td>\n        <\/tr>\n    <tr class=\"rp_pr_features\">\n          <td class=\"rp_pr_plan first-plan\">\n      <strong>Unlimited<\/strong> almacenamiento\n      <\/td>\n          <td class=\"rp_pr_plan\">\n      <strong>80GB<\/strong> almacenamiento\n      <\/td>\n          <td class=\"rp_pr_plan\">\n      <strong>80GB<\/strong> almacenamiento\n      <\/td>\n          <td class=\"rp_pr_plan\">\n      <strong>Unlimited<\/strong> almacenamiento\n      <\/td>\n          <td class=\"rp_pr_plan\">\n      <strong>480GB<\/strong> almacenamiento\n      <\/td>\n        <\/tr>\n    <tr class=\"rp_pr_features\">\n          <td class=\"rp_pr_plan first-plan\">\n      <strong>Unlimited<\/strong> banda ancha\n      <\/td>\n          <td class=\"rp_pr_plan\">\n      <strong>4 TB<\/strong> banda ancha\n      <\/td>\n          <td class=\"rp_pr_plan\">\n      <strong>3 TB<\/strong> banda ancha\n      <\/td>\n          <td class=\"rp_pr_plan\">\n      <strong>Unlimited<\/strong> banda ancha\n      <\/td>\n          <td class=\"rp_pr_plan\">\n      <strong>10 TB<\/strong> banda ancha\n      <\/td>\n        <\/tr>\n    <tr class=\"rp_pr_features\">\n          <td class=\"rp_pr_plan first-plan\">\n        <strong>1<\/strong> sitio web alojado      <\/td>\n          <td class=\"rp_pr_plan\">\n        <strong>Unlimited<\/strong> sitios web alojados      <\/td>\n          <td class=\"rp_pr_plan\">\n        <strong>Unlimited<\/strong> sitios web alojados      <\/td>\n          <td class=\"rp_pr_plan\">\n        <strong>Unlimited<\/strong> sitios web alojados      <\/td>\n          <td class=\"rp_pr_plan\">\n        <strong>Unlimited<\/strong> sitios web alojados      <\/td>\n        <\/tr>\n    <tr class=\"rp_pr_features\">\n          <td class=\"rp_pr_plan first-plan\">\n      <strong>Prueba gratuita de 30 d\u00edas<\/strong>      <\/td>\n          <td class=\"rp_pr_plan\">\n      <strong>24\/7\/365<\/strong> apoyo      <\/td>\n          <td class=\"rp_pr_plan\">\n      <strong>24\/7\/365<\/strong> apoyo      <\/td>\n          <td class=\"rp_pr_plan\">\n      <strong>Prueba gratuita de 30 d\u00edas<\/strong>      <\/td>\n          <td class=\"rp_pr_plan\">\n      <strong>24\/7\/365<\/strong> apoyo      <\/td>\n        <\/tr>\n    <tr class=\"rp_pr_features rp_pr_features_price\">\n          <td class=\"rp_pr_plan first-plan\">\n\t\t\t<small>empezar desde<\/small> <span class=\"currency\">$<\/span><span>6.25<\/span>\/mes\n      <\/td>\n          <td class=\"rp_pr_plan\">\n\t\t\t<small>empezar desde<\/small> <span class=\"currency\">$<\/span><span>24.00<\/span>\/mes\n      <\/td>\n          <td class=\"rp_pr_plan\">\n\t\t\t<small>empezar desde<\/small> <span class=\"currency\">$<\/span><span>17.00<\/span>\/mes\n      <\/td>\n          <td class=\"rp_pr_plan\">\n\t\t\t<small>empezar desde<\/small> <span class=\"currency\">$<\/span><span>40.00<\/span>\/mes\n      <\/td>\n          <td class=\"rp_pr_plan\">\n\t\t\t<small>empezar desde<\/small> <span class=\"currency\">$<\/span><span>63.00<\/span>\/mes\n      <\/td>\n        <\/tr>\n    <tr class=\"rp_pr_signup\">\n          <td class=\"rp_pr_plan first-plan\">\n      <form class=\"pr_rp_sing_up_form\" action=\"https:\/\/sciservers.com\/es\/formulario-de-pedido\/\" method=\"get\" data-trp-original-action=\"https:\/\/sciservers.com\/es\/formulario-de-pedido\/\">\n\t\t        <button type=\"submit\" class=\"rpwp-button colorize\"><span class=\"gloss\"><\/span>ordenar ahora<\/button>\n                        <input name=\"plan\" type=\"hidden\" value=\"44029\" \/>\n         <input type=\"hidden\" name=\"trp-form-language\" value=\"es\"\/><\/form>\n      <\/td>\n          <td class=\"rp_pr_plan\">\n      <form class=\"pr_rp_sing_up_form\" action=\"https:\/\/sciservers.com\/es\/formulario-de-pedido\/\" method=\"get\" data-trp-original-action=\"https:\/\/sciservers.com\/es\/formulario-de-pedido\/\">\n\t\t        <button type=\"submit\" class=\"rpwp-button colorize\"><span class=\"gloss\"><\/span>ordenar ahora<\/button>\n                        <input name=\"plan\" type=\"hidden\" value=\"59974\" \/>\n         <input type=\"hidden\" name=\"trp-form-language\" value=\"es\"\/><\/form>\n      <\/td>\n          <td class=\"rp_pr_plan\">\n      <form class=\"pr_rp_sing_up_form\" action=\"https:\/\/sciservers.com\/es\/formulario-de-pedido\/\" method=\"get\" data-trp-original-action=\"https:\/\/sciservers.com\/es\/formulario-de-pedido\/\">\n\t\t        <button type=\"submit\" class=\"rpwp-button colorize\"><span class=\"gloss\"><\/span>ordenar ahora<\/button>\n                        <input name=\"plan\" type=\"hidden\" value=\"65705\" \/>\n         <input type=\"hidden\" name=\"trp-form-language\" value=\"es\"\/><\/form>\n      <\/td>\n          <td class=\"rp_pr_plan\">\n      <form class=\"pr_rp_sing_up_form\" action=\"https:\/\/sciservers.com\/es\/formulario-de-pedido\/\" method=\"get\" data-trp-original-action=\"https:\/\/sciservers.com\/es\/formulario-de-pedido\/\">\n\t\t        <button type=\"submit\" class=\"rpwp-button colorize\"><span class=\"gloss\"><\/span>ordenar ahora<\/button>\n                        <input name=\"plan\" type=\"hidden\" value=\"36905\" \/>\n         <input type=\"hidden\" name=\"trp-form-language\" value=\"es\"\/><\/form>\n      <\/td>\n          <td class=\"rp_pr_plan\">\n      <form class=\"pr_rp_sing_up_form\" action=\"https:\/\/sciservers.com\/es\/formulario-de-pedido\/\" method=\"get\" data-trp-original-action=\"https:\/\/sciservers.com\/es\/formulario-de-pedido\/\">\n\t\t        <button type=\"submit\" class=\"rpwp-button colorize\"><span class=\"gloss\"><\/span>ordenar ahora<\/button>\n                        <input name=\"plan\" type=\"hidden\" value=\"60551\" \/>\n         <input type=\"hidden\" name=\"trp-form-language\" value=\"es\"\/><\/form>\n      <\/td>\n        <\/tr>\n    <tr class=\"rp_pr_end\">\n          <td class=\"rp_pr_plan first-plan\">&nbsp;<\/td>\n          <td class=\"rp_pr_plan\">&nbsp;<\/td>\n          <td class=\"rp_pr_plan\">&nbsp;<\/td>\n          <td class=\"rp_pr_plan\">&nbsp;<\/td>\n          <td class=\"rp_pr_plan\">&nbsp;<\/td>\n        <\/tr>\n  <\/table>\n \n<\/div>","protected":false},"excerpt":{"rendered":"Domain Manager Hepsia's Domain Manager will grant you absolute control over your domain names. You can register and transfer a domain name from one location, update its name servers, upload files, set up e-mail and FTP accounts, create sub-domains, explore traffic statistics, etc. Additionally, you can register, renew and manage multiple domain names simultaneously. VIEW<span class=\"excerpt_more\"><a href=\"https:\/\/sciservers.com\/es\/the-hepsia-hosting-cp\/administrador-de-dominio\/\">[continue...]<\/a><\/span>","protected":false},"author":1,"featured_media":0,"parent":675,"menu_order":0,"comment_status":"closed","ping_status":"closed","template":"","meta":{"footnotes":""},"class_list":["post-701","page","type-page","status-publish","hentry"],"_links":{"self":[{"href":"https:\/\/sciservers.com\/es\/wp-json\/wp\/v2\/pages\/701","targetHints":{"allow":["GET"]}}],"collection":[{"href":"https:\/\/sciservers.com\/es\/wp-json\/wp\/v2\/pages"}],"about":[{"href":"https:\/\/sciservers.com\/es\/wp-json\/wp\/v2\/types\/page"}],"author":[{"embeddable":true,"href":"https:\/\/sciservers.com\/es\/wp-json\/wp\/v2\/users\/1"}],"replies":[{"embeddable":true,"href":"https:\/\/sciservers.com\/es\/wp-json\/wp\/v2\/comments?post=701"}],"version-history":[{"count":0,"href":"https:\/\/sciservers.com\/es\/wp-json\/wp\/v2\/pages\/701\/revisions"}],"up":[{"embeddable":true,"href":"https:\/\/sciservers.com\/es\/wp-json\/wp\/v2\/pages\/675"}],"wp:attachment":[{"href":"https:\/\/sciservers.com\/es\/wp-json\/wp\/v2\/media?parent=701"}],"curies":[{"name":"wp","href":"https:\/\/api.w.org\/{rel}","templated":true}]}}