{"id":703,"date":"2024-04-17T14:06:52","date_gmt":"2024-04-17T18:06:52","guid":{"rendered":"https:\/\/sciservers.com\/file_manager_title\/"},"modified":"2024-04-17T14:06:59","modified_gmt":"2024-04-17T18:06:59","slug":"file-manager","status":"publish","type":"page","link":"https:\/\/sciservers.com\/es\/the-hepsia-hosting-cp\/administrador-de-archivos\/","title":{"rendered":"Administrador de archivos"},"content":{"rendered":"<div class=\"dc-header-container\">\n  <div class=\"dc-information\">\n    <h1>Administrador de archivos<\/h1>\n  \t<p>La secci\u00f3n Administrador de archivos de Hepsia le permite administrar el contenido de su sitio web con simples movimientos de apuntar y hacer clic. Los men\u00fas contextuales del bot\u00f3n derecho permiten un acceso r\u00e1pido a varias opciones de administraci\u00f3n de archivos, mientras que la pr\u00e1ctica funci\u00f3n de arrastrar y soltar le permitir\u00e1 cargar nuevos archivos desde su computadora personal en un instante. Tambi\u00e9n encontrar\u00e1 editores de archivos integrados y un visor de im\u00e1genes. Tambi\u00e9n podr\u00e1s archivar y desarchivar archivos con facilidad.<\/p>\n  \t<div align=\"right\"><a class=\"rpwp-button colorize rpwp-btn\" href=\"https:\/\/demo.hepsia.com\/filemanager\/?auto_login=true\">VER DEMOSTRACI\u00d3N<\/a><\/div>\n  <\/div>\n  <div class=\"dc-video-containter\"><div id=\"fvideo1\" style=\"width:385px; cursor:pointer;\" data-poster=\"https:\/\/sciservers.com\/wp-content\/themes\/pro-hosting\/images\/hepsia-video-first-frame.png\" data-video-src=\"https:\/\/sciservers.duoservers.com\/videos\/hepsia\/Hepsia-File-Manager-640-us.mp4\">&nbsp;<\/div>\n  <\/div>\n  <br clear=\"all\" \/>\n  <div class=\"dc-bottom-line\">&nbsp;<\/div>\n  <br>\n  <!-- feature -->\n  <div class=\"hepsia-feature\">\n  \t\t<picture>\n\t\t\t\t<source srcset=\"https:\/\/sciservers.com\/wp-content\/themes\/pro-hosting\/images\/file-manager-easy-interface.webp\" type=\"image\/webp\">\n\t\t\t\t<img loading=\"lazy\" decoding=\"async\" src=\"https:\/\/sciservers.com\/wp-content\/themes\/pro-hosting\/images\/file-manager-easy-interface.jpg\"  alt=\"Cargas y descargas r\u00e1pidas de archivos\" title=\"Cargas y descargas r\u00e1pidas de archivos\" width=\"319\" height=\"195\">\n\t\t\t<\/picture>\n        <h4>Cargas y descargas r\u00e1pidas de archivos<\/h4>\n        <p>Trabajar con el Administrador de archivos es como trabajar con su PC. La funcionalidad integrada de arrastrar y soltar le permitir\u00e1 transferir archivos f\u00e1cilmente entre su computadora de escritorio y el servidor de alojamiento web. Simplemente seleccione el archivo que desea cargar desde su computadora personal y luego arr\u00e1strelo a su navegador. Lo mismo ocurre con la descarga de un archivo desde el Administrador de archivos a su disco duro. Adem\u00e1s, puedes descargar archivos e incluso carpetas a tu computadora presionando el bot\u00f3n Descargar.<\/p>\n        <br class=\"clear\">\n  <\/div>\n  <br>\n  <div class=\"hepsia-feature\">\n  \t\t<picture>\n\t\t\t\t<source srcset=\"https:\/\/sciservers.com\/wp-content\/themes\/pro-hosting\/images\/file-manager-drag-n-drop.webp\" type=\"image\/webp\">\n\t\t\t\t<img loading=\"lazy\" decoding=\"async\" src=\"https:\/\/sciservers.com\/wp-content\/themes\/pro-hosting\/images\/file-manager-drag-n-drop.jpg\"  alt=\"Opciones sencillas de edici\u00f3n de archivos\" title=\"Opciones sencillas de edici\u00f3n de archivos\" width=\"319\" height=\"195\">\n\t\t\t<\/picture>\n        <h4>Opciones sencillas de edici\u00f3n de archivos<\/h4>\n        <p>Con el Administrador de archivos, puede crear un nuevo archivo o carpeta con un solo clic. Todos los botones de acci\u00f3n est\u00e1n ubicados c\u00f3modamente encima de la lista de archivos\/carpetas y puede modificar sus archivos sin dificultad. Puede cambiar el nombre o copiar un archivo, mover un archivo a otra carpeta, explorar el contenido de un archivo o modificar sus permisos, eliminar un archivo, etc.<\/p>\n        <br class=\"clear\">\n  <\/div>\n  <br>\n  <div class=\"hepsia-feature\">\n  \t\t<picture>\n\t\t\t\t<source srcset=\"https:\/\/sciservers.com\/wp-content\/themes\/pro-hosting\/images\/file-manager-archives.webp\" type=\"image\/webp\">\n\t\t\t\t<img loading=\"lazy\" decoding=\"async\" src=\"https:\/\/sciservers.com\/wp-content\/themes\/pro-hosting\/images\/file-manager-archives.jpg\"  alt=\"Pr\u00e1ctica funcionalidad de archivar\/desarchivar\" title=\"Pr\u00e1ctica funcionalidad de archivar\/desarchivar\" width=\"319\" height=\"195\">\n\t\t\t<\/picture>\n        <h4>Pr\u00e1ctica funcionalidad de archivar\/desarchivar<\/h4>\n        <p>Con la GUI del Administrador de archivos, podr\u00e1 comprimir y descomprimir todo tipo de archivos. Funciona sorprendentemente r\u00e1pido: simplemente seleccione los archivos que desea archivar y presione el bot\u00f3n Comprimir. Incluso puedes seleccionar el tipo de archivo nuevo (.rar, .zip, etc.). Es igual de f\u00e1cil extraer un archivo comprimido a una carpeta espec\u00edfica.<\/p>\n        <br class=\"clear\">\n  <\/div>\n  <br>\n  <div class=\"hepsia-feature\">\n  \t\t<picture>\n\t\t\t\t<source srcset=\"https:\/\/sciservers.com\/wp-content\/themes\/pro-hosting\/images\/file-manager-wysiwyg.webp\" type=\"image\/webp\">\n\t\t\t\t<img loading=\"lazy\" decoding=\"async\" src=\"https:\/\/sciservers.com\/wp-content\/themes\/pro-hosting\/images\/file-manager-wysiwyg.jpg\"  alt=\"Editores de archivos\" title=\"Editores de archivos\" width=\"319\" height=\"195\">\n\t\t\t<\/picture>\n        <h4>Editores de archivos<\/h4>\n        <p>Con la GUI del Administrador de archivos, en realidad no necesita ninguna herramienta externa para actualizar sus archivos. Hay un visor de im\u00e1genes que le permite ver el contenido de sus archivos de im\u00e1genes para tener una idea de c\u00f3mo aparecer\u00e1n realmente las im\u00e1genes en su sitio. Adem\u00e1s, encontrar\u00e1 un conjunto de editores de archivos integrados, que le otorgar\u00e1n control total sobre sus archivos. El editor de texto plano y el editor de c\u00f3digo est\u00e1n destinados a usuarios m\u00e1s avanzados, mientras que el editor WYSIWYG (donde puede ver todos los cambios del c\u00f3digo fuente HTML en tiempo real) tambi\u00e9n es adecuado para usuarios sin experiencia t\u00e9cnica.<\/p>\n        <br class=\"clear\">\n  <\/div>\n  <br>\n  <!-- end of features -->\n  <div class=\"line-full-width\"><\/div>\n  <h2>M\u00e1s caracter\u00edsticas<\/h2>\n  <p>Independientemente de si tiene un solo sitio o varios sitios alojados en su <a href=\"https:\/\/sciservers.com\/es\/alojamiento-de-sitios-web-compartido\/\">alojamiento compartido<\/a> cuenta: tenemos una pr\u00e1ctica funci\u00f3n de acceso directo al host, para que pueda seleccionar r\u00e1pidamente s\u00f3lo el sitio web con el que le gustar\u00eda trabajar. Con el Administrador de archivos, tambi\u00e9n puede utilizar la mayor\u00eda de los atajos de teclado famosos: presione Eliminar para borrar un archivo o una carpeta, o mantenga presionado el bot\u00f3n Ctrl para seleccionar varios archivos a la vez.<\/p>\n  <div class=\"clear\"><\/div>\n\t    <table id=\"rp_presentation\">\n    <tr class=\"rp_pr_plan_header\">\n          <td class=\"rp_pr_plan first-plan\">\n\t  ALOJAMIENTO COMPARTIDO      <\/td>\n          <td class=\"rp_pr_plan\">\n\t  VPS KVM      <\/td>\n          <td class=\"rp_pr_plan\">\n\t  VPS OPENVZ      <\/td>\n          <td class=\"rp_pr_plan\">\n\t  PLANES SEMIDEDICADOS      <\/td>\n          <td class=\"rp_pr_plan\">\n\t  SERVIDORES DEDICADOS      <\/td>\n        <\/tr>\n    <tr class=\"rp_pr_feature_header\">\n          <td class=\"rp_pr_plan first-plan\"><\/td>\n          <td class=\"rp_pr_plan\"><\/td>\n          <td class=\"rp_pr_plan\"><\/td>\n          <td class=\"rp_pr_plan\"><\/td>\n          <td class=\"rp_pr_plan\"><\/td>\n        <\/tr>\n    <tr class=\"rp_pr_features\">\n          <td class=\"rp_pr_plan first-plan\">\n      <strong>Unlimited<\/strong> almacenamiento\n      <\/td>\n          <td class=\"rp_pr_plan\">\n      <strong>80GB<\/strong> almacenamiento\n      <\/td>\n          <td class=\"rp_pr_plan\">\n      <strong>80GB<\/strong> almacenamiento\n      <\/td>\n          <td class=\"rp_pr_plan\">\n      <strong>Unlimited<\/strong> almacenamiento\n      <\/td>\n          <td class=\"rp_pr_plan\">\n      <strong>480GB<\/strong> almacenamiento\n      <\/td>\n        <\/tr>\n    <tr class=\"rp_pr_features\">\n          <td class=\"rp_pr_plan first-plan\">\n      <strong>Unlimited<\/strong> banda ancha\n      <\/td>\n          <td class=\"rp_pr_plan\">\n      <strong>4 TB<\/strong> banda ancha\n      <\/td>\n          <td class=\"rp_pr_plan\">\n      <strong>3 TB<\/strong> banda ancha\n      <\/td>\n          <td class=\"rp_pr_plan\">\n      <strong>Unlimited<\/strong> banda ancha\n      <\/td>\n          <td class=\"rp_pr_plan\">\n      <strong>10 TB<\/strong> banda ancha\n      <\/td>\n        <\/tr>\n    <tr class=\"rp_pr_features\">\n          <td class=\"rp_pr_plan first-plan\">\n        <strong>1<\/strong> sitio web alojado      <\/td>\n          <td class=\"rp_pr_plan\">\n        <strong>Unlimited<\/strong> sitios web alojados      <\/td>\n          <td class=\"rp_pr_plan\">\n        <strong>Unlimited<\/strong> sitios web alojados      <\/td>\n          <td class=\"rp_pr_plan\">\n        <strong>Unlimited<\/strong> sitios web alojados      <\/td>\n          <td class=\"rp_pr_plan\">\n        <strong>Unlimited<\/strong> sitios web alojados      <\/td>\n        <\/tr>\n    <tr class=\"rp_pr_features\">\n          <td class=\"rp_pr_plan first-plan\">\n      <strong>Prueba gratuita de 30 d\u00edas<\/strong>      <\/td>\n          <td class=\"rp_pr_plan\">\n      <strong>24\/7\/365<\/strong> apoyo      <\/td>\n          <td class=\"rp_pr_plan\">\n      <strong>24\/7\/365<\/strong> apoyo      <\/td>\n          <td class=\"rp_pr_plan\">\n      <strong>Prueba gratuita de 30 d\u00edas<\/strong>      <\/td>\n          <td class=\"rp_pr_plan\">\n      <strong>24\/7\/365<\/strong> apoyo      <\/td>\n        <\/tr>\n    <tr class=\"rp_pr_features rp_pr_features_price\">\n          <td class=\"rp_pr_plan first-plan\">\n\t\t\t<small>empezar desde<\/small> <span class=\"currency\">$<\/span><span>6.25<\/span>\/mes\n      <\/td>\n          <td class=\"rp_pr_plan\">\n\t\t\t<small>empezar desde<\/small> <span class=\"currency\">$<\/span><span>24.00<\/span>\/mes\n      <\/td>\n          <td class=\"rp_pr_plan\">\n\t\t\t<small>empezar desde<\/small> <span class=\"currency\">$<\/span><span>17.00<\/span>\/mes\n      <\/td>\n          <td class=\"rp_pr_plan\">\n\t\t\t<small>empezar desde<\/small> <span class=\"currency\">$<\/span><span>40.00<\/span>\/mes\n      <\/td>\n          <td class=\"rp_pr_plan\">\n\t\t\t<small>empezar desde<\/small> <span class=\"currency\">$<\/span><span>63.00<\/span>\/mes\n      <\/td>\n        <\/tr>\n    <tr class=\"rp_pr_signup\">\n          <td class=\"rp_pr_plan first-plan\">\n      <form class=\"pr_rp_sing_up_form\" action=\"https:\/\/sciservers.com\/es\/formulario-de-pedido\/\" method=\"get\" data-trp-original-action=\"https:\/\/sciservers.com\/es\/formulario-de-pedido\/\">\n\t\t        <button type=\"submit\" class=\"rpwp-button colorize\"><span class=\"gloss\"><\/span>ordenar ahora<\/button>\n                        <input name=\"plan\" type=\"hidden\" value=\"44029\" \/>\n         <input type=\"hidden\" name=\"trp-form-language\" value=\"es\"\/><\/form>\n      <\/td>\n          <td class=\"rp_pr_plan\">\n      <form class=\"pr_rp_sing_up_form\" action=\"https:\/\/sciservers.com\/es\/formulario-de-pedido\/\" method=\"get\" data-trp-original-action=\"https:\/\/sciservers.com\/es\/formulario-de-pedido\/\">\n\t\t        <button type=\"submit\" class=\"rpwp-button colorize\"><span class=\"gloss\"><\/span>ordenar ahora<\/button>\n                        <input name=\"plan\" type=\"hidden\" value=\"59974\" \/>\n         <input type=\"hidden\" name=\"trp-form-language\" value=\"es\"\/><\/form>\n      <\/td>\n          <td class=\"rp_pr_plan\">\n      <form class=\"pr_rp_sing_up_form\" action=\"https:\/\/sciservers.com\/es\/formulario-de-pedido\/\" method=\"get\" data-trp-original-action=\"https:\/\/sciservers.com\/es\/formulario-de-pedido\/\">\n\t\t        <button type=\"submit\" class=\"rpwp-button colorize\"><span class=\"gloss\"><\/span>ordenar ahora<\/button>\n                        <input name=\"plan\" type=\"hidden\" value=\"65705\" \/>\n         <input type=\"hidden\" name=\"trp-form-language\" value=\"es\"\/><\/form>\n      <\/td>\n          <td class=\"rp_pr_plan\">\n      <form class=\"pr_rp_sing_up_form\" action=\"https:\/\/sciservers.com\/es\/formulario-de-pedido\/\" method=\"get\" data-trp-original-action=\"https:\/\/sciservers.com\/es\/formulario-de-pedido\/\">\n\t\t        <button type=\"submit\" class=\"rpwp-button colorize\"><span class=\"gloss\"><\/span>ordenar ahora<\/button>\n                        <input name=\"plan\" type=\"hidden\" value=\"36905\" \/>\n         <input type=\"hidden\" name=\"trp-form-language\" value=\"es\"\/><\/form>\n      <\/td>\n          <td class=\"rp_pr_plan\">\n      <form class=\"pr_rp_sing_up_form\" action=\"https:\/\/sciservers.com\/es\/formulario-de-pedido\/\" method=\"get\" data-trp-original-action=\"https:\/\/sciservers.com\/es\/formulario-de-pedido\/\">\n\t\t        <button type=\"submit\" class=\"rpwp-button colorize\"><span class=\"gloss\"><\/span>ordenar ahora<\/button>\n                        <input name=\"plan\" type=\"hidden\" value=\"60551\" \/>\n         <input type=\"hidden\" name=\"trp-form-language\" value=\"es\"\/><\/form>\n      <\/td>\n        <\/tr>\n    <tr class=\"rp_pr_end\">\n          <td class=\"rp_pr_plan first-plan\">&nbsp;<\/td>\n          <td class=\"rp_pr_plan\">&nbsp;<\/td>\n          <td class=\"rp_pr_plan\">&nbsp;<\/td>\n          <td class=\"rp_pr_plan\">&nbsp;<\/td>\n          <td class=\"rp_pr_plan\">&nbsp;<\/td>\n        <\/tr>\n  <\/table>\n \n<\/div>","protected":false},"excerpt":{"rendered":"File Manager Hepsia's File Manager section enables you to manage the content of your website with simple point &amp; click movements. Right-click context menus allow rapid access to various file management options, while handy drag-and-drop functionality will allow you to upload new files from your personal computer in an instant. You will also find built-in<span class=\"excerpt_more\"><a href=\"https:\/\/sciservers.com\/es\/the-hepsia-hosting-cp\/administrador-de-archivos\/\">[continue...]<\/a><\/span>","protected":false},"author":1,"featured_media":0,"parent":675,"menu_order":0,"comment_status":"closed","ping_status":"closed","template":"","meta":{"footnotes":""},"class_list":["post-703","page","type-page","status-publish","hentry"],"_links":{"self":[{"href":"https:\/\/sciservers.com\/es\/wp-json\/wp\/v2\/pages\/703","targetHints":{"allow":["GET"]}}],"collection":[{"href":"https:\/\/sciservers.com\/es\/wp-json\/wp\/v2\/pages"}],"about":[{"href":"https:\/\/sciservers.com\/es\/wp-json\/wp\/v2\/types\/page"}],"author":[{"embeddable":true,"href":"https:\/\/sciservers.com\/es\/wp-json\/wp\/v2\/users\/1"}],"replies":[{"embeddable":true,"href":"https:\/\/sciservers.com\/es\/wp-json\/wp\/v2\/comments?post=703"}],"version-history":[{"count":0,"href":"https:\/\/sciservers.com\/es\/wp-json\/wp\/v2\/pages\/703\/revisions"}],"up":[{"embeddable":true,"href":"https:\/\/sciservers.com\/es\/wp-json\/wp\/v2\/pages\/675"}],"wp:attachment":[{"href":"https:\/\/sciservers.com\/es\/wp-json\/wp\/v2\/media?parent=703"}],"curies":[{"name":"wp","href":"https:\/\/api.w.org\/{rel}","templated":true}]}}