{"id":704,"date":"2024-04-17T14:06:52","date_gmt":"2024-04-17T18:06:52","guid":{"rendered":"https:\/\/sciservers.com\/web_accelerators_title\/"},"modified":"2024-04-17T14:06:59","modified_gmt":"2024-04-17T18:06:59","slug":"advanced-features","status":"publish","type":"page","link":"https:\/\/sciservers.com\/es\/the-hepsia-hosting-cp\/caracteristicas-avanzadas\/","title":{"rendered":"Caracter\u00edsticas avanzadas"},"content":{"rendered":"<div class=\"dc-header-container\">\n  <div class=\"dc-information\">\n    <h1>Caracter\u00edsticas avanzadas<\/h1>\n  \t<p>La pesta\u00f1a Avanzado le brinda acceso r\u00e1pido a una variedad de herramientas avanzadas, entre ellas el sistema de almacenamiento en cach\u00e9 de objetos de memoria distribuida Memcached y el acelerador de aplicaciones web Varnish Cache, que lo ayudar\u00e1n a optimizar sus sitios y aplicaciones sin necesidad de salir del Panel de control del alojamiento. Seg\u00fan el paquete de alojamiento, estas funciones se agregan de forma predeterminada o est\u00e1n disponibles en forma de actualizaciones f\u00e1ciles de obtener. Tambi\u00e9n est\u00e1 disponible compatibilidad con InnoDB y NodeJS.<\/p>\n  \t<div align=\"right\"><a class=\"rpwp-button colorize rpwp-btn\" href=\"https:\/\/demo.hepsia.com\/advanced\/varnish\/?auto_login=true\">VER DEMOSTRACI\u00d3N<\/a><\/div>\n  <\/div>\n  <div class=\"dc-video-containter\"><div id=\"fvideo1\" style=\"width:385px; cursor:pointer;\" data-poster=\"https:\/\/sciservers.com\/wp-content\/themes\/pro-hosting\/images\/hepsia-video-first-frame.png\" data-video-src=\"https:\/\/sciservers.duoservers.com\/videos\/hepsia\/Hepsia-Web-Acceleration-640-us.mp4\">&nbsp;<\/div>\n  <\/div>\n  <br clear=\"all\" \/>\n  <div class=\"dc-bottom-line\">&nbsp;<\/div>\n  <br>\n  <!-- feature -->\n  <div class=\"hepsia-feature\">\n  \t\t<picture>\n\t\t\t\t<source srcset=\"https:\/\/sciservers.com\/wp-content\/themes\/pro-hosting\/images\/web-accelerators-varnish.webp\" type=\"image\/webp\">\n\t\t\t\t<img loading=\"lazy\" decoding=\"async\" src=\"https:\/\/sciservers.com\/wp-content\/themes\/pro-hosting\/images\/web-accelerators-varnish.jpg\"  alt=\"Barniz\" title=\"Barniz\" width=\"319\" height=\"195\">\n\t\t\t<\/picture>\n        <h4>Barniz<\/h4>\n        <p>Varnish Cache es un acelerador de aplicaciones web, tambi\u00e9n conocido como proxy inverso HTTP de almacenamiento en cach\u00e9. Puede instalarlo frente a cualquier servidor que hable HTTP y configurarlo para almacenar en cach\u00e9 el contenido. Varnish Cache es realmente r\u00e1pido y har\u00e1 que su sitio web se cargue mucho m\u00e1s r\u00e1pido. Una de las principales ventajas de Varnish Cache es la flexibilidad de su lenguaje espec\u00edfico de dominio, VCL, que le permite definir c\u00f3mo se deben tratar las solicitudes entrantes.<\/p>\n        <br class=\"clear\">\n  <\/div>\n  <br>\n  <div class=\"hepsia-feature\">\n  \t\t<picture>\n\t\t\t\t<source srcset=\"https:\/\/sciservers.com\/wp-content\/themes\/pro-hosting\/images\/web-accelerators-memcached.webp\" type=\"image\/webp\">\n\t\t\t\t<img loading=\"lazy\" decoding=\"async\" src=\"https:\/\/sciservers.com\/wp-content\/themes\/pro-hosting\/images\/web-accelerators-memcached.jpg\"  alt=\"Memcached\" title=\"Memcached\" width=\"319\" height=\"195\">\n\t\t\t<\/picture>\n        <h4>Memcached<\/h4>\n        <p>Memcached es un sistema gen\u00e9rico de almacenamiento en cach\u00e9 de memoria distribuida para aumentar la velocidad de carga de sitios web din\u00e1micos basados en bases de datos. Se utiliza para disminuir la cantidad de veces que se lee una fuente de datos externa (como una base de datos o API) mediante el almacenamiento en cach\u00e9 de datos y objetos en la RAM. El sistema de almacenamiento en cach\u00e9 de memoria distribuida Memcached utiliza una arquitectura de dos niveles. El sistema de almacenamiento en cach\u00e9 de objetos de memoria Memcached es empleado por algunos de los sitios web con mayor tr\u00e1fico de Internet y es compatible con sistemas de gesti\u00f3n de contenido famosos como Joomla y WordPress.<\/p>\n        <br class=\"clear\">\n  <\/div>\n  <br>\n  <div class=\"hepsia-feature\">\n  \t\t<picture>\n\t\t\t\t<source srcset=\"https:\/\/sciservers.com\/wp-content\/themes\/pro-hosting\/images\/web-accelerators-nodejs.webp\" type=\"image\/webp\">\n\t\t\t\t<img loading=\"lazy\" decoding=\"async\" src=\"https:\/\/sciservers.com\/wp-content\/themes\/pro-hosting\/images\/web-accelerators-nodejs.jpg\"  alt=\"Nodo.js\" title=\"Nodo.js\" width=\"319\" height=\"195\">\n\t\t\t<\/picture>\n        <h4>Nodo.js<\/h4>\n        <p>Node.js es una plataforma de software para escribir aplicaciones de Internet escalables. Escrito en JavaScript, Node.js utiliza un modelo de E\/S as\u00edncrono controlado por eventos que lo hace liviano y efectivo, adecuado para aplicaciones de alto rendimiento con uso intensivo de datos. Node.js utiliza el motor JavaScript V8 de Google, libUV y varias bibliotecas integradas.<\/p>\n        <br class=\"clear\">\n  <\/div>\n  <br>\n  <!-- end of features -->\n  <div class=\"line-full-width\"><\/div>\n  <h2>InnoDB<\/h2>\n  <p>InnoDB es el motor de almacenamiento predeterminado para el sistema de gesti\u00f3n de bases de datos de c\u00f3digo abierto MySQL. Un motor de base de datos es el principal componente de software que utiliza un DBMS para crear, recuperar, modificar y eliminar datos de una base de datos. Su \u00faltima versi\u00f3n ofrece mejoras sustanciales en eficacia, confiabilidad y usabilidad. InnoDB proporciona las propiedades de transacci\u00f3n ACID est\u00e1ndar, junto con soporte de integridad referencial. InnoDB se incluye por defecto en la mayor\u00eda de las distribuciones binarias de MySQL AB.<\/p>\n  <div class=\"clear\"><\/div>\n\t    <table id=\"rp_presentation\">\n    <tr class=\"rp_pr_plan_header\">\n          <td class=\"rp_pr_plan first-plan\">\n\t  ALOJAMIENTO COMPARTIDO      <\/td>\n          <td class=\"rp_pr_plan\">\n\t  VPS KVM      <\/td>\n          <td class=\"rp_pr_plan\">\n\t  VPS OPENVZ      <\/td>\n          <td class=\"rp_pr_plan\">\n\t  PLANES SEMIDEDICADOS      <\/td>\n          <td class=\"rp_pr_plan\">\n\t  SERVIDORES DEDICADOS      <\/td>\n        <\/tr>\n    <tr class=\"rp_pr_feature_header\">\n          <td class=\"rp_pr_plan first-plan\"><\/td>\n          <td class=\"rp_pr_plan\"><\/td>\n          <td class=\"rp_pr_plan\"><\/td>\n          <td class=\"rp_pr_plan\"><\/td>\n          <td class=\"rp_pr_plan\"><\/td>\n        <\/tr>\n    <tr class=\"rp_pr_features\">\n          <td class=\"rp_pr_plan first-plan\">\n      <strong>Unlimited<\/strong> almacenamiento\n      <\/td>\n          <td class=\"rp_pr_plan\">\n      <strong>80GB<\/strong> almacenamiento\n      <\/td>\n          <td class=\"rp_pr_plan\">\n      <strong>80GB<\/strong> almacenamiento\n      <\/td>\n          <td class=\"rp_pr_plan\">\n      <strong>Unlimited<\/strong> almacenamiento\n      <\/td>\n          <td class=\"rp_pr_plan\">\n      <strong>480GB<\/strong> almacenamiento\n      <\/td>\n        <\/tr>\n    <tr class=\"rp_pr_features\">\n          <td class=\"rp_pr_plan first-plan\">\n      <strong>Unlimited<\/strong> banda ancha\n      <\/td>\n          <td class=\"rp_pr_plan\">\n      <strong>4 TB<\/strong> banda ancha\n      <\/td>\n          <td class=\"rp_pr_plan\">\n      <strong>3 TB<\/strong> banda ancha\n      <\/td>\n          <td class=\"rp_pr_plan\">\n      <strong>Unlimited<\/strong> banda ancha\n      <\/td>\n          <td class=\"rp_pr_plan\">\n      <strong>10 TB<\/strong> banda ancha\n      <\/td>\n        <\/tr>\n    <tr class=\"rp_pr_features\">\n          <td class=\"rp_pr_plan first-plan\">\n        <strong>1<\/strong> sitio web alojado      <\/td>\n          <td class=\"rp_pr_plan\">\n        <strong>Unlimited<\/strong> sitios web alojados      <\/td>\n          <td class=\"rp_pr_plan\">\n        <strong>Unlimited<\/strong> sitios web alojados      <\/td>\n          <td class=\"rp_pr_plan\">\n        <strong>Unlimited<\/strong> sitios web alojados      <\/td>\n          <td class=\"rp_pr_plan\">\n        <strong>Unlimited<\/strong> sitios web alojados      <\/td>\n        <\/tr>\n    <tr class=\"rp_pr_features\">\n          <td class=\"rp_pr_plan first-plan\">\n      <strong>Prueba gratuita de 30 d\u00edas<\/strong>      <\/td>\n          <td class=\"rp_pr_plan\">\n      <strong>24\/7\/365<\/strong> apoyo      <\/td>\n          <td class=\"rp_pr_plan\">\n      <strong>24\/7\/365<\/strong> apoyo      <\/td>\n          <td class=\"rp_pr_plan\">\n      <strong>Prueba gratuita de 30 d\u00edas<\/strong>      <\/td>\n          <td class=\"rp_pr_plan\">\n      <strong>24\/7\/365<\/strong> apoyo      <\/td>\n        <\/tr>\n    <tr class=\"rp_pr_features rp_pr_features_price\">\n          <td class=\"rp_pr_plan first-plan\">\n\t\t\t<small>empezar desde<\/small> <span class=\"currency\">$<\/span><span>6.25<\/span>\/mes\n      <\/td>\n          <td class=\"rp_pr_plan\">\n\t\t\t<small>empezar desde<\/small> <span class=\"currency\">$<\/span><span>24.00<\/span>\/mes\n      <\/td>\n          <td class=\"rp_pr_plan\">\n\t\t\t<small>empezar desde<\/small> <span class=\"currency\">$<\/span><span>17.00<\/span>\/mes\n      <\/td>\n          <td class=\"rp_pr_plan\">\n\t\t\t<small>empezar desde<\/small> <span class=\"currency\">$<\/span><span>40.00<\/span>\/mes\n      <\/td>\n          <td class=\"rp_pr_plan\">\n\t\t\t<small>empezar desde<\/small> <span class=\"currency\">$<\/span><span>63.00<\/span>\/mes\n      <\/td>\n        <\/tr>\n    <tr class=\"rp_pr_signup\">\n          <td class=\"rp_pr_plan first-plan\">\n      <form class=\"pr_rp_sing_up_form\" action=\"https:\/\/sciservers.com\/es\/formulario-de-pedido\/\" method=\"get\" data-trp-original-action=\"https:\/\/sciservers.com\/es\/formulario-de-pedido\/\">\n\t\t        <button type=\"submit\" class=\"rpwp-button colorize\"><span class=\"gloss\"><\/span>ordenar ahora<\/button>\n                        <input name=\"plan\" type=\"hidden\" value=\"44029\" \/>\n         <input type=\"hidden\" name=\"trp-form-language\" value=\"es\"\/><\/form>\n      <\/td>\n          <td class=\"rp_pr_plan\">\n      <form class=\"pr_rp_sing_up_form\" action=\"https:\/\/sciservers.com\/es\/formulario-de-pedido\/\" method=\"get\" data-trp-original-action=\"https:\/\/sciservers.com\/es\/formulario-de-pedido\/\">\n\t\t        <button type=\"submit\" class=\"rpwp-button colorize\"><span class=\"gloss\"><\/span>ordenar ahora<\/button>\n                        <input name=\"plan\" type=\"hidden\" value=\"59974\" \/>\n         <input type=\"hidden\" name=\"trp-form-language\" value=\"es\"\/><\/form>\n      <\/td>\n          <td class=\"rp_pr_plan\">\n      <form class=\"pr_rp_sing_up_form\" action=\"https:\/\/sciservers.com\/es\/formulario-de-pedido\/\" method=\"get\" data-trp-original-action=\"https:\/\/sciservers.com\/es\/formulario-de-pedido\/\">\n\t\t        <button type=\"submit\" class=\"rpwp-button colorize\"><span class=\"gloss\"><\/span>ordenar ahora<\/button>\n                        <input name=\"plan\" type=\"hidden\" value=\"65705\" \/>\n         <input type=\"hidden\" name=\"trp-form-language\" value=\"es\"\/><\/form>\n      <\/td>\n          <td class=\"rp_pr_plan\">\n      <form class=\"pr_rp_sing_up_form\" action=\"https:\/\/sciservers.com\/es\/formulario-de-pedido\/\" method=\"get\" data-trp-original-action=\"https:\/\/sciservers.com\/es\/formulario-de-pedido\/\">\n\t\t        <button type=\"submit\" class=\"rpwp-button colorize\"><span class=\"gloss\"><\/span>ordenar ahora<\/button>\n                        <input name=\"plan\" type=\"hidden\" value=\"36905\" \/>\n         <input type=\"hidden\" name=\"trp-form-language\" value=\"es\"\/><\/form>\n      <\/td>\n          <td class=\"rp_pr_plan\">\n      <form class=\"pr_rp_sing_up_form\" action=\"https:\/\/sciservers.com\/es\/formulario-de-pedido\/\" method=\"get\" data-trp-original-action=\"https:\/\/sciservers.com\/es\/formulario-de-pedido\/\">\n\t\t        <button type=\"submit\" class=\"rpwp-button colorize\"><span class=\"gloss\"><\/span>ordenar ahora<\/button>\n                        <input name=\"plan\" type=\"hidden\" value=\"60551\" \/>\n         <input type=\"hidden\" name=\"trp-form-language\" value=\"es\"\/><\/form>\n      <\/td>\n        <\/tr>\n    <tr class=\"rp_pr_end\">\n          <td class=\"rp_pr_plan first-plan\">&nbsp;<\/td>\n          <td class=\"rp_pr_plan\">&nbsp;<\/td>\n          <td class=\"rp_pr_plan\">&nbsp;<\/td>\n          <td class=\"rp_pr_plan\">&nbsp;<\/td>\n          <td class=\"rp_pr_plan\">&nbsp;<\/td>\n        <\/tr>\n  <\/table>\n \n<\/div>","protected":false},"excerpt":{"rendered":"Advanced Features The Advanced tab grants you quick access to an array of advanced tools, among them the Memcached distributed memory object caching system and the Varnish Cache web application accelerator, which will help you optimize your sites and apps without needing to leave the hosting Control Panel. Based on the hosting package, these features<span class=\"excerpt_more\"><a href=\"https:\/\/sciservers.com\/es\/the-hepsia-hosting-cp\/caracteristicas-avanzadas\/\">[continue...]<\/a><\/span>","protected":false},"author":1,"featured_media":0,"parent":675,"menu_order":0,"comment_status":"closed","ping_status":"closed","template":"","meta":{"footnotes":""},"class_list":["post-704","page","type-page","status-publish","hentry"],"_links":{"self":[{"href":"https:\/\/sciservers.com\/es\/wp-json\/wp\/v2\/pages\/704","targetHints":{"allow":["GET"]}}],"collection":[{"href":"https:\/\/sciservers.com\/es\/wp-json\/wp\/v2\/pages"}],"about":[{"href":"https:\/\/sciservers.com\/es\/wp-json\/wp\/v2\/types\/page"}],"author":[{"embeddable":true,"href":"https:\/\/sciservers.com\/es\/wp-json\/wp\/v2\/users\/1"}],"replies":[{"embeddable":true,"href":"https:\/\/sciservers.com\/es\/wp-json\/wp\/v2\/comments?post=704"}],"version-history":[{"count":0,"href":"https:\/\/sciservers.com\/es\/wp-json\/wp\/v2\/pages\/704\/revisions"}],"up":[{"embeddable":true,"href":"https:\/\/sciservers.com\/es\/wp-json\/wp\/v2\/pages\/675"}],"wp:attachment":[{"href":"https:\/\/sciservers.com\/es\/wp-json\/wp\/v2\/media?parent=704"}],"curies":[{"name":"wp","href":"https:\/\/api.w.org\/{rel}","templated":true}]}}