{"id":731,"date":"2024-04-17T14:06:53","date_gmt":"2024-04-17T18:06:53","guid":{"rendered":"https:\/\/sciservers.com\/articles_main_title\/"},"modified":"2024-04-17T14:06:59","modified_gmt":"2024-04-17T18:06:59","slug":"hosting-articles","status":"publish","type":"page","link":"https:\/\/sciservers.com\/es\/articulos-de-alojamiento\/","title":{"rendered":"Art\u00edculos de alojamiento"},"content":{"rendered":"<div id=\"aboutus-content-main\">\n\t<h1>Art\u00edculos de alojamiento<\/h1>\n\t<p>\u00bfQu\u00e9 es exactamente el alojamiento en la nube? \u00bfY qu\u00e9 es el hosting en general? \u00bfQu\u00e9 son los SSL? \u00bfY qu\u00e9 es un nombre de dominio? Encuentre las respuestas a estas y otras preguntas en nuestros art\u00edculos detallados sobre alojamiento.<\/p><br \/>\n<div class=\"article-summary\"><a href=\"https:\/\/sciservers.com\/es\/articulos-de-alojamiento\/servicios-de-alojamiento-web-a-bajo-precio-para-sus-nombres-de-dominio\/\"><picture>\n\t\t\t\t<source srcset=\"https:\/\/sciservers.com\/wp-content\/themes\/pro-hosting\/images\/articles-thumbs\/domain-web-hosting.webp\" type=\"image\/webp\">\n\t\t\t\t<img decoding=\"async\" class=\"article-thumb\" src=\"https:\/\/sciservers.com\/wp-content\/themes\/pro-hosting\/images\/articles-thumbs\/domain-web-hosting.jpg\"  alt=\"Alojamiento web de dominio\" title=\"Alojamiento web de dominio\">\n\t\t\t<\/picture><\/a>\n\t\t\t<h2><a href=\"https:\/\/sciservers.com\/es\/articulos-de-alojamiento\/servicios-de-alojamiento-web-a-bajo-precio-para-sus-nombres-de-dominio\/\">Alojamiento web de dominio<\/a><\/h2>Elegir alojamiento para su nombre de dominio es un trabajo dif\u00edcil y estamos listos para ayudarlo. \u00bfCu\u00e1les son las especificaciones que necesita buscar y cu\u00e1l es el plan de alojamiento de sitios web ideal para usted? Obtenga m\u00e1s informaci\u00f3n en nuestro art\u00edculo sobre alojamiento web de dominios.<\/div><div class=\"article-summary\"><a href=\"https:\/\/sciservers.com\/es\/articulos-de-alojamiento\/mejor-alojamiento-compartido\/\"><picture>\n\t\t\t\t<source srcset=\"https:\/\/sciservers.com\/wp-content\/themes\/pro-hosting\/images\/articles-thumbs\/best-hosting.webp\" type=\"image\/webp\">\n\t\t\t\t<img decoding=\"async\" class=\"article-thumb\" src=\"https:\/\/sciservers.com\/wp-content\/themes\/pro-hosting\/images\/articles-thumbs\/best-hosting.jpg\"  alt=\"Mejor alojamiento\" title=\"Mejor alojamiento\">\n\t\t\t<\/picture><\/a>\n\t\t\t<h2><a href=\"https:\/\/sciservers.com\/es\/articulos-de-alojamiento\/mejor-alojamiento-compartido\/\">Mejor alojamiento<\/a><\/h2>\u00bfCu\u00e1l es el mejor servicio de alojamiento web para usted y su(s) sitio(s)? \u00bfC\u00f3mo seleccionar el mejor proveedor de hosting? \u00bfDeber\u00edas comprar un VPS o un servidor dedicado? Aprenda todo lo que necesita saber con este \u00fatil art\u00edculo.<\/div><div class=\"article-summary\"><a href=\"https:\/\/sciservers.com\/es\/articulos-de-alojamiento\/explicacion-de-servidores-dedicados\/\"><picture>\n\t\t\t\t<source srcset=\"https:\/\/sciservers.com\/wp-content\/themes\/pro-hosting\/images\/articles-thumbs\/dedicated-hosting.webp\" type=\"image\/webp\">\n\t\t\t\t<img decoding=\"async\" class=\"article-thumb\" src=\"https:\/\/sciservers.com\/wp-content\/themes\/pro-hosting\/images\/articles-thumbs\/dedicated-hosting.jpg\"  alt=\"Alojamiento dedicado\" title=\"Alojamiento dedicado\">\n\t\t\t<\/picture><\/a>\n\t\t\t<h2><a href=\"https:\/\/sciservers.com\/es\/articulos-de-alojamiento\/explicacion-de-servidores-dedicados\/\">Alojamiento dedicado<\/a><\/h2>\u00bfQu\u00e9 son los servidores dedicados y c\u00f3mo pueden ayudarle a hacer crecer su sitio web? \u00bfC\u00f3mo elegir el servidor hosting dedicado perfecto para ti? Vea cu\u00e1les son las diferencias entre hosting dedicado y hosting de sitios web compartido.<\/div><div class=\"article-summary\"><a href=\"https:\/\/sciservers.com\/es\/articulos-de-alojamiento\/el-paquete-de-administrador-de-dominio-gratuito\/\"><picture>\n\t\t\t\t<source srcset=\"https:\/\/sciservers.com\/wp-content\/themes\/pro-hosting\/images\/articles-thumbs\/domain-manager.webp\" type=\"image\/webp\">\n\t\t\t\t<img decoding=\"async\" class=\"article-thumb\" src=\"https:\/\/sciservers.com\/wp-content\/themes\/pro-hosting\/images\/articles-thumbs\/domain-manager.jpg\"  alt=\"Administrador de dominio\" title=\"Administrador de dominio\">\n\t\t\t<\/picture><\/a>\n\t\t\t<h2><a href=\"https:\/\/sciservers.com\/es\/articulos-de-alojamiento\/el-paquete-de-administrador-de-dominio-gratuito\/\">Administrador de dominio<\/a><\/h2>Para controlar completamente su dominio, necesita tener un sistema de administraci\u00f3n de dominios con todas las funciones. Aqu\u00ed es donde entra en juego nuestro Administrador de dominios, con todas las herramientas que pueda necesitar para su dominio.<\/div><div class=\"article-summary\"><a href=\"https:\/\/sciservers.com\/es\/articulos-de-alojamiento\/definicion-de-certificados-de-capa-de-sockets-seguros\/\"><picture>\n\t\t\t\t<source srcset=\"https:\/\/sciservers.com\/wp-content\/themes\/pro-hosting\/images\/articles-thumbs\/ssl-certificates.webp\" type=\"image\/webp\">\n\t\t\t\t<img decoding=\"async\" class=\"article-thumb\" src=\"https:\/\/sciservers.com\/wp-content\/themes\/pro-hosting\/images\/articles-thumbs\/ssl-certificates.jpg\"  alt=\"Certificados SSL\" title=\"Certificados SSL\">\n\t\t\t<\/picture><\/a>\n\t\t\t<h2><a href=\"https:\/\/sciservers.com\/es\/articulos-de-alojamiento\/definicion-de-certificados-de-capa-de-sockets-seguros\/\">Certificados SSL<\/a><\/h2>Los certificados SSL son imprescindibles si tiene una tienda electr\u00f3nica o simplemente vende cosas desde su sitio web. Sin embargo, trabajar con ellos puede ser | a veces es complicado. Aprenda c\u00f3mo solicitar un SSL con SCI-SERVERS sin ning\u00fan trabajo adicional.<\/div><div class=\"article-summary\"><a href=\"https:\/\/sciservers.com\/es\/articulos-de-alojamiento\/como-funciona-el-hosting-semidedicado\/\"><picture>\n\t\t\t\t<source srcset=\"https:\/\/sciservers.com\/wp-content\/themes\/pro-hosting\/images\/articles-thumbs\/semi-dedicated-hosting.webp\" type=\"image\/webp\">\n\t\t\t\t<img decoding=\"async\" class=\"article-thumb\" src=\"https:\/\/sciservers.com\/wp-content\/themes\/pro-hosting\/images\/articles-thumbs\/semi-dedicated-hosting.jpg\"  alt=\"Alojamiento semidedicado\" title=\"Alojamiento semidedicado\">\n\t\t\t<\/picture><\/a>\n\t\t\t<h2><a href=\"https:\/\/sciservers.com\/es\/articulos-de-alojamiento\/como-funciona-el-hosting-semidedicado\/\">Alojamiento semidedicado<\/a><\/h2>Si necesita m\u00e1s potencia de la que puede ofrecerle una oferta de alojamiento compartido, pero no desea administrar un servidor web completo, la soluci\u00f3n de alojamiento semidedicado es perfecta para usted. Obtenga m\u00e1s informaci\u00f3n al respecto en nuestro art\u00edculo detallado.<\/div><div class=\"article-summary\"><a href=\"https:\/\/sciservers.com\/es\/articulos-de-alojamiento\/explicacion-de-alojamiento-web-compartido\/\"><picture>\n\t\t\t\t<source srcset=\"https:\/\/sciservers.com\/wp-content\/themes\/pro-hosting\/images\/articles-thumbs\/shared-hosting.webp\" type=\"image\/webp\">\n\t\t\t\t<img decoding=\"async\" class=\"article-thumb\" src=\"https:\/\/sciservers.com\/wp-content\/themes\/pro-hosting\/images\/articles-thumbs\/shared-hosting.jpg\"  alt=\"Alojamiento compartido\" title=\"Alojamiento compartido\">\n\t\t\t<\/picture><\/a>\n\t\t\t<h2><a href=\"https:\/\/sciservers.com\/es\/articulos-de-alojamiento\/explicacion-de-alojamiento-web-compartido\/\">Alojamiento compartido<\/a><\/h2>El alojamiento compartido es el servicio de alojamiento m\u00e1s asequible y popular y es la opci\u00f3n correcta para sitios web peque\u00f1os y personales. En SCI-SERVERS brindamos servicios premium de alojamiento compartido a precios asequibles.<\/div><div class=\"article-summary\"><a href=\"https:\/\/sciservers.com\/es\/articulos-de-alojamiento\/definicion-de-alojamiento-web-en-la-nube\/\"><picture>\n\t\t\t\t<source srcset=\"https:\/\/sciservers.com\/wp-content\/themes\/pro-hosting\/images\/articles-thumbs\/what-is-cloud-hosting.webp\" type=\"image\/webp\">\n\t\t\t\t<img decoding=\"async\" class=\"article-thumb\" src=\"https:\/\/sciservers.com\/wp-content\/themes\/pro-hosting\/images\/articles-thumbs\/what-is-cloud-hosting.jpg\"  alt=\"\u00bfQu\u00e9 es el alojamiento en la nube?\" title=\"\u00bfQu\u00e9 es el alojamiento en la nube?\">\n\t\t\t<\/picture><\/a>\n\t\t\t<h2><a href=\"https:\/\/sciservers.com\/es\/articulos-de-alojamiento\/definicion-de-alojamiento-web-en-la-nube\/\">\u00bfQu\u00e9 es el alojamiento en la nube?<\/a><\/h2>El alojamiento web en la nube es algo bastante nuevo para la comunidad de alojamiento de sitios web y la mayor\u00eda de las personas no entienden realmente lo que es el alojamiento en la nube. En SCI-SERVERS, le demostraremos todo lo que necesita saber sobre el alojamiento en la nube.<\/div><div class=\"article-summary\"><a href=\"https:\/\/sciservers.com\/es\/articulos-de-alojamiento\/definicion-de-servicios-de-alojamiento-compartido\/\"><picture>\n\t\t\t\t<source srcset=\"https:\/\/sciservers.com\/wp-content\/themes\/pro-hosting\/images\/articles-thumbs\/web-hosting-services.webp\" type=\"image\/webp\">\n\t\t\t\t<img decoding=\"async\" class=\"article-thumb\" src=\"https:\/\/sciservers.com\/wp-content\/themes\/pro-hosting\/images\/articles-thumbs\/web-hosting-services.jpg\"  alt=\"Servicios de alojamiento web\" title=\"Servicios de alojamiento web\">\n\t\t\t<\/picture><\/a>\n\t\t\t<h2><a href=\"https:\/\/sciservers.com\/es\/articulos-de-alojamiento\/definicion-de-servicios-de-alojamiento-compartido\/\">Servicios de alojamiento web<\/a><\/h2>El servicio de alojamiento web es el servicio que est\u00e1 detr\u00e1s de todos los sitios de la web. Es la combinaci\u00f3n de espacio de servidor y tecnolog\u00edas lo que permite que un sitio web se vea en l\u00ednea. Obtenga m\u00e1s informaci\u00f3n sobre el servicio de alojamiento web en nuestro art\u00edculo dedicado.<\/div><div class=\"article-summary\"><a href=\"https:\/\/sciservers.com\/es\/articulos-de-alojamiento\/descripcion-del-revendedor-de-hosting\/\"><picture>\n\t\t\t\t<source srcset=\"https:\/\/sciservers.com\/wp-content\/themes\/pro-hosting\/images\/articles-thumbs\/reseller-hosting.webp\" type=\"image\/webp\">\n\t\t\t\t<img decoding=\"async\" class=\"article-thumb\" src=\"https:\/\/sciservers.com\/wp-content\/themes\/pro-hosting\/images\/articles-thumbs\/reseller-hosting.jpg\"  alt=\"Alojamiento para revendedores\" title=\"Alojamiento para revendedores\">\n\t\t\t<\/picture><\/a>\n\t\t\t<h2><a href=\"https:\/\/sciservers.com\/es\/articulos-de-alojamiento\/descripcion-del-revendedor-de-hosting\/\">Alojamiento para revendedores<\/a><\/h2>El alojamiento de revendedor es una soluci\u00f3n tan antigua como el alojamiento web. Da la oportunidad a personas sin experiencia de ganar dinero vendiendo hosting, sin tener que invertir nada y sin necesidad de tener conocimientos de programaci\u00f3n.<\/div><div class=\"article-summary\"><a href=\"https:\/\/sciservers.com\/es\/articulos-de-alojamiento\/servicios-de-alojamiento-web-economicos\/\"><picture>\n\t\t\t\t<source srcset=\"https:\/\/sciservers.com\/wp-content\/themes\/pro-hosting\/images\/articles-thumbs\/affordable-hosting.webp\" type=\"image\/webp\">\n\t\t\t\t<img decoding=\"async\" class=\"article-thumb\" src=\"https:\/\/sciservers.com\/wp-content\/themes\/pro-hosting\/images\/articles-thumbs\/affordable-hosting.jpg\"  alt=\"Alojamiento asequible\" title=\"Alojamiento asequible\">\n\t\t\t<\/picture><\/a>\n\t\t\t<h2><a href=\"https:\/\/sciservers.com\/es\/articulos-de-alojamiento\/servicios-de-alojamiento-web-economicos\/\">Alojamiento asequible<\/a><\/h2>Un alojamiento barato o asequible no significa un mal alojamiento web. En el mundo actual, muchos proveedores de hosting reducen sus precios para conseguir m\u00e1s clientes. Conozca cu\u00e1l es la diferencia entre un alojamiento asequible y una mala soluci\u00f3n de alojamiento web.<\/div><div class=\"article-summary\"><a href=\"https:\/\/sciservers.com\/es\/articulos-de-alojamiento\/descripcion-del-hosting-compartido\/\"><picture>\n\t\t\t\t<source srcset=\"https:\/\/sciservers.com\/wp-content\/themes\/pro-hosting\/images\/articles-thumbs\/web-hosting-hosting.webp\" type=\"image\/webp\">\n\t\t\t\t<img decoding=\"async\" class=\"article-thumb\" src=\"https:\/\/sciservers.com\/wp-content\/themes\/pro-hosting\/images\/articles-thumbs\/web-hosting-hosting.jpg\"  alt=\"Alojamiento web\" title=\"Alojamiento web\">\n\t\t\t<\/picture><\/a>\n\t\t\t<h2><a href=\"https:\/\/sciservers.com\/es\/articulos-de-alojamiento\/descripcion-del-hosting-compartido\/\">Alojamiento web<\/a><\/h2>El alojamiento web es una de las b\u00fasquedas de Google m\u00e1s populares en los \u00faltimos a\u00f1os. Si bien en la mayor\u00eda de los casos el alojamiento web es igual al alojamiento compartido, tambi\u00e9n puede significar alojamiento de servidor privado virtual. Aprende todo sobre los diferentes tipos de hosting.<\/div><div class=\"article-summary\"><a href=\"https:\/\/sciservers.com\/es\/articulos-de-alojamiento\/que-son-los-nombres-de-dominio\/\"><picture>\n\t\t\t\t<source srcset=\"https:\/\/sciservers.com\/wp-content\/themes\/pro-hosting\/images\/articles-thumbs\/domain-names.webp\" type=\"image\/webp\">\n\t\t\t\t<img decoding=\"async\" class=\"article-thumb\" src=\"https:\/\/sciservers.com\/wp-content\/themes\/pro-hosting\/images\/articles-thumbs\/domain-names.jpg\"  alt=\"Nombres de dominio\" title=\"Nombres de dominio\">\n\t\t\t<\/picture><\/a>\n\t\t\t<h2><a href=\"https:\/\/sciservers.com\/es\/articulos-de-alojamiento\/que-son-los-nombres-de-dominio\/\">Nombres de dominio<\/a><\/h2>Un dominio es un requisito en el mundo en el que vivimos. El nombre de dominio es el t\u00edtulo de su sitio web y es lo que la gente utilizar\u00e1 para llegar a su sitio. Obtenga m\u00e1s informaci\u00f3n sobre los nombres de dominio y su importancia en nuestro art\u00edculo detallado.<\/div><div class=\"article-summary\"><a href=\"https:\/\/sciservers.com\/es\/articulos-de-alojamiento\/alojamiento-cpanel-desenmascarado\/\"><picture>\n\t\t\t\t<source srcset=\"https:\/\/sciservers.com\/wp-content\/themes\/pro-hosting\/images\/articles-thumbs\/how-cpanel-works.webp\" type=\"image\/webp\">\n\t\t\t\t<img decoding=\"async\" class=\"article-thumb\" src=\"https:\/\/sciservers.com\/wp-content\/themes\/pro-hosting\/images\/articles-thumbs\/how-cpanel-works.jpg\"  alt=\"\u00bfC\u00f3mo funciona el alojamiento cPanel?\" title=\"\u00bfC\u00f3mo funciona el alojamiento cPanel?\">\n\t\t\t<\/picture><\/a>\n\t\t\t<h2><a href=\"https:\/\/sciservers.com\/es\/articulos-de-alojamiento\/alojamiento-cpanel-desenmascarado\/\">\u00bfC\u00f3mo funciona el alojamiento cPanel?<\/a><\/h2>El panel de control de alojamiento web cPanel es el panel de control m\u00e1s popular que existe, pero tambi\u00e9n es bastante antiguo y se basa en ideas del a\u00f1o 2000 para realizar el trabajo. Descubra c\u00f3mo funciona realmente el alojamiento cPanel.<\/div><div class=\"article-summary\"><a href=\"https:\/\/sciservers.com\/es\/articulos-de-alojamiento\/como-funcionan-los-servidores-privados-virtuales\/\"><picture>\n\t\t\t\t<source srcset=\"https:\/\/sciservers.com\/wp-content\/themes\/pro-hosting\/images\/articles-thumbs\/vps-hosting.webp\" type=\"image\/webp\">\n\t\t\t\t<img decoding=\"async\" class=\"article-thumb\" src=\"https:\/\/sciservers.com\/wp-content\/themes\/pro-hosting\/images\/articles-thumbs\/vps-hosting.jpg\"  alt=\"Alojamiento VPS\" title=\"Alojamiento VPS\">\n\t\t\t<\/picture><\/a>\n\t\t\t<h2><a href=\"https:\/\/sciservers.com\/es\/articulos-de-alojamiento\/como-funcionan-los-servidores-privados-virtuales\/\">Alojamiento VPS<\/a><\/h2>VPS o Servidores Privados Virtuales son el sustituto m\u00e1s asequible del hosting dedicado. Pero barato no significa que tenga poca potencia: el alojamiento web VPS ofrece una excelente relaci\u00f3n precio-funciones a precios muy decentes.<\/div>\n <\/div>\n <div id=\"aboutus-sidebar\">\n  <h3>Atenci\u00f3n al cliente<\/h3>\n<a href=\"https:\/\/sciservers.com\/es\/apoyo\/\"><picture>\n\t\t\t\t<source srcset=\"https:\/\/sciservers.com\/wp-content\/themes\/pro-hosting\/images\/\/\/customer-support.webp\" type=\"image\/webp\">\n\t\t\t\t<img decoding=\"async\" src=\"https:\/\/sciservers.com\/wp-content\/themes\/pro-hosting\/images\/\/customer-support.png\"  alt=\"Atenci\u00f3n al cliente\" title=\"Atenci\u00f3n al cliente\">\n\t\t\t<\/picture><\/a>\n<br \/>\n<div class=\"line\"><\/div>\n  \n  \n  \n  <h3>Administrador de correo electr\u00f3nico<\/h3>\n<a href=\"https:\/\/sciservers.com\/es\/the-hepsia-hosting-cp\/email-manager\/\"><picture>\n\t\t\t\t<source srcset=\"https:\/\/sciservers.com\/wp-content\/themes\/pro-hosting\/images\/\/\/hepsia-email-manager.webp\" type=\"image\/webp\">\n\t\t\t\t<img decoding=\"async\" src=\"https:\/\/sciservers.com\/wp-content\/themes\/pro-hosting\/images\/\/hepsia-email-manager.jpg\"  alt=\"Administrador de correo electr\u00f3nico\" title=\"Administrador de correo electr\u00f3nico\">\n\t\t\t<\/picture><\/a>\n<p>\n  Tenga control absoluto sobre sus buzones de correo con protecci\u00f3n contra spam y filtros de correo electr\u00f3nico.\n  <\/p>\n<div class=\"line\"><\/div>\n  \n  <h3>Instalador con 1 clic<\/h3>\n<a href=\"https:\/\/sciservers.com\/es\/the-hepsia-hosting-cp\/instalador-de-aplicaciones\/\"><picture>\n\t\t\t\t<source srcset=\"https:\/\/sciservers.com\/wp-content\/themes\/pro-hosting\/images\/\/\/hepsia-1-click-installer.webp\" type=\"image\/webp\">\n\t\t\t\t<img decoding=\"async\" src=\"https:\/\/sciservers.com\/wp-content\/themes\/pro-hosting\/images\/\/hepsia-1-click-installer.jpg\"  alt=\"Instalador con 1 clic\" title=\"Instalador con 1 clic\">\n\t\t\t<\/picture><\/a>\n<p>\n  Instale m\u00e1s de 40 aplicaciones de sitios web populares con solo un clic.\n  <\/p>\n<div class=\"line\"><\/div>\n  <h3>Administrador de dominio avanzado<\/h3>\n<a href=\"https:\/\/sciservers.com\/es\/the-hepsia-hosting-cp\/administrador-de-dominio\/\"><picture>\n\t\t\t\t<source srcset=\"https:\/\/sciservers.com\/wp-content\/themes\/pro-hosting\/images\/\/\/hepsia-domain-manager.webp\" type=\"image\/webp\">\n\t\t\t\t<img decoding=\"async\" src=\"https:\/\/sciservers.com\/wp-content\/themes\/pro-hosting\/images\/\/hepsia-domain-manager.jpg\"  alt=\"Administrador de dominio avanzado\" title=\"Administrador de dominio avanzado\">\n\t\t\t<\/picture><\/a>\n<p>\n  \u00a1Controla varios nombres de dominio desde una \u00fanica ubicaci\u00f3n! Edite Whois, cambie servidores de nombres o configure dominios estacionados con solo un clic.\n  <\/p>\n<div class=\"line\"><\/div>\n <\/div> \n  <br clear=\"all\" \/><br\/>","protected":false},"excerpt":{"rendered":"Hosting Articles What exactly is cloud hosting? And what is hosting in general? What are SSLs? And what is a domain name? Find the answers to these and other questions in our detailed hosting articles.","protected":false},"author":1,"featured_media":0,"parent":0,"menu_order":0,"comment_status":"closed","ping_status":"closed","template":"","meta":{"footnotes":""},"class_list":["post-731","page","type-page","status-publish","hentry"],"_links":{"self":[{"href":"https:\/\/sciservers.com\/es\/wp-json\/wp\/v2\/pages\/731","targetHints":{"allow":["GET"]}}],"collection":[{"href":"https:\/\/sciservers.com\/es\/wp-json\/wp\/v2\/pages"}],"about":[{"href":"https:\/\/sciservers.com\/es\/wp-json\/wp\/v2\/types\/page"}],"author":[{"embeddable":true,"href":"https:\/\/sciservers.com\/es\/wp-json\/wp\/v2\/users\/1"}],"replies":[{"embeddable":true,"href":"https:\/\/sciservers.com\/es\/wp-json\/wp\/v2\/comments?post=731"}],"version-history":[{"count":0,"href":"https:\/\/sciservers.com\/es\/wp-json\/wp\/v2\/pages\/731\/revisions"}],"wp:attachment":[{"href":"https:\/\/sciservers.com\/es\/wp-json\/wp\/v2\/media?parent=731"}],"curies":[{"name":"wp","href":"https:\/\/api.w.org\/{rel}","templated":true}]}}