{"id":732,"date":"2024-04-17T14:06:53","date_gmt":"2024-04-17T18:06:53","guid":{"rendered":"https:\/\/sciservers.com\/article_best_hosting_title_1\/"},"modified":"2024-04-17T14:06:59","modified_gmt":"2024-04-17T18:06:59","slug":"best-shared-hosting","status":"publish","type":"page","link":"https:\/\/sciservers.com\/es\/articulos-de-alojamiento\/mejor-alojamiento-compartido\/","title":{"rendered":"Mejor alojamiento compartido"},"content":{"rendered":"<h1>Mejor alojamiento compartido<\/h1><br \/>\n<div id=\"shared-box\"  class=\"right\"><div id=\"box-price\">\n                    <span class=\"box-price-currency\">$<\/span><span class=\"box-price-value\">8.75<\/span> <span class=\"box-price-period\">\/mes<\/span><br \/>\n    <\/div>\n        <div id=\"box-title\"><h2>Regular <span class=\"box-sub-title\">Plan<\/span><\/h2><\/div>\n<div id=\"box-content\">\n            <ul>\n                <li><strong>Unlimited<\/strong> Data Storage<\/li>\n                <li><strong>Unlimited<\/strong> Transferencia de datos<\/li>\n                <li><strong>5<\/strong> Dominios alojados<\/li>\n                                <li><strong>Prueba gratuita de 30 d\u00edas<\/strong><\/li>\n            <\/ul><div class=\"clear\"><\/div>\n            <div id=\"box-bottom\"><div class=\"plan-details-link\"><a href=\"https:\/\/sciservers.com\/es\/alojamiento-de-sitios-web-compartido\/\">Ver detalles del plan<\/a><\/div>\n            <form method=\"get\" class=\"pr_rp_sing_up_form\" action=\"https:\/\/sciservers.com\/es\/formulario-de-pedido\/\" data-trp-original-action=\"https:\/\/sciservers.com\/es\/formulario-de-pedido\/\">\n    \t\t\t<button class=\"rpwp-button colorize\"><span class=\"gloss\"><\/span>comprar ahora<\/button>\n                        <input name=\"plan\" type=\"hidden\" value=\"1\" \/>\n\t<input type=\"hidden\" name=\"trp-form-language\" value=\"es\"\/><\/form>\n<\/div>\n        <\/div>\n    <\/div><p>Hay varios tipos de <a href=\"https:\/\/sciservers.com\/es\/alojamiento-de-sitios-web-compartido\/\">alojamiento compartido<\/a> servicios adecuados para diferentes sitios web en cuanto a los recursos o el entorno de alojamiento compartido que demandan. Para seleccionar el m\u00e1s adecuado <a href=\"https:\/\/sciservers.com\/es\/articulos-de-alojamiento\/definicion-de-servicios-de-alojamiento-compartido\/\">servicio de alojamiento compartido<\/a> Para tu p\u00e1gina web, debes calcular qu\u00e9 software del lado del servidor requiere, cu\u00e1ntas visitas diarias esperas al inicio y en el futuro, as\u00ed como cualquier otra necesidad espec\u00edfica que debas satisfacer.<\/p>\n\n<h2>Alojamiento web compartido: ventajas<\/h2>\n\n<p>La opci\u00f3n m\u00e1s relevante para p\u00e1ginas web de peque\u00f1o tama\u00f1o con varios cientos o miles de espectadores es una cuenta de alojamiento compartido. Con esta forma de alojamiento de sitios web, cada cliente paga s\u00f3lo por su cuenta, lo que minimiza cr\u00edticamente el costo total por usuario. Existen varias soluciones de alojamiento web que var\u00edan de un proveedor de alojamiento web a otro, y que ofrecen diferentes cantidades de espacio de almacenamiento en el disco duro y tr\u00e1fico web, diferentes cuotas de cuentas de correo electr\u00f3nico, etc. El privilegio es que puede pagar por un plan que tendr\u00e1 los recursos que su sitio web realmente necesita. No necesitar\u00e1 pagar mucho dinero por un paquete que no utilizar\u00e1, o terminar con una cuenta peque\u00f1a que no puede albergar el portal web. Nosotros, en SCI-SERVERS, ofrecemos una gran variedad de planes de alojamiento compartido adecuados para p\u00e1ginas web privadas o de peque\u00f1as empresas que incluso ofrecen sistemas basados en scripts preactivados como Joomla, Mambo, Drupal o WordPress, para hacerlo m\u00e1s f\u00e1cil. Si comienza con una cuenta de bajo precio y necesita m\u00e1s recursos del sistema, actualizar a una cuenta m\u00e1s potente implica solo un clic del mouse.<\/p>\n\n<h2>Alojamiento web compartido - Puntos negativos<\/h2>\n\n<p>Una desventaja de la <a href=\"https:\/\/sciservers.com\/es\/articulos-de-alojamiento\/explicacion-de-alojamiento-web-compartido\/\">alojamiento compartido<\/a> El entorno es que los servidores de alojamiento tienen algunos programas de software instalados y usted no puede activar plataformas de software adicionales. Ciertos sitios web, sobre todo las tiendas en l\u00ednea, exigen que las aplicaciones est\u00e9n disponibles en el servidor para poder funcionar, y con un entorno de alojamiento compartido, s\u00f3lo puede activar software que no necesita acceso ra\u00edz al servidor.<\/p>\n\n<h2>Servidores web virtuales y servidores de alojamiento web dedicados<\/h2>\n\n<p>Para portales web que solicitan acceso ra\u00edz completo, o si su sitio web tiene miles o incluso 1.000.000 de visitantes por d\u00eda, lo que usted exige es un <a href=\"https:\/\/sciservers.com\/es\/alojamiento-de-servidores-privados-virtuales-openvz\/\">servidores privados virtuales<\/a> o un <a href=\"https:\/\/sciservers.com\/es\/servidores-dedicados\/\">servidor dedicado<\/a>. Un Servidor Privado Virtual es una imitaci\u00f3n virtual de una m\u00e1quina dedicada y se comporta exactamente de la misma manera.<\/p>\n\n<h2>Servidores de hosting privados virtuales<\/h2>\n\n<p>Ambos entornos tradicionalmente proporcionan acceso root y el cliente puede reiniciarlos mediante una herramienta de software, de forma aut\u00f3noma de la empresa de hosting. De manera an\u00e1loga a los planes de alojamiento de sitios web compartidos, el <a href=\"https:\/\/sciservers.com\/es\/articulos-de-alojamiento\/como-funcionan-los-servidores-privados-virtuales\/\">servidores privados virtuales<\/a> y las cuentas del servidor de alojamiento web dedicado comprenden diferentes caracter\u00edsticas seg\u00fan lo que ofrece la empresa de alojamiento. Un plan de Servidor Privado Virtual incluye cuotas garantizadas de almacenamiento del servidor, RAM y uso de la unidad central de procesamiento que ocasionalmente pueden aumentarse durante breves intervalos de tiempo en caso de que haya recursos disponibles en el servidor f\u00edsico. Con un servidor web dedicado, el \u00fanico l\u00edmite es la configuraci\u00f3n de hardware que est\u00e1 utilizando, y se puede acelerar modificando o a\u00f1adiendo componentes. Un servidor virtual privado es m\u00e1s sencillo de manejar, ya que ofrece una consola de virtualizaci\u00f3n, que puede usarse para reiniciarlo, instalar aplicaciones de software, examinar estad\u00edsticas, etc. La gesti\u00f3n de un servidor de hosting dedicado es m\u00e1s complicada, por lo que dicha soluci\u00f3n ser\u00eda m\u00e1s sencilla. en lugar de ser utilizado por clientes expertos.<\/p>\n\n<h2>Servidores de alojamiento dedicados<\/h2>\n\n<p>Sin embargo, algunos proveedores de alojamiento web ofrecen servicios gestionados. <a href=\"https:\/\/sciservers.com\/es\/articulos-de-alojamiento\/explicacion-de-servidores-dedicados\/\">alojamiento web en servidor dedicado<\/a> soluciones donde implementan operaciones de administraci\u00f3n de servidores web dedicados en lugar del cliente. Esto puede estar incluido en el paquete o como una opci\u00f3n adicional.<\/p>\n\n<h2>Antes de decidir...<\/h2>\n\n<p>Decidirse por el mejor paquete de alojamiento es crucial, ya que puede afectar el funcionamiento estable de un portal en l\u00ednea. Antes de optar por un paquete, sopese los pros y los contras, verifique cuidadosamente todos los requisitos para que la p\u00e1gina web funcione correctamente, especialmente si est\u00e1 basada en scripts. Y si todav\u00eda no est\u00e1s seguro de cu\u00e1l es el mejor <a href=\"https:\/\/sciservers.com\/es\/articulos-de-alojamiento\/descripcion-del-hosting-compartido\/\">alojamiento compartido<\/a> servicio para usted, pregunte a nuestros operadores de chat en vivo o ll\u00e1menos; nuestros representantes de ventas estar\u00e1n encantados de ayudarle y responder a todas sus preguntas.<\/p>  <table id=\"rp_presentation\">\n    <tr class=\"rp_pr_plan_header\">\n          <td class=\"rp_pr_plan first-plan\">Regular<\/td>\n          <td class=\"rp_pr_plan\">De lujo<\/td>\n          <td class=\"rp_pr_plan\">\u00daltimo<\/td>\n          <td class=\"rp_pr_plan\">Econom\u00eda<\/td>\n        <\/tr>\n    <tr class=\"rp_pr_feature_header\">\n          <td class=\"rp_pr_plan first-plan\"><\/td>\n          <td class=\"rp_pr_plan\"><\/td>\n          <td class=\"rp_pr_plan\"><\/td>\n          <td class=\"rp_pr_plan\"><\/td>\n        <\/tr>\n    <tr class=\"rp_pr_features\">\n          <td class=\"rp_pr_plan first-plan\">\n      <strong>Unlimited<\/strong> almacenamiento\n      <\/td>\n          <td class=\"rp_pr_plan\">\n      <strong>Unlimited<\/strong> almacenamiento\n      <\/td>\n          <td class=\"rp_pr_plan\">\n      <strong>Unlimited<\/strong> almacenamiento\n      <\/td>\n          <td class=\"rp_pr_plan\">\n      <strong>Unlimited<\/strong> almacenamiento\n      <\/td>\n        <\/tr>\n    <tr class=\"rp_pr_features\">\n          <td class=\"rp_pr_plan first-plan\">\n      <strong>Unlimited<\/strong> banda ancha\n      <\/td>\n          <td class=\"rp_pr_plan\">\n      <strong>Unlimited<\/strong> banda ancha\n      <\/td>\n          <td class=\"rp_pr_plan\">\n      <strong>Unlimited<\/strong> banda ancha\n      <\/td>\n          <td class=\"rp_pr_plan\">\n      <strong>Unlimited<\/strong> banda ancha\n      <\/td>\n        <\/tr>\n    <tr class=\"rp_pr_features\">\n          <td class=\"rp_pr_plan first-plan\">\n      <strong>5<\/strong> sitios web alojados      <\/td>\n          <td class=\"rp_pr_plan\">\n      <strong>Unlimited<\/strong> sitios web alojados      <\/td>\n          <td class=\"rp_pr_plan\">\n      <strong>Unlimited<\/strong> sitios web alojados      <\/td>\n          <td class=\"rp_pr_plan\">\n      <strong>1<\/strong> sitio web alojado      <\/td>\n        <\/tr>\n    <tr class=\"rp_pr_features\">\n          <td class=\"rp_pr_plan first-plan\">\n      <strong>Prueba gratuita de 30 d\u00edas<\/strong>\n      <\/td>\n          <td class=\"rp_pr_plan\">\n      <strong>Prueba gratuita de 30 d\u00edas<\/strong>\n      <\/td>\n          <td class=\"rp_pr_plan\">\n      <strong>Prueba gratuita de 30 d\u00edas<\/strong>\n      <\/td>\n          <td class=\"rp_pr_plan\">\n      <strong>Prueba gratuita de 30 d\u00edas<\/strong>\n      <\/td>\n        <\/tr>\n    <tr class=\"rp_pr_features rp_pr_features_price\">\n          <td class=\"rp_pr_plan first-plan\">\n      <span class=\"currency\">$<\/span><span>8.75<\/span> \/ mes\n      <\/td>\n          <td class=\"rp_pr_plan\">\n      <span class=\"currency\">$<\/span><span>17.08<\/span> \/ mes\n      <\/td>\n          <td class=\"rp_pr_plan\">\n      <span class=\"currency\">$<\/span><span>21.25<\/span> \/ mes\n      <\/td>\n          <td class=\"rp_pr_plan\">\n      <span class=\"currency\">$<\/span><span>6.25<\/span> \/ mes\n      <\/td>\n        <\/tr>\n    <tr class=\"rp_pr_signup\">\n          <td class=\"rp_pr_plan first-plan\">\n      <form class=\"pr_rp_sing_up_form\" action=\"https:\/\/sciservers.com\/es\/formulario-de-pedido\/get-shared-website-hosting\/\" method=\"get\" data-trp-original-action=\"https:\/\/sciservers.com\/es\/formulario-de-pedido\/get-shared-website-hosting\/\">\n\t\t        <button type=\"submit\" class=\"rpwp-button colorize\"><span class=\"gloss\"><\/span>ordenar ahora<\/button>\n                        <input name=\"plan\" type=\"hidden\" value=\"1\" \/>\n         <input type=\"hidden\" name=\"trp-form-language\" value=\"es\"\/><\/form>\n      <\/td>\n          <td class=\"rp_pr_plan\">\n      <form class=\"pr_rp_sing_up_form\" action=\"https:\/\/sciservers.com\/es\/formulario-de-pedido\/get-shared-website-hosting\/\" method=\"get\" data-trp-original-action=\"https:\/\/sciservers.com\/es\/formulario-de-pedido\/get-shared-website-hosting\/\">\n\t\t        <button type=\"submit\" class=\"rpwp-button colorize\"><span class=\"gloss\"><\/span>ordenar ahora<\/button>\n                        <input name=\"plan\" type=\"hidden\" value=\"2\" \/>\n         <input type=\"hidden\" name=\"trp-form-language\" value=\"es\"\/><\/form>\n      <\/td>\n          <td class=\"rp_pr_plan\">\n      <form class=\"pr_rp_sing_up_form\" action=\"https:\/\/sciservers.com\/es\/formulario-de-pedido\/get-shared-website-hosting\/\" method=\"get\" data-trp-original-action=\"https:\/\/sciservers.com\/es\/formulario-de-pedido\/get-shared-website-hosting\/\">\n\t\t        <button type=\"submit\" class=\"rpwp-button colorize\"><span class=\"gloss\"><\/span>ordenar ahora<\/button>\n                        <input name=\"plan\" type=\"hidden\" value=\"44\" \/>\n         <input type=\"hidden\" name=\"trp-form-language\" value=\"es\"\/><\/form>\n      <\/td>\n          <td class=\"rp_pr_plan\">\n      <form class=\"pr_rp_sing_up_form\" action=\"https:\/\/sciservers.com\/es\/formulario-de-pedido\/get-shared-website-hosting\/\" method=\"get\" data-trp-original-action=\"https:\/\/sciservers.com\/es\/formulario-de-pedido\/get-shared-website-hosting\/\">\n\t\t        <button type=\"submit\" class=\"rpwp-button colorize\"><span class=\"gloss\"><\/span>ordenar ahora<\/button>\n                        <input name=\"plan\" type=\"hidden\" value=\"44029\" \/>\n         <input type=\"hidden\" name=\"trp-form-language\" value=\"es\"\/><\/form>\n      <\/td>\n        <\/tr>\n    <tr class=\"rp_pr_end\">\n          <td class=\"rp_pr_plan first-plan\">&nbsp;<\/td>\n          <td class=\"rp_pr_plan\">&nbsp;<\/td>\n          <td class=\"rp_pr_plan\">&nbsp;<\/td>\n          <td class=\"rp_pr_plan\">&nbsp;<\/td>\n        <\/tr>\n  <\/table>","protected":false},"excerpt":{"rendered":"Best Shared Hosting There are various types of shared hosting services suitable for different web sites in regard to the resources or the shared hosting environment they demand. To select the most appropriate shared hosting service for your web page, you must calculate what server-side software it requires, how many daily visits you expect at<span class=\"excerpt_more\"><a href=\"https:\/\/sciservers.com\/es\/articulos-de-alojamiento\/mejor-alojamiento-compartido\/\">[continue...]<\/a><\/span>","protected":false},"author":1,"featured_media":0,"parent":731,"menu_order":0,"comment_status":"closed","ping_status":"closed","template":"","meta":{"footnotes":""},"class_list":["post-732","page","type-page","status-publish","hentry"],"_links":{"self":[{"href":"https:\/\/sciservers.com\/es\/wp-json\/wp\/v2\/pages\/732","targetHints":{"allow":["GET"]}}],"collection":[{"href":"https:\/\/sciservers.com\/es\/wp-json\/wp\/v2\/pages"}],"about":[{"href":"https:\/\/sciservers.com\/es\/wp-json\/wp\/v2\/types\/page"}],"author":[{"embeddable":true,"href":"https:\/\/sciservers.com\/es\/wp-json\/wp\/v2\/users\/1"}],"replies":[{"embeddable":true,"href":"https:\/\/sciservers.com\/es\/wp-json\/wp\/v2\/comments?post=732"}],"version-history":[{"count":0,"href":"https:\/\/sciservers.com\/es\/wp-json\/wp\/v2\/pages\/732\/revisions"}],"up":[{"embeddable":true,"href":"https:\/\/sciservers.com\/es\/wp-json\/wp\/v2\/pages\/731"}],"wp:attachment":[{"href":"https:\/\/sciservers.com\/es\/wp-json\/wp\/v2\/media?parent=732"}],"curies":[{"name":"wp","href":"https:\/\/api.w.org\/{rel}","templated":true}]}}