{"id":738,"date":"2024-04-17T14:06:53","date_gmt":"2024-04-17T18:06:53","guid":{"rendered":"https:\/\/sciservers.com\/article_domain_manager_title_1\/"},"modified":"2024-04-17T14:06:59","modified_gmt":"2024-04-17T18:06:59","slug":"the-free-of-charge-domain-manager-package","status":"publish","type":"page","link":"https:\/\/sciservers.com\/es\/articulos-de-alojamiento\/el-paquete-de-administrador-de-dominio-gratuito\/","title":{"rendered":"El paquete de administrador de dominio gratuito"},"content":{"rendered":"<h1>El paquete de administrador de dominio gratuito<\/h1>\n<p>En caso de que su sitio a\u00fan no est\u00e9 listo pero haya decidido el nombre del sitio web que desea, consulte el plan gratuito de Administrador de Dominios. Este paquete le permitir\u00e1 registrarse o transferir <a href=\"https:\/\/sciservers.com\/es\/dominio-y-hosting-compartido\/\">nombres de dominio<\/a> a un precio econ\u00f3mico y maneja todas sus configuraciones desde un solo lugar: la interfaz de usuario del Administrador de Dominios.<\/p>\n\n<h2>M\u00e1s de 50 dominios de nivel superior para elegir<\/h2>\n\n<div class=\"domain-promo\"><h3>We offer more than 160 tlds<\/h3>\n    <div><script language=\"javascript\">\n\/\/var tldpromos = new Array(\"com\",\"net\",\"org\",\"info\",\"biz\",\"us\",\"uk\",\"co.uk\",\"eu\",\"site\",\"online\",\"website\",\"space\",\"es\",\"tech\",\"store\",\"de\",\"it\",\"nl\",\"fr\",\"fun\",\"press\",\"be\",\"org.uk\",\"me.uk\",\"cn\",\"com.cn\",\"net.cn\",\"org.cn\");\n<\/script>\n<form action=\"https:\/\/sciservers.com\/es\/dominio-y-hosting-compartido\/\" method=\"post\" id=\"domainForm1\" data-trp-original-action=\"https:\/\/sciservers.com\/es\/dominio-y-hosting-compartido\/\">\n        <input title=\"texto\" name=\"domain_sld\" id=\"domain_sld\" value=\"Ex. my-website-name\" onfocus=\"if(this.value == 'Ex. my-website-name') { this.value = ''; }\" onblur=\"if(this.value == '') { this.value = 'Ex. my-website-name'; }\" \/>\n        <select name=\"domain_tld\" id=\"domain_tld\">\n\t\t            <option value=\"academy\" >.academia<\/option>\n                    <option value=\"agency\" >.agency<\/option>\n                    <option value=\"ai\" >.ai<\/option>\n                    <option value=\"bargains\" >.ofertas<\/option>\n                    <option value=\"bike\" >.bike<\/option>\n                    <option value=\"boutique\" >.boutique<\/option>\n                    <option value=\"broker\" >.broker<\/option>\n                    <option value=\"cafe\" >.cafeter\u00eda<\/option>\n                    <option value=\"capital\" >.capital<\/option>\n                    <option value=\"center\" >.centro<\/option>\n                    <option value=\"cheap\" >.barato<\/option>\n                    <option value=\"city\" >.city<\/option>\n                    <option value=\"coach\" >.entrenador<\/option>\n                    <option value=\"codes\" >.codes<\/option>\n                    <option value=\"coffee\" >.coffee<\/option>\n                    <option value=\"computer\" >.computadora<\/option>\n                    <option value=\"consulting\" >.consultante<\/option>\n                    <option value=\"cool\" >.Fr\u00edo<\/option>\n                    <option value=\"coupons\" >.cupones<\/option>\n                    <option value=\"dance\" >.dance<\/option>\n                    <option value=\"delivery\" >.delivery<\/option>\n                    <option value=\"democrat\" >.democrat<\/option>\n                    <option value=\"digital\" >.digital<\/option>\n                    <option value=\"dog\" >.dog<\/option>\n                    <option value=\"email\" >.correo electr\u00f3nico<\/option>\n                    <option value=\"engineering\" >.ingenier\u00eda<\/option>\n                    <option value=\"enterprises\" >.empresas<\/option>\n                    <option value=\"estate\" >.bienes<\/option>\n                    <option value=\"events\" >.eventos<\/option>\n                    <option value=\"expert\" >.experto<\/option>\n                    <option value=\"express\" >.expresar<\/option>\n                    <option value=\"farm\" >.granja<\/option>\n                    <option value=\"fitness\" >.aptitud f\u00edsica<\/option>\n                    <option value=\"forsale\" >.en venta<\/option>\n                    <option value=\"foundation\" >.base<\/option>\n                    <option value=\"fyi\" >.para tu informaci\u00f3n<\/option>\n                    <option value=\"group\" >.grupo<\/option>\n                    <option value=\"house\" >.house<\/option>\n                    <option value=\"institute\" >.institute<\/option>\n                    <option value=\"international\" >.internacional<\/option>\n                    <option value=\"io\" >.io<\/option>\n                    <option value=\"irish\" >.irlandesa<\/option>\n                    <option value=\"kitchen\" >.kitchen<\/option>\n                    <option value=\"land\" >.tierra<\/option>\n                    <option value=\"life\" >.life<\/option>\n                    <option value=\"ltd\" >.limitado<\/option>\n                    <option value=\"marketing\" >.marketing<\/option>\n                    <option value=\"media\" >.medios de comunicaci\u00f3n<\/option>\n                    <option value=\"money\" >.dinero<\/option>\n                    <option value=\"network\" >.red<\/option>\n                    <option value=\"partners\" >.socios<\/option>\n                    <option value=\"parts\" >.parts<\/option>\n                    <option value=\"pet\" >.pet<\/option>\n                    <option value=\"photography\" >.fotograf\u00eda<\/option>\n                    <option value=\"photos\" >.fotos<\/option>\n                    <option value=\"plus\" >.m\u00e1s<\/option>\n                    <option value=\"productions\" >.producciones<\/option>\n                    <option value=\"properties\" >.propiedades<\/option>\n                    <option value=\"recipes\" >.recetas<\/option>\n                    <option value=\"rentals\" >.alquileres<\/option>\n                    <option value=\"repair\" >.reparar<\/option>\n                    <option value=\"republican\" >.republican<\/option>\n                    <option value=\"rocks\" >.rocas<\/option>\n                    <option value=\"sale\" >.venta<\/option>\n                    <option value=\"school\" >.escuela<\/option>\n                    <option value=\"shop\" >.shop<\/option>\n                    <option value=\"social\" >.social<\/option>\n                    <option value=\"software\" >.software<\/option>\n                    <option value=\"support\" >.apoyo<\/option>\n                    <option value=\"systems\" >.sistemas<\/option>\n                    <option value=\"team\" >.equipo<\/option>\n                    <option value=\"technology\" >.tecnolog\u00eda<\/option>\n                    <option value=\"tips\" >.tips<\/option>\n                    <option value=\"today\" >.hoy<\/option>\n                    <option value=\"tools\" >.tools<\/option>\n                    <option value=\"training\" >.training<\/option>\n                    <option value=\"wine\" >.vino<\/option>\n                    <option value=\"works\" >.obras<\/option>\n                    <option value=\"world\" >.mundo<\/option>\n                    <option value=\"zone\" >.zona<\/option>\n                    <option value=\"com\" selected>.com<\/option>\n                    <option value=\"net\" >.neto<\/option>\n                    <option value=\"org\" >.org<\/option>\n                    <option value=\"info\" >.info<\/option>\n                    <option value=\"biz\" >.negocio<\/option>\n                    <option value=\"us\" >.a nosotros<\/option>\n                    <option value=\"uk\" >.Reino Unido<\/option>\n                    <option value=\"co.uk\" >.co.uk<\/option>\n                    <option value=\"ie\" >.es decir<\/option>\n                    <option value=\"ca\" >.California<\/option>\n                    <option value=\"eu\" >.UE<\/option>\n                    <option value=\"com.au\" >.com.au<\/option>\n                    <option value=\"site\" >.sitio<\/option>\n                    <option value=\"online\" >.en l\u00ednea<\/option>\n                    <option value=\"website\" >.sitio web<\/option>\n                    <option value=\"space\" >.espacio<\/option>\n                    <option value=\"co\" >.co<\/option>\n                    <option value=\"ae\" >.ae<\/option>\n                    <option value=\"qa\" >.qa<\/option>\n                    <option value=\"co.za\" >.co.za<\/option>\n                    <option value=\"es\" >.es<\/option>\n                    <option value=\"me\" >.a m\u00ed<\/option>\n                    <option value=\"tv\" >.televisor<\/option>\n                    <option value=\"xyz\" >.xyz<\/option>\n                    <option value=\"top\" >.arriba<\/option>\n                    <option value=\"pro\" >.Pro<\/option>\n                    <option value=\"tech\" >.tecnolog\u00eda<\/option>\n                    <option value=\"store\" >.almacenar<\/option>\n                    <option value=\"company\" >.compa\u00f1\u00eda<\/option>\n                    <option value=\"solutions\" >.soluciones<\/option>\n                    <option value=\"services\" >.servicios<\/option>\n                    <option value=\"deals\" >.ofertas<\/option>\n                    <option value=\"in\" >.en<\/option>\n                    <option value=\"de\" >.Delaware<\/option>\n                    <option value=\"it\" >.\u00e9l<\/option>\n                    <option value=\"nl\" >.nl<\/option>\n                    <option value=\"fr\" >.fr<\/option>\n                    <option value=\"co.il\" >.bobina<\/option>\n                    <option value=\"ch\" >.ch<\/option>\n                    <option value=\"se\" >.se<\/option>\n                    <option value=\"no\" >.No<\/option>\n                    <option value=\"fi\" >.fi<\/option>\n                    <option value=\"co.nz\" >.co.nz<\/option>\n                    <option value=\"pt\" >.pt<\/option>\n                    <option value=\"pl\" >.pl<\/option>\n                    <option value=\"gr\" >.gramo<\/option>\n                    <option value=\"ph\" >.ph<\/option>\n                    <option value=\"jp\" >.jp<\/option>\n                    <option value=\"club\" >.club<\/option>\n                    <option value=\"party\" >.fiesta<\/option>\n                    <option value=\"fun\" >.divertido<\/option>\n                    <option value=\"press\" >.prensa<\/option>\n                    <option value=\"news\" >.noticias<\/option>\n                    <option value=\"name\" >.nombre<\/option>\n                    <option value=\"mobi\" >.mobi<\/option>\n                    <option value=\"guru\" >.gur\u00fa<\/option>\n                    <option value=\"ninja\" >.ninja<\/option>\n                    <option value=\"family\" >.familia<\/option>\n                    <option value=\"cc\" >.cc<\/option>\n                    <option value=\"ws\" >.ws<\/option>\n                    <option value=\"be\" >.ser<\/option>\n                    <option value=\"mx\" >.mx<\/option>\n                    <option value=\"com.mx\" >.com.mx<\/option>\n                    <option value=\"org.uk\" >.org.uk<\/option>\n                    <option value=\"me.uk\" >.me.uk<\/option>\n                    <option value=\"net.au\" >.net.au<\/option>\n                    <option value=\"org.au\" >.org.au<\/option>\n                    <option value=\"at\" >.en<\/option>\n                    <option value=\"nu\" >.nu<\/option>\n                    <option value=\"asia\" >.Asia<\/option>\n                    <option value=\"net.nz\" >.net.nz<\/option>\n                    <option value=\"org.nz\" >.org.nz<\/option>\n                    <option value=\"cn\" >.cn<\/option>\n                    <option value=\"com.cn\" >.com.cn<\/option>\n                    <option value=\"net.cn\" >.net.cn<\/option>\n                    <option value=\"org.cn\" >.org.cn<\/option>\n                    <option value=\"tw\" >.tw<\/option>\n                    <option value=\"com.tw\" >.com.tw<\/option>\n                    <option value=\"business\" >.negocio<\/option>\n                    <option value=\"church\" >.iglesia<\/option>\n                    <option value=\"education\" >.educaci\u00f3n<\/option>\n                    <option value=\"games\" >.juegos<\/option>\n                    <option value=\"run\" >.correr<\/option>\n                <\/select>\n        <input type=\"image\" class=\"domain-search-button\" src=\"https:\/\/sciservers.com\/wp-content\/themes\/pro-hosting\/images\/bg-domain-search-button.png\" style=\"vertical-align:bottom\" alt=\"GO\" \/>\n        <input type=\"hidden\" name=\"plan\" value=\"42211\" \/>            <input type=\"hidden\" name=\"trp-form-language\" value=\"es\"\/><\/form>\n\t<div class=\"prices-starts-from\">Precios a partir de: <span class=\"tld-price\"><span class=\"tld-currency\">$<\/span><span class=\"tld-price-value\">15.00<\/span> <span class=\"tld-period\">\/a\u00f1o<\/span><\/span><\/div>\n    <\/div>\n<\/div><p>Con nosotros encontrar\u00e1 m\u00e1s de 50 nombres de dominio de nivel superior gen\u00e9ricos y con c\u00f3digo de pa\u00eds disponibles para su registro, ya que trabajamos con varios registradores de dominios reconocidos por la ICANN.<\/p>\n\n<h2>Una interfaz de usuario de Domain Manager con todas las funciones con sus nombres de dominio<\/h2>\n\n<p>Nuestro plan de solo nombre de dominio incluye una incre\u00edble <a href=\"https:\/\/demo.hepsia.com\/?auto_login=true\">Interfaz de usuario del Administrador de dominios<\/a>, que ofrece una enorme variedad de controles de registro de nombres de dominio y que le permite administrar todos sus dominios desde una \u00fanica ubicaci\u00f3n. Puede editar sus datos de WHOIS, registrarse y cambiar servidores de nombres, especificar entradas DNS personalizadas, etc. Tiene todas las funciones obligatorias que necesita para ejercer un control total sobre sus nombres de dominio.<\/p>\n\n<p>El plan de nombre de dominio exclusivo que ofrecemos representa una excelente manera de plantar las semillas de su presencia en Internet a\u00fan por construir. Tambi\u00e9n es perfecto si desea reservar un dominio excelente antes de que lo haga otra persona. Las posibilidades de registrar un nombre de dominio interesante que termine en .COM e incluso en las nuevas alternativas de .COM: .CO, .WS o .NU, son cada d\u00eda menores, as\u00ed que act\u00faa r\u00e1pido y reserva el tuyo antes de que sea demasiado tarde.<\/p>\n\n<h2>Cambie f\u00e1cilmente a un paquete de alojamiento web<\/h2>\n\n<p>Puede registrar los dominios que desee hoy con el paquete Domain Manager gratuito y luego actualizar sin esfuerzo a un precio razonable. <a href=\"https:\/\/sciservers.com\/es\/alojamiento-de-sitios-web-compartido\/\">alojamiento web<\/a> paquete cuando est\u00e9 listo con su nuevo sitio.<\/p>\n\n<p>Con un servicio de atenci\u00f3n al cliente de primer nivel las 24 horas del d\u00eda, los 7 d\u00edas de la semana, los 365 d\u00edas del a\u00f1o, estamos aqu\u00ed para ayudarlo con sus nombres de dominio y sitios a\u00fan por crear a un precio incre\u00edble.<\/p>\n\n<p>Obtenga sus dominios a precios razonables hoy con SCI-SERVERS y admin\u00edstrelos sin esfuerzo con el plan gratuito de solo nombre de dominio. Esta es una soluci\u00f3n ideal para cualquiera que busque ahorrar dinero en <a href=\"https:\/\/sciservers.com\/es\/articulos-de-alojamiento\/que-son-los-nombres-de-dominio\/\">dominio<\/a> registro. \u00a1No pierdas tiempo y reg\u00edstrate hoy!<\/p>","protected":false},"excerpt":{"rendered":"The Free-of-Charge Domain Manager Package In case your site is not yet ready but you have decided what website name you want, check out the free-of-charge Domain Manager plan. This package will allow you to register or transfer domain names at an inexpensive price and handle all their settings from a single place \u2013 the<span class=\"excerpt_more\"><a href=\"https:\/\/sciservers.com\/es\/articulos-de-alojamiento\/el-paquete-de-administrador-de-dominio-gratuito\/\">[continue...]<\/a><\/span>","protected":false},"author":1,"featured_media":0,"parent":731,"menu_order":0,"comment_status":"closed","ping_status":"closed","template":"","meta":{"footnotes":""},"class_list":["post-738","page","type-page","status-publish","hentry"],"_links":{"self":[{"href":"https:\/\/sciservers.com\/es\/wp-json\/wp\/v2\/pages\/738","targetHints":{"allow":["GET"]}}],"collection":[{"href":"https:\/\/sciservers.com\/es\/wp-json\/wp\/v2\/pages"}],"about":[{"href":"https:\/\/sciservers.com\/es\/wp-json\/wp\/v2\/types\/page"}],"author":[{"embeddable":true,"href":"https:\/\/sciservers.com\/es\/wp-json\/wp\/v2\/users\/1"}],"replies":[{"embeddable":true,"href":"https:\/\/sciservers.com\/es\/wp-json\/wp\/v2\/comments?post=738"}],"version-history":[{"count":0,"href":"https:\/\/sciservers.com\/es\/wp-json\/wp\/v2\/pages\/738\/revisions"}],"up":[{"embeddable":true,"href":"https:\/\/sciservers.com\/es\/wp-json\/wp\/v2\/pages\/731"}],"wp:attachment":[{"href":"https:\/\/sciservers.com\/es\/wp-json\/wp\/v2\/media?parent=738"}],"curies":[{"name":"wp","href":"https:\/\/api.w.org\/{rel}","templated":true}]}}