{"id":741,"date":"2024-04-17T14:06:53","date_gmt":"2024-04-17T18:06:53","guid":{"rendered":"https:\/\/sciservers.com\/article_domain_names_title_1\/"},"modified":"2024-04-17T14:06:59","modified_gmt":"2024-04-17T18:06:59","slug":"what-are-domain-names","status":"publish","type":"page","link":"https:\/\/sciservers.com\/es\/articulos-de-alojamiento\/que-son-los-nombres-de-dominio\/","title":{"rendered":"\u00bfQu\u00e9 son los nombres de dominio?"},"content":{"rendered":"<h1>\u00bfQu\u00e9 son los nombres de dominio?<\/h1>\n<p>\u00bfQu\u00e9 es un nombre de dominio? Su <a href=\"https:\/\/sciservers.com\/es\/dominio-y-hosting-compartido\/\">dominio<\/a> es la puerta a su sitio web. Sin \u00e9l, su sitio web se perder\u00e1 en l\u00ednea. Para establecer tu lugar en la web, la comunidad m\u00e1s poderosa que conocemos hoy en d\u00eda, debes elegir el dominio que mejor represente tu perfil personal o empresarial y que contribuya a su popularizaci\u00f3n. Cuanto m\u00e1s atractivo y f\u00e1cil de memorizar el dominio elijas, m\u00e1s personas aparecer\u00e1n en la puerta de tu sitio web para visitarte.<\/p>\n\n<div class=\"domain-promo\"><h3>We offer more than 160 tlds<\/h3>\n    <div><script language=\"javascript\">\n\/\/var tldpromos = new Array(\"com\",\"net\",\"org\",\"info\",\"biz\",\"us\",\"uk\",\"co.uk\",\"eu\",\"site\",\"online\",\"website\",\"space\",\"es\",\"tech\",\"store\",\"de\",\"it\",\"nl\",\"fr\",\"fun\",\"press\",\"be\",\"org.uk\",\"me.uk\",\"cn\",\"com.cn\",\"net.cn\",\"org.cn\");\n<\/script>\n<form action=\"https:\/\/sciservers.com\/es\/dominio-y-hosting-compartido\/\" method=\"post\" id=\"domainForm1\" data-trp-original-action=\"https:\/\/sciservers.com\/es\/dominio-y-hosting-compartido\/\">\n        <input title=\"texto\" name=\"domain_sld\" id=\"domain_sld\" value=\"Ex. my-website-name\" onfocus=\"if(this.value == 'Ex. my-website-name') { this.value = ''; }\" onblur=\"if(this.value == '') { this.value = 'Ex. my-website-name'; }\" \/>\n        <select name=\"domain_tld\" id=\"domain_tld\">\n\t\t            <option value=\"academy\" >.academia<\/option>\n                    <option value=\"agency\" >.agency<\/option>\n                    <option value=\"ai\" >.ai<\/option>\n                    <option value=\"bargains\" >.ofertas<\/option>\n                    <option value=\"bike\" >.bike<\/option>\n                    <option value=\"boutique\" >.boutique<\/option>\n                    <option value=\"broker\" >.broker<\/option>\n                    <option value=\"cafe\" >.cafeter\u00eda<\/option>\n                    <option value=\"capital\" >.capital<\/option>\n                    <option value=\"center\" >.centro<\/option>\n                    <option value=\"cheap\" >.barato<\/option>\n                    <option value=\"city\" >.city<\/option>\n                    <option value=\"coach\" >.entrenador<\/option>\n                    <option value=\"codes\" >.codes<\/option>\n                    <option value=\"coffee\" >.coffee<\/option>\n                    <option value=\"computer\" >.computadora<\/option>\n                    <option value=\"consulting\" >.consultante<\/option>\n                    <option value=\"cool\" >.Fr\u00edo<\/option>\n                    <option value=\"coupons\" >.cupones<\/option>\n                    <option value=\"dance\" >.dance<\/option>\n                    <option value=\"delivery\" >.delivery<\/option>\n                    <option value=\"democrat\" >.democrat<\/option>\n                    <option value=\"digital\" >.digital<\/option>\n                    <option value=\"dog\" >.dog<\/option>\n                    <option value=\"email\" >.correo electr\u00f3nico<\/option>\n                    <option value=\"engineering\" >.ingenier\u00eda<\/option>\n                    <option value=\"enterprises\" >.empresas<\/option>\n                    <option value=\"estate\" >.bienes<\/option>\n                    <option value=\"events\" >.eventos<\/option>\n                    <option value=\"expert\" >.experto<\/option>\n                    <option value=\"express\" >.expresar<\/option>\n                    <option value=\"farm\" >.granja<\/option>\n                    <option value=\"fitness\" >.aptitud f\u00edsica<\/option>\n                    <option value=\"forsale\" >.en venta<\/option>\n                    <option value=\"foundation\" >.base<\/option>\n                    <option value=\"fyi\" >.para tu informaci\u00f3n<\/option>\n                    <option value=\"group\" >.grupo<\/option>\n                    <option value=\"house\" >.house<\/option>\n                    <option value=\"institute\" >.institute<\/option>\n                    <option value=\"international\" >.internacional<\/option>\n                    <option value=\"io\" >.io<\/option>\n                    <option value=\"irish\" >.irlandesa<\/option>\n                    <option value=\"kitchen\" >.kitchen<\/option>\n                    <option value=\"land\" >.tierra<\/option>\n                    <option value=\"life\" >.life<\/option>\n                    <option value=\"ltd\" >.limitado<\/option>\n                    <option value=\"marketing\" >.marketing<\/option>\n                    <option value=\"media\" >.medios de comunicaci\u00f3n<\/option>\n                    <option value=\"money\" >.dinero<\/option>\n                    <option value=\"network\" >.red<\/option>\n                    <option value=\"partners\" >.socios<\/option>\n                    <option value=\"parts\" >.parts<\/option>\n                    <option value=\"pet\" >.pet<\/option>\n                    <option value=\"photography\" >.fotograf\u00eda<\/option>\n                    <option value=\"photos\" >.fotos<\/option>\n                    <option value=\"plus\" >.m\u00e1s<\/option>\n                    <option value=\"productions\" >.producciones<\/option>\n                    <option value=\"properties\" >.propiedades<\/option>\n                    <option value=\"recipes\" >.recetas<\/option>\n                    <option value=\"rentals\" >.alquileres<\/option>\n                    <option value=\"repair\" >.reparar<\/option>\n                    <option value=\"republican\" >.republican<\/option>\n                    <option value=\"rocks\" >.rocas<\/option>\n                    <option value=\"sale\" >.venta<\/option>\n                    <option value=\"school\" >.escuela<\/option>\n                    <option value=\"shop\" >.shop<\/option>\n                    <option value=\"social\" >.social<\/option>\n                    <option value=\"software\" >.software<\/option>\n                    <option value=\"support\" >.apoyo<\/option>\n                    <option value=\"systems\" >.sistemas<\/option>\n                    <option value=\"team\" >.equipo<\/option>\n                    <option value=\"technology\" >.tecnolog\u00eda<\/option>\n                    <option value=\"tips\" >.tips<\/option>\n                    <option value=\"today\" >.hoy<\/option>\n                    <option value=\"tools\" >.tools<\/option>\n                    <option value=\"training\" >.training<\/option>\n                    <option value=\"wine\" >.vino<\/option>\n                    <option value=\"works\" >.obras<\/option>\n                    <option value=\"world\" >.mundo<\/option>\n                    <option value=\"zone\" >.zona<\/option>\n                    <option value=\"com\" selected>.com<\/option>\n                    <option value=\"net\" >.neto<\/option>\n                    <option value=\"org\" >.org<\/option>\n                    <option value=\"info\" >.info<\/option>\n                    <option value=\"biz\" >.negocio<\/option>\n                    <option value=\"us\" >.a nosotros<\/option>\n                    <option value=\"uk\" >.Reino Unido<\/option>\n                    <option value=\"co.uk\" >.co.uk<\/option>\n                    <option value=\"ie\" >.es decir<\/option>\n                    <option value=\"ca\" >.California<\/option>\n                    <option value=\"eu\" >.UE<\/option>\n                    <option value=\"com.au\" >.com.au<\/option>\n                    <option value=\"site\" >.sitio<\/option>\n                    <option value=\"online\" >.en l\u00ednea<\/option>\n                    <option value=\"website\" >.sitio web<\/option>\n                    <option value=\"space\" >.espacio<\/option>\n                    <option value=\"co\" >.co<\/option>\n                    <option value=\"ae\" >.ae<\/option>\n                    <option value=\"qa\" >.qa<\/option>\n                    <option value=\"co.za\" >.co.za<\/option>\n                    <option value=\"es\" >.es<\/option>\n                    <option value=\"me\" >.a m\u00ed<\/option>\n                    <option value=\"tv\" >.televisor<\/option>\n                    <option value=\"xyz\" >.xyz<\/option>\n                    <option value=\"top\" >.arriba<\/option>\n                    <option value=\"pro\" >.Pro<\/option>\n                    <option value=\"tech\" >.tecnolog\u00eda<\/option>\n                    <option value=\"store\" >.almacenar<\/option>\n                    <option value=\"company\" >.compa\u00f1\u00eda<\/option>\n                    <option value=\"solutions\" >.soluciones<\/option>\n                    <option value=\"services\" >.servicios<\/option>\n                    <option value=\"deals\" >.ofertas<\/option>\n                    <option value=\"in\" >.en<\/option>\n                    <option value=\"de\" >.Delaware<\/option>\n                    <option value=\"it\" >.\u00e9l<\/option>\n                    <option value=\"nl\" >.nl<\/option>\n                    <option value=\"fr\" >.fr<\/option>\n                    <option value=\"co.il\" >.bobina<\/option>\n                    <option value=\"ch\" >.ch<\/option>\n                    <option value=\"se\" >.se<\/option>\n                    <option value=\"no\" >.No<\/option>\n                    <option value=\"fi\" >.fi<\/option>\n                    <option value=\"co.nz\" >.co.nz<\/option>\n                    <option value=\"pt\" >.pt<\/option>\n                    <option value=\"pl\" >.pl<\/option>\n                    <option value=\"gr\" >.gramo<\/option>\n                    <option value=\"ph\" >.ph<\/option>\n                    <option value=\"jp\" >.jp<\/option>\n                    <option value=\"club\" >.club<\/option>\n                    <option value=\"party\" >.fiesta<\/option>\n                    <option value=\"fun\" >.divertido<\/option>\n                    <option value=\"press\" >.prensa<\/option>\n                    <option value=\"news\" >.noticias<\/option>\n                    <option value=\"name\" >.nombre<\/option>\n                    <option value=\"mobi\" >.mobi<\/option>\n                    <option value=\"guru\" >.gur\u00fa<\/option>\n                    <option value=\"ninja\" >.ninja<\/option>\n                    <option value=\"family\" >.familia<\/option>\n                    <option value=\"cc\" >.cc<\/option>\n                    <option value=\"ws\" >.ws<\/option>\n                    <option value=\"be\" >.ser<\/option>\n                    <option value=\"mx\" >.mx<\/option>\n                    <option value=\"com.mx\" >.com.mx<\/option>\n                    <option value=\"org.uk\" >.org.uk<\/option>\n                    <option value=\"me.uk\" >.me.uk<\/option>\n                    <option value=\"net.au\" >.net.au<\/option>\n                    <option value=\"org.au\" >.org.au<\/option>\n                    <option value=\"at\" >.en<\/option>\n                    <option value=\"nu\" >.nu<\/option>\n                    <option value=\"asia\" >.Asia<\/option>\n                    <option value=\"net.nz\" >.net.nz<\/option>\n                    <option value=\"org.nz\" >.org.nz<\/option>\n                    <option value=\"cn\" >.cn<\/option>\n                    <option value=\"com.cn\" >.com.cn<\/option>\n                    <option value=\"net.cn\" >.net.cn<\/option>\n                    <option value=\"org.cn\" >.org.cn<\/option>\n                    <option value=\"tw\" >.tw<\/option>\n                    <option value=\"com.tw\" >.com.tw<\/option>\n                    <option value=\"business\" >.negocio<\/option>\n                    <option value=\"church\" >.iglesia<\/option>\n                    <option value=\"education\" >.educaci\u00f3n<\/option>\n                    <option value=\"games\" >.juegos<\/option>\n                    <option value=\"run\" >.correr<\/option>\n                <\/select>\n        <input type=\"image\" class=\"domain-search-button\" src=\"https:\/\/sciservers.com\/wp-content\/themes\/pro-hosting\/images\/bg-domain-search-button.png\" style=\"vertical-align:bottom\" alt=\"GO\" \/>\n        <input type=\"hidden\" name=\"plan\" value=\"42211\" \/>            <input type=\"hidden\" name=\"trp-form-language\" value=\"es\"\/><\/form>\n\t<div class=\"prices-starts-from\">Precios a partir de: <span class=\"tld-price\"><span class=\"tld-currency\">$<\/span><span class=\"tld-price-value\">15.00<\/span> <span class=\"tld-period\">\/a\u00f1o<\/span><\/span><\/div>\n    <\/div>\n<\/div><h2>Es bueno saber que...<\/h2>\n\n<p>Los dominios y los servicios de hosting van invariablemente de la mano. Sin un <a href=\"https:\/\/sciservers.com\/es\/articulos-de-alojamiento\/definicion-de-servicios-de-alojamiento-compartido\/\">servicio de hosting<\/a>, los nombres de dominio en s\u00ed ser\u00e1n simplemente... nombres vac\u00edos. Un dominio tiene valor siempre que se combine con un sitio web, que se hace visible en l\u00ednea gracias a un determinado servicio de alojamiento web (compartido, virtual o dedicado). Para abreviar la historia, este servicio se llama &#039;<a href=\"https:\/\/sciservers.com\/es\/articulos-de-alojamiento\/servicios-de-alojamiento-web-a-bajo-precio-para-sus-nombres-de-dominio\/\">alojamiento de nombres de dominio<\/a>'.<\/p>\n\n<h2>Herramientas de administraci\u00f3n de nombres de dominio<\/h2>\n\n<p>SCI-SERVERS le brinda la posibilidad de registrar casi cualquier nombre de dominio de nivel superior gen\u00e9rico o de c\u00f3digo de pa\u00eds. Todo <a href=\"https:\/\/sciservers.com\/es\/alojamiento-de-sitios-web-compartido\/\">alojamiento compartido<\/a> Los paquetes ofrecidos por SCI-SERVERS incluyen el Panel de control de Hepsia y la herramienta Administrador de dominios incorporada en el Panel de control, que ofrece protecci\u00f3n de identificaci\u00f3n y opciones de estacionamiento de dominio. Podr\u00e1s configurar registros DNS personalizados y modificar tu informaci\u00f3n de WHOIS. Si elige registrar cualquiera de los nombres de dominio gen\u00e9ricos de nivel superior, podr\u00e1 beneficiarse de la opci\u00f3n de registro de dominio gratuito disponible con todos <a href=\"https:\/\/sciservers.com\/es\/articulos-de-alojamiento\/explicacion-de-alojamiento-web-compartido\/\">alojamiento compartido<\/a> paquetes. Adem\u00e1s, tendr\u00e1s la posibilidad de registrar multitud de dominios y administrarlos desde un \u00fanico lugar.<\/p>","protected":false},"excerpt":{"rendered":"What are Domain Names What is a domain name? Your domain is the door to your website. Without it, your website will be lost online. To establish your place on the web, the most powerful community we know nowadays, you should pick a domain that best represents your personal or business profile and that will<span class=\"excerpt_more\"><a href=\"https:\/\/sciservers.com\/es\/articulos-de-alojamiento\/que-son-los-nombres-de-dominio\/\">[continue...]<\/a><\/span>","protected":false},"author":1,"featured_media":0,"parent":731,"menu_order":0,"comment_status":"closed","ping_status":"closed","template":"","meta":{"footnotes":""},"class_list":["post-741","page","type-page","status-publish","hentry"],"_links":{"self":[{"href":"https:\/\/sciservers.com\/es\/wp-json\/wp\/v2\/pages\/741","targetHints":{"allow":["GET"]}}],"collection":[{"href":"https:\/\/sciservers.com\/es\/wp-json\/wp\/v2\/pages"}],"about":[{"href":"https:\/\/sciservers.com\/es\/wp-json\/wp\/v2\/types\/page"}],"author":[{"embeddable":true,"href":"https:\/\/sciservers.com\/es\/wp-json\/wp\/v2\/users\/1"}],"replies":[{"embeddable":true,"href":"https:\/\/sciservers.com\/es\/wp-json\/wp\/v2\/comments?post=741"}],"version-history":[{"count":0,"href":"https:\/\/sciservers.com\/es\/wp-json\/wp\/v2\/pages\/741\/revisions"}],"up":[{"embeddable":true,"href":"https:\/\/sciservers.com\/es\/wp-json\/wp\/v2\/pages\/731"}],"wp:attachment":[{"href":"https:\/\/sciservers.com\/es\/wp-json\/wp\/v2\/media?parent=741"}],"curies":[{"name":"wp","href":"https:\/\/api.w.org\/{rel}","templated":true}]}}