{"id":744,"date":"2024-04-17T14:06:53","date_gmt":"2024-04-17T18:06:53","guid":{"rendered":"https:\/\/sciservers.com\/article_domain_web_hosting_title_1\/"},"modified":"2024-04-17T14:06:59","modified_gmt":"2024-04-17T18:06:59","slug":"low-priced-web-hosting-services-for-your-domain-names","status":"publish","type":"page","link":"https:\/\/sciservers.com\/es\/articulos-de-alojamiento\/servicios-de-alojamiento-web-a-bajo-precio-para-sus-nombres-de-dominio\/","title":{"rendered":"Servicios de alojamiento web de bajo precio para sus nombres de dominio"},"content":{"rendered":"<h1>Servicios de alojamiento web de bajo precio para sus nombres de dominio<\/h1><br \/>\n<p>Hay 2 cosas que necesita para alojar un sitio web. El primero es un nombre de dominio que abrir\u00e1 su sitio cuando lo escriba en un navegador web, y el otro es un <a href=\"https:\/\/sciservers.com\/es\/alojamiento-de-sitios-web-compartido\/\">alojamiento de p\u00e1ginas web<\/a> plan, que es inherentemente el espacio de almacenamiento en el disco duro de un servidor web donde se ubicar\u00e1n los archivos del sitio web, adem\u00e1s de algunos servicios m\u00e1s que ofrece. El <a href=\"https:\/\/sciservers.com\/es\/dominio-y-hosting-compartido\/\">dominio<\/a> y el paquete de alojamiento web son dos soluciones similares, aunque independientes, y necesitas ambas para tener un sitio web en funcionamiento.<\/p>\n\n<h2>\u00bfQu\u00e9 es un dominio?<\/h2>\n\n<div class=\"domain-promo\"><h3>We offer more than 160 tlds<\/h3>\n    <div><script language=\"javascript\">\n\/\/var tldpromos = new Array(\"com\",\"net\",\"org\",\"info\",\"biz\",\"us\",\"uk\",\"co.uk\",\"eu\",\"site\",\"online\",\"website\",\"space\",\"es\",\"tech\",\"store\",\"de\",\"it\",\"nl\",\"fr\",\"fun\",\"press\",\"be\",\"org.uk\",\"me.uk\",\"cn\",\"com.cn\",\"net.cn\",\"org.cn\");\n<\/script>\n<form action=\"https:\/\/sciservers.com\/es\/dominio-y-hosting-compartido\/\" method=\"post\" id=\"domainForm1\" data-trp-original-action=\"https:\/\/sciservers.com\/es\/dominio-y-hosting-compartido\/\">\n        <input title=\"texto\" name=\"domain_sld\" id=\"domain_sld\" value=\"Ex. my-website-name\" onfocus=\"if(this.value == 'Ex. my-website-name') { this.value = ''; }\" onblur=\"if(this.value == '') { this.value = 'Ex. my-website-name'; }\" \/>\n        <select name=\"domain_tld\" id=\"domain_tld\">\n\t\t            <option value=\"academy\" >.academia<\/option>\n                    <option value=\"agency\" >.agency<\/option>\n                    <option value=\"ai\" >.ai<\/option>\n                    <option value=\"bargains\" >.ofertas<\/option>\n                    <option value=\"bike\" >.bike<\/option>\n                    <option value=\"boutique\" >.boutique<\/option>\n                    <option value=\"broker\" >.broker<\/option>\n                    <option value=\"cafe\" >.cafeter\u00eda<\/option>\n                    <option value=\"capital\" >.capital<\/option>\n                    <option value=\"center\" >.centro<\/option>\n                    <option value=\"cheap\" >.barato<\/option>\n                    <option value=\"city\" >.city<\/option>\n                    <option value=\"coach\" >.entrenador<\/option>\n                    <option value=\"codes\" >.codes<\/option>\n                    <option value=\"coffee\" >.coffee<\/option>\n                    <option value=\"computer\" >.computadora<\/option>\n                    <option value=\"consulting\" >.consultante<\/option>\n                    <option value=\"cool\" >.Fr\u00edo<\/option>\n                    <option value=\"coupons\" >.cupones<\/option>\n                    <option value=\"dance\" >.dance<\/option>\n                    <option value=\"delivery\" >.delivery<\/option>\n                    <option value=\"democrat\" >.democrat<\/option>\n                    <option value=\"digital\" >.digital<\/option>\n                    <option value=\"dog\" >.dog<\/option>\n                    <option value=\"email\" >.correo electr\u00f3nico<\/option>\n                    <option value=\"engineering\" >.ingenier\u00eda<\/option>\n                    <option value=\"enterprises\" >.empresas<\/option>\n                    <option value=\"estate\" >.bienes<\/option>\n                    <option value=\"events\" >.eventos<\/option>\n                    <option value=\"expert\" >.experto<\/option>\n                    <option value=\"express\" >.expresar<\/option>\n                    <option value=\"farm\" >.granja<\/option>\n                    <option value=\"fitness\" >.aptitud f\u00edsica<\/option>\n                    <option value=\"forsale\" >.en venta<\/option>\n                    <option value=\"foundation\" >.base<\/option>\n                    <option value=\"fyi\" >.para tu informaci\u00f3n<\/option>\n                    <option value=\"group\" >.grupo<\/option>\n                    <option value=\"house\" >.house<\/option>\n                    <option value=\"institute\" >.institute<\/option>\n                    <option value=\"international\" >.internacional<\/option>\n                    <option value=\"io\" >.io<\/option>\n                    <option value=\"irish\" >.irlandesa<\/option>\n                    <option value=\"kitchen\" >.kitchen<\/option>\n                    <option value=\"land\" >.tierra<\/option>\n                    <option value=\"life\" >.life<\/option>\n                    <option value=\"ltd\" >.limitado<\/option>\n                    <option value=\"marketing\" >.marketing<\/option>\n                    <option value=\"media\" >.medios de comunicaci\u00f3n<\/option>\n                    <option value=\"money\" >.dinero<\/option>\n                    <option value=\"network\" >.red<\/option>\n                    <option value=\"partners\" >.socios<\/option>\n                    <option value=\"parts\" >.parts<\/option>\n                    <option value=\"pet\" >.pet<\/option>\n                    <option value=\"photography\" >.fotograf\u00eda<\/option>\n                    <option value=\"photos\" >.fotos<\/option>\n                    <option value=\"plus\" >.m\u00e1s<\/option>\n                    <option value=\"productions\" >.producciones<\/option>\n                    <option value=\"properties\" >.propiedades<\/option>\n                    <option value=\"recipes\" >.recetas<\/option>\n                    <option value=\"rentals\" >.alquileres<\/option>\n                    <option value=\"repair\" >.reparar<\/option>\n                    <option value=\"republican\" >.republican<\/option>\n                    <option value=\"rocks\" >.rocas<\/option>\n                    <option value=\"sale\" >.venta<\/option>\n                    <option value=\"school\" >.escuela<\/option>\n                    <option value=\"shop\" >.shop<\/option>\n                    <option value=\"social\" >.social<\/option>\n                    <option value=\"software\" >.software<\/option>\n                    <option value=\"support\" >.apoyo<\/option>\n                    <option value=\"systems\" >.sistemas<\/option>\n                    <option value=\"team\" >.equipo<\/option>\n                    <option value=\"technology\" >.tecnolog\u00eda<\/option>\n                    <option value=\"tips\" >.tips<\/option>\n                    <option value=\"today\" >.hoy<\/option>\n                    <option value=\"tools\" >.tools<\/option>\n                    <option value=\"training\" >.training<\/option>\n                    <option value=\"wine\" >.vino<\/option>\n                    <option value=\"works\" >.obras<\/option>\n                    <option value=\"world\" >.mundo<\/option>\n                    <option value=\"zone\" >.zona<\/option>\n                    <option value=\"com\" selected>.com<\/option>\n                    <option value=\"net\" >.neto<\/option>\n                    <option value=\"org\" >.org<\/option>\n                    <option value=\"info\" >.info<\/option>\n                    <option value=\"biz\" >.negocio<\/option>\n                    <option value=\"us\" >.a nosotros<\/option>\n                    <option value=\"uk\" >.Reino Unido<\/option>\n                    <option value=\"co.uk\" >.co.uk<\/option>\n                    <option value=\"ie\" >.es decir<\/option>\n                    <option value=\"ca\" >.California<\/option>\n                    <option value=\"eu\" >.UE<\/option>\n                    <option value=\"com.au\" >.com.au<\/option>\n                    <option value=\"site\" >.sitio<\/option>\n                    <option value=\"online\" >.en l\u00ednea<\/option>\n                    <option value=\"website\" >.sitio web<\/option>\n                    <option value=\"space\" >.espacio<\/option>\n                    <option value=\"co\" >.co<\/option>\n                    <option value=\"ae\" >.ae<\/option>\n                    <option value=\"qa\" >.qa<\/option>\n                    <option value=\"co.za\" >.co.za<\/option>\n                    <option value=\"es\" >.es<\/option>\n                    <option value=\"me\" >.a m\u00ed<\/option>\n                    <option value=\"tv\" >.televisor<\/option>\n                    <option value=\"xyz\" >.xyz<\/option>\n                    <option value=\"top\" >.arriba<\/option>\n                    <option value=\"pro\" >.Pro<\/option>\n                    <option value=\"tech\" >.tecnolog\u00eda<\/option>\n                    <option value=\"store\" >.almacenar<\/option>\n                    <option value=\"company\" >.compa\u00f1\u00eda<\/option>\n                    <option value=\"solutions\" >.soluciones<\/option>\n                    <option value=\"services\" >.servicios<\/option>\n                    <option value=\"deals\" >.ofertas<\/option>\n                    <option value=\"in\" >.en<\/option>\n                    <option value=\"de\" >.Delaware<\/option>\n                    <option value=\"it\" >.\u00e9l<\/option>\n                    <option value=\"nl\" >.nl<\/option>\n                    <option value=\"fr\" >.fr<\/option>\n                    <option value=\"co.il\" >.bobina<\/option>\n                    <option value=\"ch\" >.ch<\/option>\n                    <option value=\"se\" >.se<\/option>\n                    <option value=\"no\" >.No<\/option>\n                    <option value=\"fi\" >.fi<\/option>\n                    <option value=\"co.nz\" >.co.nz<\/option>\n                    <option value=\"pt\" >.pt<\/option>\n                    <option value=\"pl\" >.pl<\/option>\n                    <option value=\"gr\" >.gramo<\/option>\n                    <option value=\"ph\" >.ph<\/option>\n                    <option value=\"jp\" >.jp<\/option>\n                    <option value=\"club\" >.club<\/option>\n                    <option value=\"party\" >.fiesta<\/option>\n                    <option value=\"fun\" >.divertido<\/option>\n                    <option value=\"press\" >.prensa<\/option>\n                    <option value=\"news\" >.noticias<\/option>\n                    <option value=\"name\" >.nombre<\/option>\n                    <option value=\"mobi\" >.mobi<\/option>\n                    <option value=\"guru\" >.gur\u00fa<\/option>\n                    <option value=\"ninja\" >.ninja<\/option>\n                    <option value=\"family\" >.familia<\/option>\n                    <option value=\"cc\" >.cc<\/option>\n                    <option value=\"ws\" >.ws<\/option>\n                    <option value=\"be\" >.ser<\/option>\n                    <option value=\"mx\" >.mx<\/option>\n                    <option value=\"com.mx\" >.com.mx<\/option>\n                    <option value=\"org.uk\" >.org.uk<\/option>\n                    <option value=\"me.uk\" >.me.uk<\/option>\n                    <option value=\"net.au\" >.net.au<\/option>\n                    <option value=\"org.au\" >.org.au<\/option>\n                    <option value=\"at\" >.en<\/option>\n                    <option value=\"nu\" >.nu<\/option>\n                    <option value=\"asia\" >.Asia<\/option>\n                    <option value=\"net.nz\" >.net.nz<\/option>\n                    <option value=\"org.nz\" >.org.nz<\/option>\n                    <option value=\"cn\" >.cn<\/option>\n                    <option value=\"com.cn\" >.com.cn<\/option>\n                    <option value=\"net.cn\" >.net.cn<\/option>\n                    <option value=\"org.cn\" >.org.cn<\/option>\n                    <option value=\"tw\" >.tw<\/option>\n                    <option value=\"com.tw\" >.com.tw<\/option>\n                    <option value=\"business\" >.negocio<\/option>\n                    <option value=\"church\" >.iglesia<\/option>\n                    <option value=\"education\" >.educaci\u00f3n<\/option>\n                    <option value=\"games\" >.juegos<\/option>\n                    <option value=\"run\" >.correr<\/option>\n                <\/select>\n        <input type=\"image\" class=\"domain-search-button\" src=\"https:\/\/sciservers.com\/wp-content\/themes\/pro-hosting\/images\/bg-domain-search-button.png\" style=\"vertical-align:bottom\" alt=\"GO\" \/>\n        <input type=\"hidden\" name=\"plan\" value=\"42211\" \/>            <input type=\"hidden\" name=\"trp-form-language\" value=\"es\"\/><\/form>\n\t<div class=\"prices-starts-from\">Precios a partir de: <span class=\"tld-price\"><span class=\"tld-currency\">$<\/span><span class=\"tld-price-value\">15.00<\/span> <span class=\"tld-period\">\/a\u00f1o<\/span><\/span><\/div>\n    <\/div>\n<\/div><p>Un nombre de dominio es la combinaci\u00f3n alfanum\u00e9rica que seleccionar\u00e1s como direcci\u00f3n web del portal online: mi-mejor-dominio.com, por ejemplo. Un nombre de dominio puede tener hasta sesenta y cuatro s\u00edmbolos y est\u00e1 compuesto por dos entidades: un dominio de nivel superior (TLD) y un dominio de segundo nivel (SLD). En la ilustraci\u00f3n mencionada anteriormente, mi-mejor-dominio es el nombre de dominio de segundo nivel y .com es el dominio de nivel superior. Si bien puede elegir que el dominio de segundo nivel del nombre de dominio sea cualquier cosa que a\u00fan no se haya registrado, hay un n\u00famero finito de TLD para elegir. Los dominios de nivel superior pueden ser gen\u00e9ricos (gTLD) o de c\u00f3digo de pa\u00eds (ccTLD) y pueden registrarse por un per\u00edodo de tiempo determinado, entre 1 y 10 a\u00f1os. Podr\u00e1n incluir estipulaciones adicionales respecto del registrante.<\/p>\n\n\n<h2>Soluciones de alojamiento de dominios<\/h2>\n\n<p>Como el dominio es solo un nombre de host y nada m\u00e1s que eso, necesita una cuenta de hosting donde tenga que acomodarlo. As\u00ed, cuando lo escribas en un navegador, mostrar\u00e1 los archivos de la p\u00e1gina web que alojas en la cuenta, es decir, mostrar\u00e1 tu p\u00e1gina web. Puede tener un dominio registrado con una empresa y recibir el servicio de alojamiento de otra, aunque numerosas empresas de alojamiento ofrecen ambos servicios y ahorra m\u00e1s tiempo administrar todos los servicios desde una interfaz gr\u00e1fica de usuario del Panel de control de alojamiento de un sitio web. De cualquier manera, dado que el registro del dominio y el plan de alojamiento del sitio web son servicios separados, debe apuntar el nombre del dominio al servidor de alojamiento web donde se agregar\u00e1 como alojado. Para hacer eso, necesita modificar una configuraci\u00f3n o registro espec\u00edfico del nombre de dominio: los registros del servidor de nombres com\u00fanmente nombrados. Cada proveedor de servicios de hosting tiene al menos 2 servidores de nombres: ns1.sciservers.com y ns2.sciservers.com, por ejemplo. El CP de alojamiento web que utiliza para su nombre de dominio le brinda la oportunidad de modificar los servidores de nombres y apuntar el nombre de dominio a un servidor web u otro.<\/p>\n\n\n<h2>La demanda de servicios de alojamiento de sitios web confiables<\/h2>\n\n<p>En el momento en que el nombre de dominio apunta a un proveedor de alojamiento de dominio en particular y se agrega a sus servidores de alojamiento web, obtendr\u00e1 varios servicios en l\u00ednea. El m\u00e1s esencial es que los archivos del sitio que tiene en el servidor de alojamiento web ahora estar\u00e1n disponibles en l\u00ednea cuando escriba su dominio en un navegador web. Tambi\u00e9n podr\u00e1 crear buzones de correo electr\u00f3nico como nombre@mi-mejor-dominio.com y utilizar webmail o un cliente de correo para administrarlos. Ya sea que sea propietario de una p\u00e1gina web personal o comercial, ser accesible en l\u00ednea y poder crear cuentas de buz\u00f3n de correo electr\u00f3nico con su dominio son las dos opciones m\u00e1s importantes que vienen con una <a href=\"https:\/\/sciservers.com\/es\/articulos-de-alojamiento\/descripcion-del-hosting-compartido\/\">alojamiento de p\u00e1ginas web<\/a> paquete. En caso de que sea propietario de un sitio corporativo, representar\u00e1 su negocio ante los visitantes o clientes de su p\u00e1gina web. Es por eso que exige una empresa de alojamiento confiable que proporcione una soluci\u00f3n de alojamiento de sitios web confiable y estable.<\/p>\n\n\n<h2>Soluciones de alojamiento web confiables, cortes\u00eda de &#039;SCI-SERVERS&#039;<\/h2>\n\n\n<p>Otros servicios que obtiene al alojar un nombre de dominio con nosotros incluyen: acceso FTP para cargar y descargar archivos sin esfuerzo, reenv\u00edo de dominio, respuestas autom\u00e1ticas de correo electr\u00f3nico y listas de correo electr\u00f3nico, y la opci\u00f3n de instalar y configurar ciertos registros de dominio desde su <a href=\"https:\/\/demo.hepsia.com\/?auto_login=true\">Panel de control de alojamiento web de Hepsia<\/a>.<\/p>  <table id=\"rp_presentation\">\n    <tr class=\"rp_pr_plan_header\">\n          <td class=\"rp_pr_plan first-plan\">Regular<\/td>\n          <td class=\"rp_pr_plan\">De lujo<\/td>\n          <td class=\"rp_pr_plan\">\u00daltimo<\/td>\n          <td class=\"rp_pr_plan\">Econom\u00eda<\/td>\n        <\/tr>\n    <tr class=\"rp_pr_feature_header\">\n          <td class=\"rp_pr_plan first-plan\"><\/td>\n          <td class=\"rp_pr_plan\"><\/td>\n          <td class=\"rp_pr_plan\"><\/td>\n          <td class=\"rp_pr_plan\"><\/td>\n        <\/tr>\n    <tr class=\"rp_pr_features\">\n          <td class=\"rp_pr_plan first-plan\">\n      <strong>Unlimited<\/strong> almacenamiento\n      <\/td>\n          <td class=\"rp_pr_plan\">\n      <strong>Unlimited<\/strong> almacenamiento\n      <\/td>\n          <td class=\"rp_pr_plan\">\n      <strong>Unlimited<\/strong> almacenamiento\n      <\/td>\n          <td class=\"rp_pr_plan\">\n      <strong>Unlimited<\/strong> almacenamiento\n      <\/td>\n        <\/tr>\n    <tr class=\"rp_pr_features\">\n          <td class=\"rp_pr_plan first-plan\">\n      <strong>Unlimited<\/strong> banda ancha\n      <\/td>\n          <td class=\"rp_pr_plan\">\n      <strong>Unlimited<\/strong> banda ancha\n      <\/td>\n          <td class=\"rp_pr_plan\">\n      <strong>Unlimited<\/strong> banda ancha\n      <\/td>\n          <td class=\"rp_pr_plan\">\n      <strong>Unlimited<\/strong> banda ancha\n      <\/td>\n        <\/tr>\n    <tr class=\"rp_pr_features\">\n          <td class=\"rp_pr_plan first-plan\">\n      <strong>5<\/strong> sitios web alojados      <\/td>\n          <td class=\"rp_pr_plan\">\n      <strong>Unlimited<\/strong> sitios web alojados      <\/td>\n          <td class=\"rp_pr_plan\">\n      <strong>Unlimited<\/strong> sitios web alojados      <\/td>\n          <td class=\"rp_pr_plan\">\n      <strong>1<\/strong> sitio web alojado      <\/td>\n        <\/tr>\n    <tr class=\"rp_pr_features\">\n          <td class=\"rp_pr_plan first-plan\">\n      <strong>Prueba gratuita de 30 d\u00edas<\/strong>\n      <\/td>\n          <td class=\"rp_pr_plan\">\n      <strong>Prueba gratuita de 30 d\u00edas<\/strong>\n      <\/td>\n          <td class=\"rp_pr_plan\">\n      <strong>Prueba gratuita de 30 d\u00edas<\/strong>\n      <\/td>\n          <td class=\"rp_pr_plan\">\n      <strong>Prueba gratuita de 30 d\u00edas<\/strong>\n      <\/td>\n        <\/tr>\n    <tr class=\"rp_pr_features rp_pr_features_price\">\n          <td class=\"rp_pr_plan first-plan\">\n      <span class=\"currency\">$<\/span><span>8.75<\/span> \/ mes\n      <\/td>\n          <td class=\"rp_pr_plan\">\n      <span class=\"currency\">$<\/span><span>17.08<\/span> \/ mes\n      <\/td>\n          <td class=\"rp_pr_plan\">\n      <span class=\"currency\">$<\/span><span>21.25<\/span> \/ mes\n      <\/td>\n          <td class=\"rp_pr_plan\">\n      <span class=\"currency\">$<\/span><span>6.25<\/span> \/ mes\n      <\/td>\n        <\/tr>\n    <tr class=\"rp_pr_signup\">\n          <td class=\"rp_pr_plan first-plan\">\n      <form class=\"pr_rp_sing_up_form\" action=\"https:\/\/sciservers.com\/es\/formulario-de-pedido\/get-shared-website-hosting\/\" method=\"get\" data-trp-original-action=\"https:\/\/sciservers.com\/es\/formulario-de-pedido\/get-shared-website-hosting\/\">\n\t\t        <button type=\"submit\" class=\"rpwp-button colorize\"><span class=\"gloss\"><\/span>ordenar ahora<\/button>\n                        <input name=\"plan\" type=\"hidden\" value=\"1\" \/>\n         <input type=\"hidden\" name=\"trp-form-language\" value=\"es\"\/><\/form>\n      <\/td>\n          <td class=\"rp_pr_plan\">\n      <form class=\"pr_rp_sing_up_form\" action=\"https:\/\/sciservers.com\/es\/formulario-de-pedido\/get-shared-website-hosting\/\" method=\"get\" data-trp-original-action=\"https:\/\/sciservers.com\/es\/formulario-de-pedido\/get-shared-website-hosting\/\">\n\t\t        <button type=\"submit\" class=\"rpwp-button colorize\"><span class=\"gloss\"><\/span>ordenar ahora<\/button>\n                        <input name=\"plan\" type=\"hidden\" value=\"2\" \/>\n         <input type=\"hidden\" name=\"trp-form-language\" value=\"es\"\/><\/form>\n      <\/td>\n          <td class=\"rp_pr_plan\">\n      <form class=\"pr_rp_sing_up_form\" action=\"https:\/\/sciservers.com\/es\/formulario-de-pedido\/get-shared-website-hosting\/\" method=\"get\" data-trp-original-action=\"https:\/\/sciservers.com\/es\/formulario-de-pedido\/get-shared-website-hosting\/\">\n\t\t        <button type=\"submit\" class=\"rpwp-button colorize\"><span class=\"gloss\"><\/span>ordenar ahora<\/button>\n                        <input name=\"plan\" type=\"hidden\" value=\"44\" \/>\n         <input type=\"hidden\" name=\"trp-form-language\" value=\"es\"\/><\/form>\n      <\/td>\n          <td class=\"rp_pr_plan\">\n      <form class=\"pr_rp_sing_up_form\" action=\"https:\/\/sciservers.com\/es\/formulario-de-pedido\/get-shared-website-hosting\/\" method=\"get\" data-trp-original-action=\"https:\/\/sciservers.com\/es\/formulario-de-pedido\/get-shared-website-hosting\/\">\n\t\t        <button type=\"submit\" class=\"rpwp-button colorize\"><span class=\"gloss\"><\/span>ordenar ahora<\/button>\n                        <input name=\"plan\" type=\"hidden\" value=\"44029\" \/>\n         <input type=\"hidden\" name=\"trp-form-language\" value=\"es\"\/><\/form>\n      <\/td>\n        <\/tr>\n    <tr class=\"rp_pr_end\">\n          <td class=\"rp_pr_plan first-plan\">&nbsp;<\/td>\n          <td class=\"rp_pr_plan\">&nbsp;<\/td>\n          <td class=\"rp_pr_plan\">&nbsp;<\/td>\n          <td class=\"rp_pr_plan\">&nbsp;<\/td>\n        <\/tr>\n  <\/table>","protected":false},"excerpt":{"rendered":"Low-Priced Web Hosting Services for Your Domain Names There are 2 things you require so as to host a website. The first one is a domain name that will open your site when you type it in a web browser, and the other one is a website hosting plan, which is inherently the hard disk<span class=\"excerpt_more\"><a href=\"https:\/\/sciservers.com\/es\/articulos-de-alojamiento\/servicios-de-alojamiento-web-a-bajo-precio-para-sus-nombres-de-dominio\/\">[continue...]<\/a><\/span>","protected":false},"author":1,"featured_media":0,"parent":731,"menu_order":0,"comment_status":"closed","ping_status":"closed","template":"","meta":{"footnotes":""},"class_list":["post-744","page","type-page","status-publish","hentry"],"_links":{"self":[{"href":"https:\/\/sciservers.com\/es\/wp-json\/wp\/v2\/pages\/744","targetHints":{"allow":["GET"]}}],"collection":[{"href":"https:\/\/sciservers.com\/es\/wp-json\/wp\/v2\/pages"}],"about":[{"href":"https:\/\/sciservers.com\/es\/wp-json\/wp\/v2\/types\/page"}],"author":[{"embeddable":true,"href":"https:\/\/sciservers.com\/es\/wp-json\/wp\/v2\/users\/1"}],"replies":[{"embeddable":true,"href":"https:\/\/sciservers.com\/es\/wp-json\/wp\/v2\/comments?post=744"}],"version-history":[{"count":0,"href":"https:\/\/sciservers.com\/es\/wp-json\/wp\/v2\/pages\/744\/revisions"}],"up":[{"embeddable":true,"href":"https:\/\/sciservers.com\/es\/wp-json\/wp\/v2\/pages\/731"}],"wp:attachment":[{"href":"https:\/\/sciservers.com\/es\/wp-json\/wp\/v2\/media?parent=744"}],"curies":[{"name":"wp","href":"https:\/\/api.w.org\/{rel}","templated":true}]}}