{"id":747,"date":"2024-04-17T14:06:53","date_gmt":"2024-04-17T18:06:53","guid":{"rendered":"https:\/\/sciservers.com\/article_how_cpanel_hosting_works_title_1\/"},"modified":"2024-04-17T14:06:59","modified_gmt":"2024-04-17T18:06:59","slug":"cpanel-hosting-unmasked","status":"publish","type":"page","link":"https:\/\/sciservers.com\/es\/articulos-de-alojamiento\/alojamiento-cpanel-desenmascarado\/","title":{"rendered":"Alojamiento cPanel desenmascarado"},"content":{"rendered":"<h1>Alojamiento cPanel desenmascarado<\/h1>\n<div id=\"shared-box\"  class=\"right\"><div id=\"box-price\">\n                    <span class=\"box-price-currency\">$<\/span><span class=\"box-price-value\">8.75<\/span> <span class=\"box-price-period\">\/mes<\/span><br \/>\n    <\/div>\n        <div id=\"box-title\"><h2>Regular <span class=\"box-sub-title\">Plan<\/span><\/h2><\/div>\n<div id=\"box-content\">\n            <ul>\n                <li><strong>Unlimited<\/strong> Data Storage<\/li>\n                <li><strong>Unlimited<\/strong> Transferencia de datos<\/li>\n                <li><strong>5<\/strong> Dominios alojados<\/li>\n                                <li><strong>Prueba gratuita de 30 d\u00edas<\/strong><\/li>\n            <\/ul><div class=\"clear\"><\/div>\n            <div id=\"box-bottom\"><div class=\"plan-details-link\"><a href=\"https:\/\/sciservers.com\/es\/alojamiento-de-sitios-web-compartido\/\">Ver detalles del plan<\/a><\/div>\n            <form method=\"get\" class=\"pr_rp_sing_up_form\" action=\"https:\/\/sciservers.com\/es\/formulario-de-pedido\/\" data-trp-original-action=\"https:\/\/sciservers.com\/es\/formulario-de-pedido\/\">\n    \t\t\t<button class=\"rpwp-button colorize\"><span class=\"gloss\"><\/span>comprar ahora<\/button>\n                        <input name=\"plan\" type=\"hidden\" value=\"1\" \/>\n\t<input type=\"hidden\" name=\"trp-form-language\" value=\"es\"\/><\/form>\n<\/div>\n        <\/div>\n    <\/div><p>Para su informaci\u00f3n, es \u00fatil tener en cuenta que la mayor\u00eda de las ofertas de alojamiento basadas en cPanel en el mercado actual de alojamiento web son suministradas por un nicho de marketing muy insignificante (en lo que respecta al flujo de caja anual) conocido como revendedor de alojamiento. El alojamiento para revendedores es un tipo de nicho para empresas peque\u00f1as, que ofrece una gran cantidad de opciones diferentes. <a href=\"https:\/\/sciservers.com\/es\/alojamiento-de-sitios-web-compartido\/\">alojamiento web<\/a> marcas, pero ofrecen las mismas soluciones: principalmente servicios de alojamiento web cPanel. Esta es una mala noticia para todos. \u00bfPor qu\u00e9? Debido al hecho de que al menos el noventa y ocho por ciento de las ofertas de alojamiento de sitios web en todo el mercado de alojamiento de sitios web ofrecen exactamente lo mismo: cPanel. No hay diversidad en absoluto. Incluso los precios de cPanel Hosting son similares. Bastante id\u00e9ntico. Dando a quienes requieren un top <a href=\"https:\/\/sciservers.com\/es\/articulos-de-alojamiento\/definicion-de-servicios-de-alojamiento-compartido\/\">servicio de alojamiento web<\/a> Pr\u00e1cticamente ninguna otra plataforma de alojamiento\/opci\u00f3n de CP de alojamiento de sitios web. Entonces, solo hay un hecho: de m\u00e1s de 200,000 marcas de alojamiento de sitios web en todo el mundo, \u00a1las que no est\u00e1n basadas en cPanel tienen menos de 2%! Menos del 2 por ciento, eso s\u00ed...<\/p>\n\n<h2>200.000 &quot;proveedores de hosting&quot;, todos basados en cPanel, pero con un nombre \u00fanico<\/h2>\n\n<p>La &quot;variedad&quot; de hosting y las &quot;ofertas&quot; de hosting de sitios web que Google nos presenta a todos se reducen a una \u00fanica soluci\u00f3n: cPanel. Bajo cientos de miles de diferentes nombres de marcas registradas de alojamiento web. Imagine que es simplemente un tipo com\u00fan y corriente que no est\u00e1 muy familiarizado (como la mayor\u00eda de nosotros) con los procedimientos de creaci\u00f3n de sitios web y las plataformas de alojamiento web, que en realidad impulsan los diferentes <a href=\"https:\/\/sciservers.com\/es\/dominio-y-hosting-compartido\/\">dominios<\/a> y sitios web. \u00bfEst\u00e1s preparado para elegir alojamiento web? \u00bfExiste alguna variante de hosting que puedas elegir? Por supuesto que s\u00ed, en este momento existen m\u00e1s de 200.000 proveedores de alojamiento web. Oficialmente. Entonces \u00bfd\u00f3nde est\u00e1 el problema? Aqu\u00ed es donde: m\u00e1s del 98 por ciento de estas m\u00e1s de doscientas mil marcas \u00fanicas de alojamiento de sitios web en el mundo le brindar\u00e1n el mismo CP y plataforma de alojamiento web de cPanel, etiquetados de manera diferente, \u00a1con literalmente los mismos precios! \u00a1GUAU! As\u00ed de enorme es la variedad en el mercado actual de hosting de sitios web... Punto.<\/p>\n\n<h2>El Hosting LOTTO en el que todos participamos<\/h2>\n\n<p>Las matem\u00e1ticas simples muestran que toparse con un proveedor de alojamiento web que no utiliza cPanel es un golpe de fortuna colosal. \u00a1Hay menos de una posibilidad entre cincuenta de que algo as\u00ed suceda! Menos de uno de cada cincuenta...<\/p>\n\n<h2>Las fortalezas y debilidades de la soluci\u00f3n de Hosting basada en cPanel<\/h2>\n\n<p>No seamos implacables con cPanel. Al menos, en los a\u00f1os 2001-2004 cPanel estaba de moda y quiz\u00e1s satisfac\u00eda la mayor\u00eda de los requisitos de la industria del alojamiento web. En pocas palabras, cPanel puede funcionar si tienes solo uno <a href=\"https:\/\/sciservers.com\/es\/articulos-de-alojamiento\/que-son-los-nombres-de-dominio\/\">nombre de dominio<\/a> para acoger. Pero, si tienes m\u00e1s dominios...<\/p>\n\n<h2>Lado negativo n\u00famero uno: una est\u00fapida estructura de carpetas de nombres de dominio<\/h2>\n\n<p>Sin embargo, si tiene dos o m\u00e1s dominios, tenga mucho cuidado de no eliminar completamente los complementos (as\u00ed es como cPanel se referir\u00e1 a cada nuevo nombre de dominio alojado, que no es el predeterminado: un dominio complementario). Los archivos de los dominios complementarios son bastante f\u00e1ciles de eliminar en el servidor de alojamiento, porque todos se colocan en la carpeta ra\u00edz del dominio predeterminado, que es la famosa carpeta public_html. Cada dominio complementario es una carpeta situada dentro de la carpeta del nombre de dominio predeterminado. Como una subcarpeta. La pr\u00f3xima vez intente no borrar los archivos de los nombres de dominio complementarios, por favor. Comprueba por ti mismo lo maravillosa que es la estructura de carpetas de nombres de dominio de cPanel:<\/p>\n\n<strong>public_html (aqu\u00ed se encuentra my-default-domain.com)<\/strong><br \/>\n\n<strong>public_html\/my-family (una carpeta que forma parte de my-default-domain.com)<\/strong><br \/>\n\n<strong>public_html\/my-segundo-dominio.com (un dominio complementario)<\/strong><br \/>\n\n<strong>public_html\/mi-segunda-esposa (una carpeta que forma parte de mi-dominio-predeterminado.com)<\/strong><br \/>\n\n<strong>public_html\/my-segunda-esposa.net (un nombre de dominio complementario)<\/strong><br \/>\n\n<strong>public_html\/my-third-domain.com (un nombre de dominio complementario)<\/strong><br \/>\n\n<strong>public_html\/my-third-wife (una carpeta que forma parte de my-default-domain.com)<\/strong><br \/>\n\n<strong>public_html\/my-third-wife.net (un dominio complementario)<\/strong><br \/>\n\n<strong>public_html\/rebeka (una carpeta que forma parte de my-default-domain.com)<\/strong><br \/>\n\n<strong>public_html\/rebeka.my-third-wife.net (un subdominio de un dominio complementario)<\/strong><br \/><br \/>\n\n<p>\u00bfTe est\u00e1s quedando desconcertado? \u00a1Sin duda lo somos!<\/p>\n\n<h2>Signo negativo n\u00famero 2: la misma disposici\u00f3n de la carpeta de correo electr\u00f3nico<\/h2>\n\n<p>La estructura de carpetas de correo en el servidor web es absolutamente la misma que la de los dominios... \u00bf\u00a1\u00bfRepitiendo el mismo error dos veces?!? Los administradores fortalecen firmemente su fe en Dios cuando se ocupan de las carpetas de correo en el servidor de correo electr\u00f3nico, con la esperanza de no estropear demasiado las cosas.<\/p>\n\n<h2>Debilidad n\u00famero 3: escasez total de men\u00fas de gesti\u00f3n de dominios<\/h2>\n\n<p>\u00bfNecesitamos se\u00f1alar la falta total de una herramienta de administraci\u00f3n de dominios contempor\u00e1nea, una ubicaci\u00f3n donde usted pueda: registrar\/mover\/renovar\/estacionar o administrar dominios, alterar los detalles Whois de los dominios, proteger la informaci\u00f3n Whois, cambiar\/configurar servidores de nombres ( DNS) y registros DNS? cPanel no proporciona en absoluto una interfaz tan &quot;moderna&quot;. Esa es una inmensa desventaja. Uno imperdonable, queremos se\u00f1alar...<\/p>\n\n<h2>Aspecto negativo n\u00famero cuatro: m\u00faltiples ubicaciones de inicio de sesi\u00f3n de usuarios (m\u00ednimo dos, m\u00e1ximo tres)<\/h2>\n\n<p>\u00bfQu\u00e9 pasa con la necesidad de iniciar otro inicio de sesi\u00f3n para utilizar la herramienta de administraci\u00f3n de facturaci\u00f3n, dominio y soporte t\u00e9cnico? Esto est\u00e1 al lado de las credenciales de inicio de sesi\u00f3n de cPanel que ya le proporcion\u00f3 el proveedor de alojamiento de cPanel. De vez en cuando, dependiendo de la plataforma de transacci\u00f3n de facturas (especialmente destinada \u00fanicamente a cPanel) que est\u00e9 utilizando el proveedor de alojamiento de cPanel, los clientes devotos pueden terminar con dos inicios de sesi\u00f3n adicionales (1: la plataforma de administraci\u00f3n de dominio\/transacci\u00f3n de facturaci\u00f3n; 2: el herramienta de soporte de tickets de problemas), terminando con un total de 3 ubicaciones de inicio de sesi\u00f3n (contando cPanel).<\/p>\n\n<h2>Signo negativo n\u00famero 5: M\u00e1s de ciento veinte men\u00fas del Panel de control de alojamiento web con los que familiarizarse... r\u00e1pidamente<\/h2>\n\n<p>cPanel presenta a su atenci\u00f3n m\u00e1s de 120 secciones dentro del Panel de control del alojamiento de sitios web. Es una maravillosa idea familiarizarse con cada uno de ellos. Y ser\u00e1 mejor que los comprendas r\u00e1pidamente... Eso es excesivamente insolente por parte de cPanel.<\/p>\n\n<p>Con la debida veneraci\u00f3n, tenemos una pregunta ret\u00f3rica para todas las empresas de Hosting basadas en cPanel:<\/p>\n\n<p>Hasta donde sabemos, no es el a\u00f1o 2001, \u00bfverdad? Tenga en cuenta que uno tambi\u00e9n...<\/p>  <table id=\"rp_presentation\">\n    <tr class=\"rp_pr_plan_header\">\n          <td class=\"rp_pr_plan first-plan\">Regular<\/td>\n          <td class=\"rp_pr_plan\">De lujo<\/td>\n          <td class=\"rp_pr_plan\">\u00daltimo<\/td>\n          <td class=\"rp_pr_plan\">Econom\u00eda<\/td>\n        <\/tr>\n    <tr class=\"rp_pr_feature_header\">\n          <td class=\"rp_pr_plan first-plan\"><\/td>\n          <td class=\"rp_pr_plan\"><\/td>\n          <td class=\"rp_pr_plan\"><\/td>\n          <td class=\"rp_pr_plan\"><\/td>\n        <\/tr>\n    <tr class=\"rp_pr_features\">\n          <td class=\"rp_pr_plan first-plan\">\n      <strong>Unlimited<\/strong> almacenamiento\n      <\/td>\n          <td class=\"rp_pr_plan\">\n      <strong>Unlimited<\/strong> almacenamiento\n      <\/td>\n          <td class=\"rp_pr_plan\">\n      <strong>Unlimited<\/strong> almacenamiento\n      <\/td>\n          <td class=\"rp_pr_plan\">\n      <strong>Unlimited<\/strong> almacenamiento\n      <\/td>\n        <\/tr>\n    <tr class=\"rp_pr_features\">\n          <td class=\"rp_pr_plan first-plan\">\n      <strong>Unlimited<\/strong> banda ancha\n      <\/td>\n          <td class=\"rp_pr_plan\">\n      <strong>Unlimited<\/strong> banda ancha\n      <\/td>\n          <td class=\"rp_pr_plan\">\n      <strong>Unlimited<\/strong> banda ancha\n      <\/td>\n          <td class=\"rp_pr_plan\">\n      <strong>Unlimited<\/strong> banda ancha\n      <\/td>\n        <\/tr>\n    <tr class=\"rp_pr_features\">\n          <td class=\"rp_pr_plan first-plan\">\n      <strong>5<\/strong> sitios web alojados      <\/td>\n          <td class=\"rp_pr_plan\">\n      <strong>Unlimited<\/strong> sitios web alojados      <\/td>\n          <td class=\"rp_pr_plan\">\n      <strong>Unlimited<\/strong> sitios web alojados      <\/td>\n          <td class=\"rp_pr_plan\">\n      <strong>1<\/strong> sitio web alojado      <\/td>\n        <\/tr>\n    <tr class=\"rp_pr_features\">\n          <td class=\"rp_pr_plan first-plan\">\n      <strong>Prueba gratuita de 30 d\u00edas<\/strong>\n      <\/td>\n          <td class=\"rp_pr_plan\">\n      <strong>Prueba gratuita de 30 d\u00edas<\/strong>\n      <\/td>\n          <td class=\"rp_pr_plan\">\n      <strong>Prueba gratuita de 30 d\u00edas<\/strong>\n      <\/td>\n          <td class=\"rp_pr_plan\">\n      <strong>Prueba gratuita de 30 d\u00edas<\/strong>\n      <\/td>\n        <\/tr>\n    <tr class=\"rp_pr_features rp_pr_features_price\">\n          <td class=\"rp_pr_plan first-plan\">\n      <span class=\"currency\">$<\/span><span>8.75<\/span> \/ mes\n      <\/td>\n          <td class=\"rp_pr_plan\">\n      <span class=\"currency\">$<\/span><span>17.08<\/span> \/ mes\n      <\/td>\n          <td class=\"rp_pr_plan\">\n      <span class=\"currency\">$<\/span><span>21.25<\/span> \/ mes\n      <\/td>\n          <td class=\"rp_pr_plan\">\n      <span class=\"currency\">$<\/span><span>6.25<\/span> \/ mes\n      <\/td>\n        <\/tr>\n    <tr class=\"rp_pr_signup\">\n          <td class=\"rp_pr_plan first-plan\">\n      <form class=\"pr_rp_sing_up_form\" action=\"https:\/\/sciservers.com\/es\/formulario-de-pedido\/get-shared-website-hosting\/\" method=\"get\" data-trp-original-action=\"https:\/\/sciservers.com\/es\/formulario-de-pedido\/get-shared-website-hosting\/\">\n\t\t        <button type=\"submit\" class=\"rpwp-button colorize\"><span class=\"gloss\"><\/span>ordenar ahora<\/button>\n                        <input name=\"plan\" type=\"hidden\" value=\"1\" \/>\n         <input type=\"hidden\" name=\"trp-form-language\" value=\"es\"\/><\/form>\n      <\/td>\n          <td class=\"rp_pr_plan\">\n      <form class=\"pr_rp_sing_up_form\" action=\"https:\/\/sciservers.com\/es\/formulario-de-pedido\/get-shared-website-hosting\/\" method=\"get\" data-trp-original-action=\"https:\/\/sciservers.com\/es\/formulario-de-pedido\/get-shared-website-hosting\/\">\n\t\t        <button type=\"submit\" class=\"rpwp-button colorize\"><span class=\"gloss\"><\/span>ordenar ahora<\/button>\n                        <input name=\"plan\" type=\"hidden\" value=\"2\" \/>\n         <input type=\"hidden\" name=\"trp-form-language\" value=\"es\"\/><\/form>\n      <\/td>\n          <td class=\"rp_pr_plan\">\n      <form class=\"pr_rp_sing_up_form\" action=\"https:\/\/sciservers.com\/es\/formulario-de-pedido\/get-shared-website-hosting\/\" method=\"get\" data-trp-original-action=\"https:\/\/sciservers.com\/es\/formulario-de-pedido\/get-shared-website-hosting\/\">\n\t\t        <button type=\"submit\" class=\"rpwp-button colorize\"><span class=\"gloss\"><\/span>ordenar ahora<\/button>\n                        <input name=\"plan\" type=\"hidden\" value=\"44\" \/>\n         <input type=\"hidden\" name=\"trp-form-language\" value=\"es\"\/><\/form>\n      <\/td>\n          <td class=\"rp_pr_plan\">\n      <form class=\"pr_rp_sing_up_form\" action=\"https:\/\/sciservers.com\/es\/formulario-de-pedido\/get-shared-website-hosting\/\" method=\"get\" data-trp-original-action=\"https:\/\/sciservers.com\/es\/formulario-de-pedido\/get-shared-website-hosting\/\">\n\t\t        <button type=\"submit\" class=\"rpwp-button colorize\"><span class=\"gloss\"><\/span>ordenar ahora<\/button>\n                        <input name=\"plan\" type=\"hidden\" value=\"44029\" \/>\n         <input type=\"hidden\" name=\"trp-form-language\" value=\"es\"\/><\/form>\n      <\/td>\n        <\/tr>\n    <tr class=\"rp_pr_end\">\n          <td class=\"rp_pr_plan first-plan\">&nbsp;<\/td>\n          <td class=\"rp_pr_plan\">&nbsp;<\/td>\n          <td class=\"rp_pr_plan\">&nbsp;<\/td>\n          <td class=\"rp_pr_plan\">&nbsp;<\/td>\n        <\/tr>\n  <\/table>","protected":false},"excerpt":{"rendered":"cPanel Hosting Unmasked For your info, it's useful to be aware that most of the cPanel-based Hosting offerings on the present web hosting marketplace are supplied by a very insignificant marketing niche (as far as yearly cash flow is concerned) known as hosting reseller. Reseller hosting is a type of a small-sized business niche, which<span class=\"excerpt_more\"><a href=\"https:\/\/sciservers.com\/es\/articulos-de-alojamiento\/alojamiento-cpanel-desenmascarado\/\">[continue...]<\/a><\/span>","protected":false},"author":1,"featured_media":0,"parent":731,"menu_order":0,"comment_status":"closed","ping_status":"closed","template":"","meta":{"footnotes":""},"class_list":["post-747","page","type-page","status-publish","hentry"],"_links":{"self":[{"href":"https:\/\/sciservers.com\/es\/wp-json\/wp\/v2\/pages\/747","targetHints":{"allow":["GET"]}}],"collection":[{"href":"https:\/\/sciservers.com\/es\/wp-json\/wp\/v2\/pages"}],"about":[{"href":"https:\/\/sciservers.com\/es\/wp-json\/wp\/v2\/types\/page"}],"author":[{"embeddable":true,"href":"https:\/\/sciservers.com\/es\/wp-json\/wp\/v2\/users\/1"}],"replies":[{"embeddable":true,"href":"https:\/\/sciservers.com\/es\/wp-json\/wp\/v2\/comments?post=747"}],"version-history":[{"count":0,"href":"https:\/\/sciservers.com\/es\/wp-json\/wp\/v2\/pages\/747\/revisions"}],"up":[{"embeddable":true,"href":"https:\/\/sciservers.com\/es\/wp-json\/wp\/v2\/pages\/731"}],"wp:attachment":[{"href":"https:\/\/sciservers.com\/es\/wp-json\/wp\/v2\/media?parent=747"}],"curies":[{"name":"wp","href":"https:\/\/api.w.org\/{rel}","templated":true}]}}