{"id":750,"date":"2024-04-17T14:06:54","date_gmt":"2024-04-17T18:06:54","guid":{"rendered":"https:\/\/sciservers.com\/article_semi_dedicated_hosting_title_1\/"},"modified":"2024-04-17T14:06:59","modified_gmt":"2024-04-17T18:06:59","slug":"how-semi-dedicated-hosting-operates","status":"publish","type":"page","link":"https:\/\/sciservers.com\/es\/articulos-de-alojamiento\/como-funciona-el-hosting-semidedicado\/","title":{"rendered":"C\u00f3mo funciona el hosting semidedicado"},"content":{"rendered":"<h1>C\u00f3mo funciona el hosting semidedicado<\/h1>\n<p>La mejor calidad <a href=\"https:\/\/sciservers.com\/es\/servidores-semidedicados\/\">servidores semidedicados<\/a> Los paquetes que puede encontrar en SCI-SERVERS est\u00e1n destinados a aquellos de ustedes cuyas demandas web han comenzado a superar los recursos de su plataforma de alojamiento web real y que a\u00fan no est\u00e1n listos para migrar a una <a href=\"https:\/\/sciservers.com\/es\/servidores-dedicados\/\">servidor dedicado<\/a>. Los servidores dedicados superan <a href=\"https:\/\/sciservers.com\/es\/alojamiento-de-servidores-privados-virtuales-openvz\/\">servidores privados virtuales<\/a> principalmente en la mayor cantidad de recursos que le dan la opci\u00f3n de ejecutar sitios web que consumen m\u00e1s tr\u00e1fico y scripts y aplicaciones m\u00e1s complejas. Cada plan semidedicado incluye espacio en disco ilimitado y cuotas de tr\u00e1fico mensuales, alojamiento ilimitado <a href=\"https:\/\/sciservers.com\/es\/dominio-y-hosting-compartido\/\">dominios<\/a> y buzones de correo, etc. Adem\u00e1s, obtendr\u00e1s un GRATIS <a href=\"https:\/\/demo.hepsia.com\/?auto_login=true\">Panel de control de Hepsia<\/a> con una interfaz r\u00e1pida de apuntar y hacer clic que facilita la administraci\u00f3n de su servidor semidedicado.<\/p>  <table id=\"rp_presentation\">\n    <tr class=\"rp_pr_plan_header\">\n          <td class=\"rp_pr_plan first-plan\">R\u00e1pido<\/td>\n          <td class=\"rp_pr_plan\">S\u00faper r\u00e1pido<\/td>\n        <\/tr>\n    <tr class=\"rp_pr_feature_header\">\n          <td class=\"rp_pr_plan first-plan\"><\/td>\n          <td class=\"rp_pr_plan\"><\/td>\n        <\/tr>\n    <tr class=\"rp_pr_features\">\n          <td class=\"rp_pr_plan first-plan\">\n      <strong>Unlimited<\/strong> almacenamiento\n      <\/td>\n          <td class=\"rp_pr_plan\">\n      <strong>Unlimited<\/strong> almacenamiento\n      <\/td>\n        <\/tr>\n    <tr class=\"rp_pr_features\">\n          <td class=\"rp_pr_plan first-plan\">\n      <strong>Unlimited<\/strong> banda ancha\n      <\/td>\n          <td class=\"rp_pr_plan\">\n      <strong>Unlimited<\/strong> banda ancha\n      <\/td>\n        <\/tr>\n    <tr class=\"rp_pr_features\">\n          <td class=\"rp_pr_plan first-plan\">\n      <strong>Unlimited<\/strong> sitios web alojados      <\/td>\n          <td class=\"rp_pr_plan\">\n      <strong>Unlimited<\/strong> sitios web alojados      <\/td>\n        <\/tr>\n    <tr class=\"rp_pr_features\">\n          <td class=\"rp_pr_plan first-plan\">\n      <strong>Prueba gratuita de 30 d\u00edas<\/strong>\n      <\/td>\n          <td class=\"rp_pr_plan\">\n      <strong>Prueba gratuita de 30 d\u00edas<\/strong>\n      <\/td>\n        <\/tr>\n    <tr class=\"rp_pr_features rp_pr_features_price\">\n          <td class=\"rp_pr_plan first-plan\">\n\t\t\t\t\t<span class=\"currency\">$<\/span><span>40.00<\/span> \/ mes\n\t      <\/td>\n          <td class=\"rp_pr_plan\">\n\t\t\t\t\t<span class=\"currency\">$<\/span><span>60.00<\/span> \/ mes\n\t      <\/td>\n        <\/tr>\n    <tr class=\"rp_pr_signup\">\n          <td class=\"rp_pr_plan first-plan\">\n      <form class=\"pr_rp_sing_up_form\" action=\"https:\/\/sciservers.com\/es\/formulario-de-pedido\/get-semi-dedicated-server-packages\/\" method=\"get\" data-trp-original-action=\"https:\/\/sciservers.com\/es\/formulario-de-pedido\/get-semi-dedicated-server-packages\/\">\n\t\t        <button type=\"submit\" class=\"rpwp-button colorize\"><span class=\"gloss\"><\/span>ordenar ahora<\/button>\n                        <input name=\"plan\" type=\"hidden\" value=\"36905\" \/>\n         <input type=\"hidden\" name=\"trp-form-language\" value=\"es\"\/><\/form>\n\t      <\/td>\n          <td class=\"rp_pr_plan\">\n      <form class=\"pr_rp_sing_up_form\" action=\"https:\/\/sciservers.com\/es\/formulario-de-pedido\/get-semi-dedicated-server-packages\/\" method=\"get\" data-trp-original-action=\"https:\/\/sciservers.com\/es\/formulario-de-pedido\/get-semi-dedicated-server-packages\/\">\n\t\t        <button type=\"submit\" class=\"rpwp-button colorize\"><span class=\"gloss\"><\/span>ordenar ahora<\/button>\n                        <input name=\"plan\" type=\"hidden\" value=\"36906\" \/>\n         <input type=\"hidden\" name=\"trp-form-language\" value=\"es\"\/><\/form>\n\t      <\/td>\n        <\/tr>\n    <tr class=\"rp_pr_end\">\n          <td class=\"rp_pr_plan first-plan\">&nbsp;<\/td>\n          <td class=\"rp_pr_plan\">&nbsp;<\/td>\n        <\/tr>\n  <\/table>","protected":false},"excerpt":{"rendered":"How Semi-dedicated Hosting Operates The top-quality semi-dedicated servers packages you can find on are intended for those of you, whose web demands have started to outgrow the resources of their actual web hosting platform, and who are not yet ready to move to a dedicated server. Dedicated servers exceed virtual private servers mainly in the<span class=\"excerpt_more\"><a href=\"https:\/\/sciservers.com\/es\/articulos-de-alojamiento\/como-funciona-el-hosting-semidedicado\/\">[continue...]<\/a><\/span>","protected":false},"author":1,"featured_media":0,"parent":731,"menu_order":0,"comment_status":"closed","ping_status":"closed","template":"","meta":{"footnotes":""},"class_list":["post-750","page","type-page","status-publish","hentry"],"_links":{"self":[{"href":"https:\/\/sciservers.com\/es\/wp-json\/wp\/v2\/pages\/750","targetHints":{"allow":["GET"]}}],"collection":[{"href":"https:\/\/sciservers.com\/es\/wp-json\/wp\/v2\/pages"}],"about":[{"href":"https:\/\/sciservers.com\/es\/wp-json\/wp\/v2\/types\/page"}],"author":[{"embeddable":true,"href":"https:\/\/sciservers.com\/es\/wp-json\/wp\/v2\/users\/1"}],"replies":[{"embeddable":true,"href":"https:\/\/sciservers.com\/es\/wp-json\/wp\/v2\/comments?post=750"}],"version-history":[{"count":0,"href":"https:\/\/sciservers.com\/es\/wp-json\/wp\/v2\/pages\/750\/revisions"}],"up":[{"embeddable":true,"href":"https:\/\/sciservers.com\/es\/wp-json\/wp\/v2\/pages\/731"}],"wp:attachment":[{"href":"https:\/\/sciservers.com\/es\/wp-json\/wp\/v2\/media?parent=750"}],"curies":[{"name":"wp","href":"https:\/\/api.w.org\/{rel}","templated":true}]}}