{"id":762,"date":"2024-04-17T14:06:54","date_gmt":"2024-04-17T18:06:54","guid":{"rendered":"https:\/\/sciservers.com\/article_web_hosting_hosting_title_1\/"},"modified":"2024-04-17T14:07:00","modified_gmt":"2024-04-17T18:07:00","slug":"description-of-shared-hosting","status":"publish","type":"page","link":"https:\/\/sciservers.com\/es\/articulos-de-alojamiento\/descripcion-del-hosting-compartido\/","title":{"rendered":"Descripci\u00f3n del alojamiento compartido"},"content":{"rendered":"<h1>Descripci\u00f3n del alojamiento compartido<\/h1>\n<div id=\"shared-box\"  class=\"right\"><div id=\"box-price\">\n                    <span class=\"box-price-currency\">$<\/span><span class=\"box-price-value\">8.75<\/span> <span class=\"box-price-period\">\/mes<\/span><br \/>\n    <\/div>\n        <div id=\"box-title\"><h2>Regular <span class=\"box-sub-title\">Plan<\/span><\/h2><\/div>\n<div id=\"box-content\">\n            <ul>\n                <li><strong>Unlimited<\/strong> Data Storage<\/li>\n                <li><strong>Unlimited<\/strong> Transferencia de datos<\/li>\n                <li><strong>5<\/strong> Dominios alojados<\/li>\n                                <li><strong>Prueba gratuita de 30 d\u00edas<\/strong><\/li>\n            <\/ul><div class=\"clear\"><\/div>\n            <div id=\"box-bottom\"><div class=\"plan-details-link\"><a href=\"https:\/\/sciservers.com\/es\/alojamiento-de-sitios-web-compartido\/\">Ver detalles del plan<\/a><\/div>\n            <form method=\"get\" class=\"pr_rp_sing_up_form\" action=\"https:\/\/sciservers.com\/es\/formulario-de-pedido\/\" data-trp-original-action=\"https:\/\/sciservers.com\/es\/formulario-de-pedido\/\">\n    \t\t\t<button class=\"rpwp-button colorize\"><span class=\"gloss\"><\/span>comprar ahora<\/button>\n                        <input name=\"plan\" type=\"hidden\" value=\"1\" \/>\n\t<input type=\"hidden\" name=\"trp-form-language\" value=\"es\"\/><\/form>\n<\/div>\n        <\/div>\n    <\/div><p>Si desea crear un sitio y ponerlo a disposici\u00f3n de todo el mundo, debe estar ubicado en un servidor web. Este servicio se llama es <a href=\"https:\/\/sciservers.com\/es\/alojamiento-de-sitios-web-compartido\/\">alojamiento compartido<\/a>.<\/p>\n\n<h2>Aloje su sitio en casa o en otro lugar<\/h2>\n\n\n\n<p>Podr\u00eda alojar su sitio web en su computadora personal en casa o en el trabajo, en una PC que pertenezca a un conocido suyo, etc. Si es un sitio con fines de prueba, no habr\u00eda necesidad real de que buscara un m\u00e1s avanzado <a href=\"https:\/\/sciservers.com\/es\/articulos-de-alojamiento\/definicion-de-servicios-de-alojamiento-compartido\/\">soluci\u00f3n de alojamiento de sitios web<\/a> que eso. Sin embargo, si desea configurar un sitio web real, que ser\u00e1 visible para muchos visitantes y desea que sea confiable, tambi\u00e9n necesitar\u00e1 un servidor de alojamiento web estable donde lo alojar\u00e1.<\/p>\n\n<h2>\u00bfPor qu\u00e9 necesita un servidor web para su sitio web?<\/h2>\n\n<p>Cuando eres propietario de un sitio, est\u00e1 alojado en una m\u00e1quina f\u00edsica. Esa m\u00e1quina f\u00edsica tiene su propia direcci\u00f3n f\u00edsica llamada direcci\u00f3n IP. Sin embargo, escribir la direcci\u00f3n IP del servidor f\u00edsico en la barra de direcciones de su navegador no es el mejor y m\u00e1s apropiado medio para abrir un sitio web. As\u00ed es como y por qu\u00e9 <a href=\"https:\/\/sciservers.com\/es\/articulos-de-alojamiento\/que-son-los-nombres-de-dominio\/\">dominios<\/a> apareci\u00f3 y por qu\u00e9 necesita uno para su sitio. Entonces, para configurar su sitio web, necesita su propio dominio y un servidor de alojamiento donde alojar su sitio web.<\/p>\n\n<h2>Alojamiento de su sitio web usted mismo<\/h2>\n\n<p>Si es un experto en tecnolog\u00eda de la informaci\u00f3n y sabe c\u00f3mo manejar un servidor de alojamiento web, puede tener su propio servidor y alojar su sitio web en \u00e9l. Esto le permitir\u00e1 ejercer autoridad total sobre el servidor f\u00edsico, implementar modificaciones en la configuraci\u00f3n del servidor e instalar actualizaciones de software usted mismo en lugar de tener que depender del personal del centro de datos. La desventaja, sin embargo, es que necesitar\u00e1s garantizar el tiempo de actividad de tu sitio y encargarte t\u00fa mismo de todas las tareas de mantenimiento del servidor. Si dispone de un sistema operativo con licencia, tambi\u00e9n tendr\u00e1 que invertir dinero en la licencia, que suele ser m\u00e1s cara si se compra para un servidor web completo.<\/p>\n\n<p>Usar un proveedor de paquetes de hosting<\/p>\n\n<p>Si no desea ocuparse de las tareas de mantenimiento del servidor, el paso m\u00e1s importante es registrarse para obtener una cuenta con un proveedor de alojamiento web. Se trata de empresas que ofrecen a sus clientes potentes servidores de alojamiento web con diferentes configuraciones de hardware por un impuesto determinado. Los servidores web est\u00e1n ubicados en centros de datos con sistemas especiales de refrigeraci\u00f3n y suministro de energ\u00eda ininterrumpida para garantizar un tiempo de funcionamiento ininterrumpido del servicio.<\/p>\n\n<h2>Tipos de servicios de alojamiento web<\/h2>\n\n<p>Internet es un oc\u00e9ano sin l\u00edmites y hay muchos proveedores de alojamiento web que ofrecen diversos servicios de alojamiento a la gran cantidad de propietarios de sitios web que existen. Los servicios de alojamiento web var\u00edan desde servicios de alojamiento web gratuitos, donde puede alojar sitios simples basados en HTML, hasta costosos servicios de alojamiento de servidores web dedicados que pueden agotar sus finanzas. Entonces, \u00bfqu\u00e9 tipo de hosting se adapta a tus necesidades?<\/p>\n\n<p>Si posee una p\u00e1gina web peque\u00f1a o mediana que tiene varios cientos de visitantes como m\u00e1ximo, puede utilizar de forma segura una soluci\u00f3n de alojamiento compartido. Alojamiento compartido significa que muchas cuentas de alojamiento web compartido y sitios web est\u00e1n alojados en un mismo servidor, lo que reduce el precio del servicio de alojamiento. Las cuentas de alojamiento compartido normalmente tienen unidades de procesamiento central, memoria RAM, tr\u00e1fico web y cuotas de uso de espacio de almacenamiento en la unidad de disco del servidor de alojamiento web para garantizar que los sitios alojados en el servidor de alojamiento no interfieran entre s\u00ed y no utilicen m\u00e1s recursos del sistema de los que utilizan. est\u00e1n asignados.<\/p>\n\n<p>Si su sitio web es m\u00e1s grande, debe elegir un <a href=\"https:\/\/sciservers.com\/es\/alojamiento-de-servidores-privados-virtuales-openvz\/\">alojamiento de servidores privados virtuales<\/a> soluci\u00f3n, que es el t\u00e9rmino medio entre la soluci\u00f3n de alojamiento compartido y la <a href=\"https:\/\/sciservers.com\/es\/servidores-dedicados\/\">alojamiento dedicado<\/a> soluci\u00f3n. VPS es un acr\u00f3nimo de Servidor Privado Virtual. Le brinda acceso de nivel ra\u00edz, lo que le permite realizar modificaciones en la configuraci\u00f3n del servidor, algo que ser\u00eda impensable en un servidor de alojamiento web compartido. Los servidores privados virtuales tambi\u00e9n ofrecen opciones de memoria ampliable. La memoria RAM y la unidad central de procesamiento se asignan por separado a cada servidor de alojamiento virtual privado individual, sin que nadie m\u00e1s los utilice. Normalmente hay otros <a href=\"https:\/\/sciservers.com\/es\/articulos-de-alojamiento\/como-funcionan-los-servidores-privados-virtuales\/\">servidores privados virtuales<\/a> adem\u00e1s de los tuyos que comparten los recursos del servidor f\u00edsico, lo que en ocasiones puede influir en el rendimiento general, pero en la mayor\u00eda de los casos no supone un problema. Si los recursos del sistema del servidor web virtual privado no son suficientes para sus necesidades, parece que ha llegado el momento de encargar un servidor web de hosting dedicado.<\/p>\n\n<p>El <a href=\"https:\/\/sciservers.com\/es\/articulos-de-alojamiento\/explicacion-de-servidores-dedicados\/\">servidores dedicados<\/a> es un servidor que usted alquila, que usted utiliza exclusivamente para las necesidades de su sitio web personal. Nadie m\u00e1s comparte sus recursos y usted recibe acceso ra\u00edz completo al servidor, puede seleccionar una arquitectura de hardware por adelantado, implementar actualizaciones m\u00e1s adelante e instalar RAM o unidades de disco duro. A diferencia de los servidores privados virtuales donde la virtualizaci\u00f3n se realiza principalmente a nivel del sistema operativo y todos los contenedores virtuales comparten un \u00fanico kernel, con un servidor de alojamiento web dedicado tambi\u00e9n puedes revisar el kernel del sistema operativo (normalmente basado en Linux).<\/p>\n\n<h2>Seleccione su proveedor de soluciones de hosting<\/h2>\n\n<p>Si tiene una idea de en qu\u00e9 consistir\u00e1 su sitio web, o si simplemente tiene un plan vago que a\u00fan no ha evolucionado por completo, su primer paso hacia la creaci\u00f3n de su sitio web deber\u00eda ser encontrar un proveedor de planes de alojamiento web. . La mejor soluci\u00f3n es encontrar una empresa de alojamiento web que ofrezca una inmensa variedad de soluciones de alojamiento de sitios web para que no tenga que cambiar de proveedor de servicios de alojamiento si primero utiliza una soluci\u00f3n de alojamiento de sitios web compartido y luego se le quedan peque\u00f1os los recursos de alojamiento compartido y necesita actualizar. a una soluci\u00f3n de alojamiento de servidor VPS o a un servidor de alojamiento dedicado. Nosotros, por ejemplo, distribuimos <a href=\"https:\/\/sciservers.com\/es\/articulos-de-alojamiento\/servicios-de-alojamiento-web-economicos\/\">alojamiento de sitios web compartido a un precio modesto<\/a> planes, servidores web VPS baratos basados en OpenVZ y Virtuozzo, <a href=\"https:\/\/sciservers.com\/es\/servidores-semidedicados\/\">servidores semidedicados<\/a> con su propia interfaz de Panel de control de alojamiento web e incluso planes de alojamiento de servidor web dedicados. Tambi\u00e9n ofrecemos recompensas gratuitas: el nombre de dominio econ\u00f3mico de alojamiento web compartido si se paga anualmente, los paquetes de alojamiento de servidor web virtual m\u00e1s potentes y los planes de servidor de alojamiento dedicado ofrecen un revendedor de nombre de dominio gratuito. software de cuenta y facturaci\u00f3n en caso de que desee utilizarlos con fines de reventa. Agregue el excelente servicio de atenci\u00f3n al cliente 24-7-365 y tendr\u00e1 todo lo que normalmente necesita. Sin duda, puede encontrar otras empresas de hosting dependiendo de lo que est\u00e9 buscando exactamente, realizando una b\u00fasqueda en l\u00ednea o examinando diferentes rese\u00f1as de hosting en l\u00ednea. Sin embargo, la opci\u00f3n m\u00e1s adecuada es un proveedor de servicios de alojamiento que tambi\u00e9n sea un <a href=\"https:\/\/sciservers.com\/es\/dominio-y-hosting-compartido\/\">nombre de dominio<\/a> registrador y tiene servidores en m\u00e1s de un pa\u00eds; ambas condiciones previas las cumplimos. Contamos con servidores de alojamiento web en Estados Unidos, Gran Breta\u00f1a y Australia, y ofrecemos m\u00faltiples extensiones de nombres de dominio para el registro.<\/p>  <table id=\"rp_presentation\">\n    <tr class=\"rp_pr_plan_header\">\n          <td class=\"rp_pr_plan first-plan\">Regular<\/td>\n          <td class=\"rp_pr_plan\">De lujo<\/td>\n          <td class=\"rp_pr_plan\">\u00daltimo<\/td>\n          <td class=\"rp_pr_plan\">Econom\u00eda<\/td>\n        <\/tr>\n    <tr class=\"rp_pr_feature_header\">\n          <td class=\"rp_pr_plan first-plan\"><\/td>\n          <td class=\"rp_pr_plan\"><\/td>\n          <td class=\"rp_pr_plan\"><\/td>\n          <td class=\"rp_pr_plan\"><\/td>\n        <\/tr>\n    <tr class=\"rp_pr_features\">\n          <td class=\"rp_pr_plan first-plan\">\n      <strong>Unlimited<\/strong> almacenamiento\n      <\/td>\n          <td class=\"rp_pr_plan\">\n      <strong>Unlimited<\/strong> almacenamiento\n      <\/td>\n          <td class=\"rp_pr_plan\">\n      <strong>Unlimited<\/strong> almacenamiento\n      <\/td>\n          <td class=\"rp_pr_plan\">\n      <strong>Unlimited<\/strong> almacenamiento\n      <\/td>\n        <\/tr>\n    <tr class=\"rp_pr_features\">\n          <td class=\"rp_pr_plan first-plan\">\n      <strong>Unlimited<\/strong> banda ancha\n      <\/td>\n          <td class=\"rp_pr_plan\">\n      <strong>Unlimited<\/strong> banda ancha\n      <\/td>\n          <td class=\"rp_pr_plan\">\n      <strong>Unlimited<\/strong> banda ancha\n      <\/td>\n          <td class=\"rp_pr_plan\">\n      <strong>Unlimited<\/strong> banda ancha\n      <\/td>\n        <\/tr>\n    <tr class=\"rp_pr_features\">\n          <td class=\"rp_pr_plan first-plan\">\n      <strong>5<\/strong> sitios web alojados      <\/td>\n          <td class=\"rp_pr_plan\">\n      <strong>Unlimited<\/strong> sitios web alojados      <\/td>\n          <td class=\"rp_pr_plan\">\n      <strong>Unlimited<\/strong> sitios web alojados      <\/td>\n          <td class=\"rp_pr_plan\">\n      <strong>1<\/strong> sitio web alojado      <\/td>\n        <\/tr>\n    <tr class=\"rp_pr_features\">\n          <td class=\"rp_pr_plan first-plan\">\n      <strong>Prueba gratuita de 30 d\u00edas<\/strong>\n      <\/td>\n          <td class=\"rp_pr_plan\">\n      <strong>Prueba gratuita de 30 d\u00edas<\/strong>\n      <\/td>\n          <td class=\"rp_pr_plan\">\n      <strong>Prueba gratuita de 30 d\u00edas<\/strong>\n      <\/td>\n          <td class=\"rp_pr_plan\">\n      <strong>Prueba gratuita de 30 d\u00edas<\/strong>\n      <\/td>\n        <\/tr>\n    <tr class=\"rp_pr_features rp_pr_features_price\">\n          <td class=\"rp_pr_plan first-plan\">\n      <span class=\"currency\">$<\/span><span>8.75<\/span> \/ mes\n      <\/td>\n          <td class=\"rp_pr_plan\">\n      <span class=\"currency\">$<\/span><span>17.08<\/span> \/ mes\n      <\/td>\n          <td class=\"rp_pr_plan\">\n      <span class=\"currency\">$<\/span><span>21.25<\/span> \/ mes\n      <\/td>\n          <td class=\"rp_pr_plan\">\n      <span class=\"currency\">$<\/span><span>6.25<\/span> \/ mes\n      <\/td>\n        <\/tr>\n    <tr class=\"rp_pr_signup\">\n          <td class=\"rp_pr_plan first-plan\">\n      <form class=\"pr_rp_sing_up_form\" action=\"https:\/\/sciservers.com\/es\/formulario-de-pedido\/get-shared-website-hosting\/\" method=\"get\" data-trp-original-action=\"https:\/\/sciservers.com\/es\/formulario-de-pedido\/get-shared-website-hosting\/\">\n\t\t        <button type=\"submit\" class=\"rpwp-button colorize\"><span class=\"gloss\"><\/span>ordenar ahora<\/button>\n                        <input name=\"plan\" type=\"hidden\" value=\"1\" \/>\n         <input type=\"hidden\" name=\"trp-form-language\" value=\"es\"\/><\/form>\n      <\/td>\n          <td class=\"rp_pr_plan\">\n      <form class=\"pr_rp_sing_up_form\" action=\"https:\/\/sciservers.com\/es\/formulario-de-pedido\/get-shared-website-hosting\/\" method=\"get\" data-trp-original-action=\"https:\/\/sciservers.com\/es\/formulario-de-pedido\/get-shared-website-hosting\/\">\n\t\t        <button type=\"submit\" class=\"rpwp-button colorize\"><span class=\"gloss\"><\/span>ordenar ahora<\/button>\n                        <input name=\"plan\" type=\"hidden\" value=\"2\" \/>\n         <input type=\"hidden\" name=\"trp-form-language\" value=\"es\"\/><\/form>\n      <\/td>\n          <td class=\"rp_pr_plan\">\n      <form class=\"pr_rp_sing_up_form\" action=\"https:\/\/sciservers.com\/es\/formulario-de-pedido\/get-shared-website-hosting\/\" method=\"get\" data-trp-original-action=\"https:\/\/sciservers.com\/es\/formulario-de-pedido\/get-shared-website-hosting\/\">\n\t\t        <button type=\"submit\" class=\"rpwp-button colorize\"><span class=\"gloss\"><\/span>ordenar ahora<\/button>\n                        <input name=\"plan\" type=\"hidden\" value=\"44\" \/>\n         <input type=\"hidden\" name=\"trp-form-language\" value=\"es\"\/><\/form>\n      <\/td>\n          <td class=\"rp_pr_plan\">\n      <form class=\"pr_rp_sing_up_form\" action=\"https:\/\/sciservers.com\/es\/formulario-de-pedido\/get-shared-website-hosting\/\" method=\"get\" data-trp-original-action=\"https:\/\/sciservers.com\/es\/formulario-de-pedido\/get-shared-website-hosting\/\">\n\t\t        <button type=\"submit\" class=\"rpwp-button colorize\"><span class=\"gloss\"><\/span>ordenar ahora<\/button>\n                        <input name=\"plan\" type=\"hidden\" value=\"44029\" \/>\n         <input type=\"hidden\" name=\"trp-form-language\" value=\"es\"\/><\/form>\n      <\/td>\n        <\/tr>\n    <tr class=\"rp_pr_end\">\n          <td class=\"rp_pr_plan first-plan\">&nbsp;<\/td>\n          <td class=\"rp_pr_plan\">&nbsp;<\/td>\n          <td class=\"rp_pr_plan\">&nbsp;<\/td>\n          <td class=\"rp_pr_plan\">&nbsp;<\/td>\n        <\/tr>\n  <\/table>","protected":false},"excerpt":{"rendered":"Description of Shared Hosting If you desire to build a site and make it available for the whole world to see, it has to be located on a web server. This service is called is shared hosting. Host your site at home or elsewhere You could host your website on your own personal computer at<span class=\"excerpt_more\"><a href=\"https:\/\/sciservers.com\/es\/articulos-de-alojamiento\/descripcion-del-hosting-compartido\/\">[continue...]<\/a><\/span>","protected":false},"author":1,"featured_media":0,"parent":731,"menu_order":0,"comment_status":"closed","ping_status":"closed","template":"","meta":{"footnotes":""},"class_list":["post-762","page","type-page","status-publish","hentry"],"_links":{"self":[{"href":"https:\/\/sciservers.com\/es\/wp-json\/wp\/v2\/pages\/762","targetHints":{"allow":["GET"]}}],"collection":[{"href":"https:\/\/sciservers.com\/es\/wp-json\/wp\/v2\/pages"}],"about":[{"href":"https:\/\/sciservers.com\/es\/wp-json\/wp\/v2\/types\/page"}],"author":[{"embeddable":true,"href":"https:\/\/sciservers.com\/es\/wp-json\/wp\/v2\/users\/1"}],"replies":[{"embeddable":true,"href":"https:\/\/sciservers.com\/es\/wp-json\/wp\/v2\/comments?post=762"}],"version-history":[{"count":0,"href":"https:\/\/sciservers.com\/es\/wp-json\/wp\/v2\/pages\/762\/revisions"}],"up":[{"embeddable":true,"href":"https:\/\/sciservers.com\/es\/wp-json\/wp\/v2\/pages\/731"}],"wp:attachment":[{"href":"https:\/\/sciservers.com\/es\/wp-json\/wp\/v2\/media?parent=762"}],"curies":[{"name":"wp","href":"https:\/\/api.w.org\/{rel}","templated":true}]}}