{"id":765,"date":"2024-04-17T14:06:54","date_gmt":"2024-04-17T18:06:54","guid":{"rendered":"https:\/\/sciservers.com\/article_web_hosting_services_title_1\/"},"modified":"2024-04-17T14:07:00","modified_gmt":"2024-04-17T18:07:00","slug":"shared-hosting-services-definition","status":"publish","type":"page","link":"https:\/\/sciservers.com\/es\/articulos-de-alojamiento\/definicion-de-servicios-de-alojamiento-compartido\/","title":{"rendered":"Definici\u00f3n de servicios de hosting compartido"},"content":{"rendered":"<h1>Definici\u00f3n de servicios de hosting compartido<\/h1>\n<div id=\"shared-box\"  class=\"right\"><div id=\"box-price\">\n                    <span class=\"box-price-currency\">$<\/span><span class=\"box-price-value\">8.75<\/span> <span class=\"box-price-period\">\/mes<\/span><br \/>\n    <\/div>\n        <div id=\"box-title\"><h2>Regular <span class=\"box-sub-title\">Plan<\/span><\/h2><\/div>\n<div id=\"box-content\">\n            <ul>\n                <li><strong>Unlimited<\/strong> Data Storage<\/li>\n                <li><strong>Unlimited<\/strong> Transferencia de datos<\/li>\n                <li><strong>5<\/strong> Dominios alojados<\/li>\n                                <li><strong>Prueba gratuita de 30 d\u00edas<\/strong><\/li>\n            <\/ul><div class=\"clear\"><\/div>\n            <div id=\"box-bottom\"><div class=\"plan-details-link\"><a href=\"https:\/\/sciservers.com\/es\/alojamiento-de-sitios-web-compartido\/\">Ver detalles del plan<\/a><\/div>\n            <form method=\"get\" class=\"pr_rp_sing_up_form\" action=\"https:\/\/sciservers.com\/es\/formulario-de-pedido\/\" data-trp-original-action=\"https:\/\/sciservers.com\/es\/formulario-de-pedido\/\">\n    \t\t\t<button class=\"rpwp-button colorize\"><span class=\"gloss\"><\/span>comprar ahora<\/button>\n                        <input name=\"plan\" type=\"hidden\" value=\"1\" \/>\n\t<input type=\"hidden\" name=\"trp-form-language\" value=\"es\"\/><\/form>\n<\/div>\n        <\/div>\n    <\/div><p>\u00bfAlguna vez has estado buscando un lugar decente? <a href=\"https:\/\/sciservers.com\/es\/alojamiento-de-servidores-privados-virtuales-openvz\/\">Alojamiento VPS<\/a> o <a href=\"https:\/\/sciservers.com\/es\/articulos-de-alojamiento\/descripcion-del-hosting-compartido\/\">alojamiento web compartido<\/a> proveedor de soluciones? \u00bfAlguna vez has necesitado un <a href=\"https:\/\/sciservers.com\/es\/dominio-y-hosting-compartido\/\">registros de nombres de dominio<\/a> \u00bfproveedor? \u00bfAlguna vez se ha sentido decepcionado por su actual empresa de alojamiento compartido? Si la respuesta a cualquiera de las preguntas anteriores es &quot;s\u00ed&quot;, estaremos encantados de recomendarle nuestro nivel empresarial. <a href=\"https:\/\/sciservers.com\/es\/alojamiento-de-sitios-web-compartido\/\">alojamiento compartido<\/a> planes. En caso de que ya haya utilizado una soluci\u00f3n de alojamiento web basada en cPanel, se sorprender\u00e1 de lo diferentes que son los servicios de alojamiento compartido que ofrecemos. Los nombres de dominio se pueden registrar y gestionar sin esfuerzo. Puede crear direcciones de correo electr\u00f3nico y bases de datos, cargar archivos de sitios web, realizar un seguimiento de facturas, etc. utilizando solo un \u00fanico <a href=\"https:\/\/demo.hepsia.com\/?auto_login=true\">Panel de control de alojamiento<\/a>. Nuestro Panel de control de alojamiento web es el Panel de control de alojamiento web m\u00e1s f\u00e1cil de usar con el que hemos trabajado. Cada caracter\u00edstica est\u00e1 en su lugar correcto.<\/p>\n\n<h2>Servicios de hosting compartido creados pensando en los clientes<\/h2>\n\n<p>Los planes de alojamiento compartido que ofrecemos est\u00e1n configurados para responder a las necesidades tanto de los usuarios nuevos como de los usuarios experimentados. Cada uno de nuestros servicios de alojamiento compartido tiene algo exclusivo que ofrecer: aplicaciones web gratuitas populares, herramientas de marketing gratuitas y un creador de sitios web gratuito. Algunos de los servicios de alojamiento compartido ofrecen soporte para PgSQL, InnoDB y NodeJS, as\u00ed como el sistema de almacenamiento en cach\u00e9 de memoria Memcached y el acelerador de aplicaciones web Varnish Cache.<\/p>\n\n<h2>Una soluci\u00f3n de alojamiento compartido en la nube de vanguardia<\/h2>\n\n<p>La lista de funciones admitidas en nuestros Servicios de alojamiento compartido superar\u00e1 su imaginaci\u00f3n y esto no es simplemente un m\u00e9todo de marketing. Todas estas caracter\u00edsticas est\u00e1n respaldadas por arquitecturas de hardware robustas y una tecnolog\u00eda de vanguardia. <a href=\"https:\/\/sciservers.com\/es\/articulos-de-alojamiento\/definicion-de-alojamiento-web-en-la-nube\/\">alojamiento compartido en la nube<\/a> plataforma. Nuestra plataforma de hosting compartido se compone de diferentes grupos de servidores web, cada uno de ellos brindando un servicio espec\u00edfico: Panel de control, espacio de almacenamiento de datos, correos electr\u00f3nicos, copias de seguridad de datos, estad\u00edsticas, bases de datos MySQL, bases de datos PostgreSQL, etc. Todos estos grupos de servidores web forman la denominada plataforma de alojamiento compartido en la nube.<\/p>  <table id=\"rp_presentation\">\n    <tr class=\"rp_pr_plan_header\">\n          <td class=\"rp_pr_plan first-plan\">Regular<\/td>\n          <td class=\"rp_pr_plan\">De lujo<\/td>\n          <td class=\"rp_pr_plan\">\u00daltimo<\/td>\n          <td class=\"rp_pr_plan\">Econom\u00eda<\/td>\n        <\/tr>\n    <tr class=\"rp_pr_feature_header\">\n          <td class=\"rp_pr_plan first-plan\"><\/td>\n          <td class=\"rp_pr_plan\"><\/td>\n          <td class=\"rp_pr_plan\"><\/td>\n          <td class=\"rp_pr_plan\"><\/td>\n        <\/tr>\n    <tr class=\"rp_pr_features\">\n          <td class=\"rp_pr_plan first-plan\">\n      <strong>Unlimited<\/strong> almacenamiento\n      <\/td>\n          <td class=\"rp_pr_plan\">\n      <strong>Unlimited<\/strong> almacenamiento\n      <\/td>\n          <td class=\"rp_pr_plan\">\n      <strong>Unlimited<\/strong> almacenamiento\n      <\/td>\n          <td class=\"rp_pr_plan\">\n      <strong>Unlimited<\/strong> almacenamiento\n      <\/td>\n        <\/tr>\n    <tr class=\"rp_pr_features\">\n          <td class=\"rp_pr_plan first-plan\">\n      <strong>Unlimited<\/strong> banda ancha\n      <\/td>\n          <td class=\"rp_pr_plan\">\n      <strong>Unlimited<\/strong> banda ancha\n      <\/td>\n          <td class=\"rp_pr_plan\">\n      <strong>Unlimited<\/strong> banda ancha\n      <\/td>\n          <td class=\"rp_pr_plan\">\n      <strong>Unlimited<\/strong> banda ancha\n      <\/td>\n        <\/tr>\n    <tr class=\"rp_pr_features\">\n          <td class=\"rp_pr_plan first-plan\">\n      <strong>5<\/strong> sitios web alojados      <\/td>\n          <td class=\"rp_pr_plan\">\n      <strong>Unlimited<\/strong> sitios web alojados      <\/td>\n          <td class=\"rp_pr_plan\">\n      <strong>Unlimited<\/strong> sitios web alojados      <\/td>\n          <td class=\"rp_pr_plan\">\n      <strong>1<\/strong> sitio web alojado      <\/td>\n        <\/tr>\n    <tr class=\"rp_pr_features\">\n          <td class=\"rp_pr_plan first-plan\">\n      <strong>Prueba gratuita de 30 d\u00edas<\/strong>\n      <\/td>\n          <td class=\"rp_pr_plan\">\n      <strong>Prueba gratuita de 30 d\u00edas<\/strong>\n      <\/td>\n          <td class=\"rp_pr_plan\">\n      <strong>Prueba gratuita de 30 d\u00edas<\/strong>\n      <\/td>\n          <td class=\"rp_pr_plan\">\n      <strong>Prueba gratuita de 30 d\u00edas<\/strong>\n      <\/td>\n        <\/tr>\n    <tr class=\"rp_pr_features rp_pr_features_price\">\n          <td class=\"rp_pr_plan first-plan\">\n      <span class=\"currency\">$<\/span><span>8.75<\/span> \/ mes\n      <\/td>\n          <td class=\"rp_pr_plan\">\n      <span class=\"currency\">$<\/span><span>17.08<\/span> \/ mes\n      <\/td>\n          <td class=\"rp_pr_plan\">\n      <span class=\"currency\">$<\/span><span>21.25<\/span> \/ mes\n      <\/td>\n          <td class=\"rp_pr_plan\">\n      <span class=\"currency\">$<\/span><span>6.25<\/span> \/ mes\n      <\/td>\n        <\/tr>\n    <tr class=\"rp_pr_signup\">\n          <td class=\"rp_pr_plan first-plan\">\n      <form class=\"pr_rp_sing_up_form\" action=\"https:\/\/sciservers.com\/es\/formulario-de-pedido\/get-shared-website-hosting\/\" method=\"get\" data-trp-original-action=\"https:\/\/sciservers.com\/es\/formulario-de-pedido\/get-shared-website-hosting\/\">\n\t\t        <button type=\"submit\" class=\"rpwp-button colorize\"><span class=\"gloss\"><\/span>ordenar ahora<\/button>\n                        <input name=\"plan\" type=\"hidden\" value=\"1\" \/>\n         <input type=\"hidden\" name=\"trp-form-language\" value=\"es\"\/><\/form>\n      <\/td>\n          <td class=\"rp_pr_plan\">\n      <form class=\"pr_rp_sing_up_form\" action=\"https:\/\/sciservers.com\/es\/formulario-de-pedido\/get-shared-website-hosting\/\" method=\"get\" data-trp-original-action=\"https:\/\/sciservers.com\/es\/formulario-de-pedido\/get-shared-website-hosting\/\">\n\t\t        <button type=\"submit\" class=\"rpwp-button colorize\"><span class=\"gloss\"><\/span>ordenar ahora<\/button>\n                        <input name=\"plan\" type=\"hidden\" value=\"2\" \/>\n         <input type=\"hidden\" name=\"trp-form-language\" value=\"es\"\/><\/form>\n      <\/td>\n          <td class=\"rp_pr_plan\">\n      <form class=\"pr_rp_sing_up_form\" action=\"https:\/\/sciservers.com\/es\/formulario-de-pedido\/get-shared-website-hosting\/\" method=\"get\" data-trp-original-action=\"https:\/\/sciservers.com\/es\/formulario-de-pedido\/get-shared-website-hosting\/\">\n\t\t        <button type=\"submit\" class=\"rpwp-button colorize\"><span class=\"gloss\"><\/span>ordenar ahora<\/button>\n                        <input name=\"plan\" type=\"hidden\" value=\"44\" \/>\n         <input type=\"hidden\" name=\"trp-form-language\" value=\"es\"\/><\/form>\n      <\/td>\n          <td class=\"rp_pr_plan\">\n      <form class=\"pr_rp_sing_up_form\" action=\"https:\/\/sciservers.com\/es\/formulario-de-pedido\/get-shared-website-hosting\/\" method=\"get\" data-trp-original-action=\"https:\/\/sciservers.com\/es\/formulario-de-pedido\/get-shared-website-hosting\/\">\n\t\t        <button type=\"submit\" class=\"rpwp-button colorize\"><span class=\"gloss\"><\/span>ordenar ahora<\/button>\n                        <input name=\"plan\" type=\"hidden\" value=\"44029\" \/>\n         <input type=\"hidden\" name=\"trp-form-language\" value=\"es\"\/><\/form>\n      <\/td>\n        <\/tr>\n    <tr class=\"rp_pr_end\">\n          <td class=\"rp_pr_plan first-plan\">&nbsp;<\/td>\n          <td class=\"rp_pr_plan\">&nbsp;<\/td>\n          <td class=\"rp_pr_plan\">&nbsp;<\/td>\n          <td class=\"rp_pr_plan\">&nbsp;<\/td>\n        <\/tr>\n  <\/table>","protected":false},"excerpt":{"rendered":"Shared Hosting Services Definition Have you ever been searching for a decent VPS hosting or shared web hosting solutions provider? Have you ever needed a domain name registrations provider? Have you ever been let down by your current shared hosting company? If the answer to any of the abovementioned queries is \"yes\", then we'd be<span class=\"excerpt_more\"><a href=\"https:\/\/sciservers.com\/es\/articulos-de-alojamiento\/definicion-de-servicios-de-alojamiento-compartido\/\">[continue...]<\/a><\/span>","protected":false},"author":1,"featured_media":0,"parent":731,"menu_order":0,"comment_status":"closed","ping_status":"closed","template":"","meta":{"footnotes":""},"class_list":["post-765","page","type-page","status-publish","hentry"],"_links":{"self":[{"href":"https:\/\/sciservers.com\/es\/wp-json\/wp\/v2\/pages\/765","targetHints":{"allow":["GET"]}}],"collection":[{"href":"https:\/\/sciservers.com\/es\/wp-json\/wp\/v2\/pages"}],"about":[{"href":"https:\/\/sciservers.com\/es\/wp-json\/wp\/v2\/types\/page"}],"author":[{"embeddable":true,"href":"https:\/\/sciservers.com\/es\/wp-json\/wp\/v2\/users\/1"}],"replies":[{"embeddable":true,"href":"https:\/\/sciservers.com\/es\/wp-json\/wp\/v2\/comments?post=765"}],"version-history":[{"count":0,"href":"https:\/\/sciservers.com\/es\/wp-json\/wp\/v2\/pages\/765\/revisions"}],"up":[{"embeddable":true,"href":"https:\/\/sciservers.com\/es\/wp-json\/wp\/v2\/pages\/731"}],"wp:attachment":[{"href":"https:\/\/sciservers.com\/es\/wp-json\/wp\/v2\/media?parent=765"}],"curies":[{"name":"wp","href":"https:\/\/api.w.org\/{rel}","templated":true}]}}