{"id":768,"date":"2024-04-17T14:06:54","date_gmt":"2024-04-17T18:06:54","guid":{"rendered":"https:\/\/sciservers.com\/article_what_is_cloud_hosting_title_1\/"},"modified":"2024-04-17T14:07:00","modified_gmt":"2024-04-17T18:07:00","slug":"cloud-web-hosting-definition","status":"publish","type":"page","link":"https:\/\/sciservers.com\/es\/articulos-de-alojamiento\/definicion-de-alojamiento-web-en-la-nube\/","title":{"rendered":"Definici\u00f3n de alojamiento web en la nube"},"content":{"rendered":"<h1>Definici\u00f3n de alojamiento web en la nube<\/h1>\n<div id=\"shared-box\"  class=\"right\"><div id=\"box-price\">\n                    <span class=\"box-price-currency\">$<\/span><span class=\"box-price-value\">8.75<\/span> <span class=\"box-price-period\">\/mes<\/span><br \/>\n    <\/div>\n        <div id=\"box-title\"><h2>Regular <span class=\"box-sub-title\">Plan<\/span><\/h2><\/div>\n<div id=\"box-content\">\n            <ul>\n                <li><strong>Unlimited<\/strong> Data Storage<\/li>\n                <li><strong>Unlimited<\/strong> Transferencia de datos<\/li>\n                <li><strong>5<\/strong> Dominios alojados<\/li>\n                                <li><strong>Prueba gratuita de 30 d\u00edas<\/strong><\/li>\n            <\/ul><div class=\"clear\"><\/div>\n            <div id=\"box-bottom\"><div class=\"plan-details-link\"><a href=\"https:\/\/sciservers.com\/es\/alojamiento-de-sitios-web-compartido\/\">Ver detalles del plan<\/a><\/div>\n            <form method=\"get\" class=\"pr_rp_sing_up_form\" action=\"https:\/\/sciservers.com\/es\/formulario-de-pedido\/\" data-trp-original-action=\"https:\/\/sciservers.com\/es\/formulario-de-pedido\/\">\n    \t\t\t<button class=\"rpwp-button colorize\"><span class=\"gloss\"><\/span>comprar ahora<\/button>\n                        <input name=\"plan\" type=\"hidden\" value=\"1\" \/>\n\t<input type=\"hidden\" name=\"trp-form-language\" value=\"es\"\/><\/form>\n<\/div>\n        <\/div>\n    <\/div><p>En realidad, la verdadera plataforma de alojamiento web en la nube sirve por separado. <a href=\"https:\/\/sciservers.com\/es\/articulos-de-alojamiento\/definicion-de-servicios-de-alojamiento-compartido\/\">servicios de alojamiento web<\/a> como espacio de almacenamiento, correo, FTP, bases de datos, DNS, estad\u00edsticas, Panel de control de alojamiento de sitios web, copias de seguridad, etc., en pilas individuales de servidores muy avanzados. Cada grupo de servicios crea un cl\u00faster. Todos los servidores de alojamiento web de un cl\u00faster est\u00e1n dedicados a prestar \u00fanicamente el servicio en particular y nada m\u00e1s. Todos funcionar\u00e1n como un \u00fanico servidor, reparti\u00e9ndose la carga del servicio en proporciones pr\u00e1cticamente id\u00e9nticas. Si hay un autentico <a href=\"https:\/\/sciservers.com\/es\/alojamiento-de-sitios-web-compartido\/\">alojamiento web en la nube<\/a> servicio, debe haber: un cl\u00faster de espacio en disco, un cl\u00faster de correo electr\u00f3nico, un cl\u00faster de Protocolo de transferencia de archivos, cl\u00fasteres de bases de datos (MySQL\/PostgreSQL), un cl\u00faster de DNS, un cl\u00faster de estad\u00edsticas, un cl\u00faster del Panel de control de alojamiento web, un cl\u00faster de respaldo, etc. Todos estos grupos de servicios individuales producir\u00e1n el llamado sistema de alojamiento web en la nube.<\/p>\n\n<h2>El inmenso enga\u00f1o del alojamiento web en la nube. Muy extendido en la actualidad.<\/h2>\n\n<p>Actualmente se especula mucho sobre el alojamiento en la nube. Como puede observar, el alojamiento web en la nube no s\u00f3lo parece complicado, sino que en realidad lo es enormemente. La mayor\u00eda de la gente no sabe nada sobre qu\u00e9 es el alojamiento web en la nube. En el marco de este desconocimiento generalizado, los &quot;comerciantes de alojamiento web en la nube&quot; especulan con entusiasmo, s\u00f3lo para asegurar al cliente y sus 5 d\u00f3lares al mes. \u00a1Qu\u00e9 desgracia! Una gran desgracia. Esto se debe al hecho de que en el nicho de la industria del alojamiento de sitios web no existen estipulaciones de ning\u00fan tipo. El <a href=\"https:\/\/sciservers.com\/es\/dominio-y-hosting-compartido\/\">dominio<\/a> nicho de la industria tiene ICANN. El nicho de la industria del alojamiento de sitios web no cuenta con una instituci\u00f3n aut\u00f3noma de este tipo. Esta es la raz\u00f3n por la cual el <a href=\"https:\/\/sciservers.com\/es\/articulos-de-alojamiento\/descripcion-del-hosting-compartido\/\">alojamiento web<\/a> Las empresas especulan y mienten descaradamente (en realidad, muy claramente) a sus clientes. Principalmente los proveedores de alojamiento web en la nube basados en cPanel. Veamos cu\u00e1nto alojamiento web en la nube pueden ofrecer realmente.<\/p>\n\n<h2>Los datos sobre los proveedores de alojamiento web &quot;en la nube&quot; basados en cPanel<\/h2>\n\n<p>si un <a href=\"https:\/\/sciservers.com\/es\/articulos-de-alojamiento\/alojamiento-cpanel-desenmascarado\/\">Alojamiento web basado en cPanel<\/a> El comerciante tiene a mano un sistema de alojamiento en la nube, lo cual es incre\u00edble, hay que adquirir muchos servidores web. Lo cual tampoco es barato. Volveremos a eso al final de esta revisi\u00f3n. Primero, exploremos cu\u00e1les son las complicaciones de la nube. Por lo tanto, es bastante improbable que un comerciante de alojamiento web cPanel tenga la plataforma de alojamiento en la nube a mano, debido al hecho de que fabricar una lleva a\u00f1os. Incluso cuando el tiempo y la disponibilidad de un equipo experimentado no son un problema, tambi\u00e9n se debe invertir mucho dinero. Toneladas de efectivo. Adem\u00e1s, cPanel no es de c\u00f3digo abierto. Ese es un gran defecto.<\/p>\n\n<h2>La deficiencia de los entornos de alojamiento web en la nube de c\u00f3digo abierto<\/h2>\n\n<p>No existen entornos de alojamiento web en la nube de c\u00f3digo abierto. Tampoco existen herramientas CP de alojamiento de sitios web de c\u00f3digo abierto (que funcionen con el sistema de alojamiento web en la nube). Por lo tanto, para tener a mano una soluci\u00f3n de alojamiento web en la nube, primero hay que idear una. Interno. En segundo lugar, tambi\u00e9n debes desarrollar el CP de hosting del sitio web.<\/p>\n\n<h2>Paneles de control de alojamiento de sitios web basados en un servidor<\/h2>\n\n<p>Paneles de control famosos como cPanel, Plesk, DirectAdmin, etc. se crean para funcionar en un \u00fanico servidor. Todos los servicios de alojamiento de sitios web (espacio en disco, correo, FTP, bases de datos, DNS, estad\u00edsticas, CP de alojamiento web, copias de seguridad, etc.) se prestan simult\u00e1neamente en un \u00fanico servidor web donde se proporcionan sistemas de alojamiento de sitios web de un solo servidor y paneles de control de alojamiento. est\u00e1n instalados.<\/p>\n\n<h2>La escasez de Paneles de Control de c\u00f3digo abierto<\/h2>\n\n<p>Por lo tanto, debe crear un Panel de control de alojamiento web personalizado que funcione perfectamente e incorporarlo dentro de la plataforma en la nube, como si fuera una parte integral de ella. Ejemplos apropiados de plataformas de alojamiento web en la nube configuradas internamente con paneles de control de alojamiento web configurados internamente adem\u00e1s de nosotros, en SCI-SERVERS, son MediaTemple y FreeHostia.<\/p>\n\n<h2>Tarifas de provisi\u00f3n de hardware de alojamiento web en la nube<\/h2>\n\n<p>La aportaci\u00f3n m\u00ednima exigida, s\u00f3lo para el equipo hardware de alojamiento web en la nube, equivale a entre 60.000 y ochenta mil d\u00f3lares. Eso es omitir la herramienta DDoS, que es otro $15-20,000. Ahora ya sabes cu\u00e1ntas plataformas de alojamiento web en la nube se pueden encontrar por ah\u00ed... y, especialmente, por qu\u00e9 el cielo del alojamiento es tan azul... \u00a1y casi sin nubes!<\/p>  <table id=\"rp_presentation\">\n    <tr class=\"rp_pr_plan_header\">\n          <td class=\"rp_pr_plan first-plan\">Regular<\/td>\n          <td class=\"rp_pr_plan\">De lujo<\/td>\n          <td class=\"rp_pr_plan\">\u00daltimo<\/td>\n          <td class=\"rp_pr_plan\">Econom\u00eda<\/td>\n        <\/tr>\n    <tr class=\"rp_pr_feature_header\">\n          <td class=\"rp_pr_plan first-plan\"><\/td>\n          <td class=\"rp_pr_plan\"><\/td>\n          <td class=\"rp_pr_plan\"><\/td>\n          <td class=\"rp_pr_plan\"><\/td>\n        <\/tr>\n    <tr class=\"rp_pr_features\">\n          <td class=\"rp_pr_plan first-plan\">\n      <strong>Unlimited<\/strong> almacenamiento\n      <\/td>\n          <td class=\"rp_pr_plan\">\n      <strong>Unlimited<\/strong> almacenamiento\n      <\/td>\n          <td class=\"rp_pr_plan\">\n      <strong>Unlimited<\/strong> almacenamiento\n      <\/td>\n          <td class=\"rp_pr_plan\">\n      <strong>Unlimited<\/strong> almacenamiento\n      <\/td>\n        <\/tr>\n    <tr class=\"rp_pr_features\">\n          <td class=\"rp_pr_plan first-plan\">\n      <strong>Unlimited<\/strong> banda ancha\n      <\/td>\n          <td class=\"rp_pr_plan\">\n      <strong>Unlimited<\/strong> banda ancha\n      <\/td>\n          <td class=\"rp_pr_plan\">\n      <strong>Unlimited<\/strong> banda ancha\n      <\/td>\n          <td class=\"rp_pr_plan\">\n      <strong>Unlimited<\/strong> banda ancha\n      <\/td>\n        <\/tr>\n    <tr class=\"rp_pr_features\">\n          <td class=\"rp_pr_plan first-plan\">\n      <strong>5<\/strong> sitios web alojados      <\/td>\n          <td class=\"rp_pr_plan\">\n      <strong>Unlimited<\/strong> sitios web alojados      <\/td>\n          <td class=\"rp_pr_plan\">\n      <strong>Unlimited<\/strong> sitios web alojados      <\/td>\n          <td class=\"rp_pr_plan\">\n      <strong>1<\/strong> sitio web alojado      <\/td>\n        <\/tr>\n    <tr class=\"rp_pr_features\">\n          <td class=\"rp_pr_plan first-plan\">\n      <strong>Prueba gratuita de 30 d\u00edas<\/strong>\n      <\/td>\n          <td class=\"rp_pr_plan\">\n      <strong>Prueba gratuita de 30 d\u00edas<\/strong>\n      <\/td>\n          <td class=\"rp_pr_plan\">\n      <strong>Prueba gratuita de 30 d\u00edas<\/strong>\n      <\/td>\n          <td class=\"rp_pr_plan\">\n      <strong>Prueba gratuita de 30 d\u00edas<\/strong>\n      <\/td>\n        <\/tr>\n    <tr class=\"rp_pr_features rp_pr_features_price\">\n          <td class=\"rp_pr_plan first-plan\">\n      <span class=\"currency\">$<\/span><span>8.75<\/span> \/ mes\n      <\/td>\n          <td class=\"rp_pr_plan\">\n      <span class=\"currency\">$<\/span><span>17.08<\/span> \/ mes\n      <\/td>\n          <td class=\"rp_pr_plan\">\n      <span class=\"currency\">$<\/span><span>21.25<\/span> \/ mes\n      <\/td>\n          <td class=\"rp_pr_plan\">\n      <span class=\"currency\">$<\/span><span>6.25<\/span> \/ mes\n      <\/td>\n        <\/tr>\n    <tr class=\"rp_pr_signup\">\n          <td class=\"rp_pr_plan first-plan\">\n      <form class=\"pr_rp_sing_up_form\" action=\"https:\/\/sciservers.com\/es\/formulario-de-pedido\/get-shared-website-hosting\/\" method=\"get\" data-trp-original-action=\"https:\/\/sciservers.com\/es\/formulario-de-pedido\/get-shared-website-hosting\/\">\n\t\t        <button type=\"submit\" class=\"rpwp-button colorize\"><span class=\"gloss\"><\/span>ordenar ahora<\/button>\n                        <input name=\"plan\" type=\"hidden\" value=\"1\" \/>\n         <input type=\"hidden\" name=\"trp-form-language\" value=\"es\"\/><\/form>\n      <\/td>\n          <td class=\"rp_pr_plan\">\n      <form class=\"pr_rp_sing_up_form\" action=\"https:\/\/sciservers.com\/es\/formulario-de-pedido\/get-shared-website-hosting\/\" method=\"get\" data-trp-original-action=\"https:\/\/sciservers.com\/es\/formulario-de-pedido\/get-shared-website-hosting\/\">\n\t\t        <button type=\"submit\" class=\"rpwp-button colorize\"><span class=\"gloss\"><\/span>ordenar ahora<\/button>\n                        <input name=\"plan\" type=\"hidden\" value=\"2\" \/>\n         <input type=\"hidden\" name=\"trp-form-language\" value=\"es\"\/><\/form>\n      <\/td>\n          <td class=\"rp_pr_plan\">\n      <form class=\"pr_rp_sing_up_form\" action=\"https:\/\/sciservers.com\/es\/formulario-de-pedido\/get-shared-website-hosting\/\" method=\"get\" data-trp-original-action=\"https:\/\/sciservers.com\/es\/formulario-de-pedido\/get-shared-website-hosting\/\">\n\t\t        <button type=\"submit\" class=\"rpwp-button colorize\"><span class=\"gloss\"><\/span>ordenar ahora<\/button>\n                        <input name=\"plan\" type=\"hidden\" value=\"44\" \/>\n         <input type=\"hidden\" name=\"trp-form-language\" value=\"es\"\/><\/form>\n      <\/td>\n          <td class=\"rp_pr_plan\">\n      <form class=\"pr_rp_sing_up_form\" action=\"https:\/\/sciservers.com\/es\/formulario-de-pedido\/get-shared-website-hosting\/\" method=\"get\" data-trp-original-action=\"https:\/\/sciservers.com\/es\/formulario-de-pedido\/get-shared-website-hosting\/\">\n\t\t        <button type=\"submit\" class=\"rpwp-button colorize\"><span class=\"gloss\"><\/span>ordenar ahora<\/button>\n                        <input name=\"plan\" type=\"hidden\" value=\"44029\" \/>\n         <input type=\"hidden\" name=\"trp-form-language\" value=\"es\"\/><\/form>\n      <\/td>\n        <\/tr>\n    <tr class=\"rp_pr_end\">\n          <td class=\"rp_pr_plan first-plan\">&nbsp;<\/td>\n          <td class=\"rp_pr_plan\">&nbsp;<\/td>\n          <td class=\"rp_pr_plan\">&nbsp;<\/td>\n          <td class=\"rp_pr_plan\">&nbsp;<\/td>\n        <\/tr>\n  <\/table>","protected":false},"excerpt":{"rendered":"Cloud Web Hosting Definition Actually, the genuine cloud web hosting platform serves separate web hosting services like storage space, mail, FTP, databases, DNS, statistics, website hosting Control Panel, backup, etc., on individual stacks of very advanced servers. Each single service group creates a cluster. All the web hosting servers in a cluster are devoted to<span class=\"excerpt_more\"><a href=\"https:\/\/sciservers.com\/es\/articulos-de-alojamiento\/definicion-de-alojamiento-web-en-la-nube\/\">[continue...]<\/a><\/span>","protected":false},"author":1,"featured_media":0,"parent":731,"menu_order":0,"comment_status":"closed","ping_status":"closed","template":"","meta":{"footnotes":""},"class_list":["post-768","page","type-page","status-publish","hentry"],"_links":{"self":[{"href":"https:\/\/sciservers.com\/es\/wp-json\/wp\/v2\/pages\/768","targetHints":{"allow":["GET"]}}],"collection":[{"href":"https:\/\/sciservers.com\/es\/wp-json\/wp\/v2\/pages"}],"about":[{"href":"https:\/\/sciservers.com\/es\/wp-json\/wp\/v2\/types\/page"}],"author":[{"embeddable":true,"href":"https:\/\/sciservers.com\/es\/wp-json\/wp\/v2\/users\/1"}],"replies":[{"embeddable":true,"href":"https:\/\/sciservers.com\/es\/wp-json\/wp\/v2\/comments?post=768"}],"version-history":[{"count":0,"href":"https:\/\/sciservers.com\/es\/wp-json\/wp\/v2\/pages\/768\/revisions"}],"up":[{"embeddable":true,"href":"https:\/\/sciservers.com\/es\/wp-json\/wp\/v2\/pages\/731"}],"wp:attachment":[{"href":"https:\/\/sciservers.com\/es\/wp-json\/wp\/v2\/media?parent=768"}],"curies":[{"name":"wp","href":"https:\/\/api.w.org\/{rel}","templated":true}]}}