{"id":771,"date":"2024-04-17T14:06:54","date_gmt":"2024-04-17T18:06:54","guid":{"rendered":"https:\/\/sciservers.com\/article_reseller_hosting_title_1\/"},"modified":"2024-04-17T14:07:00","modified_gmt":"2024-04-17T18:07:00","slug":"hosting-reseller-description","status":"publish","type":"page","link":"https:\/\/sciservers.com\/es\/articulos-de-alojamiento\/descripcion-del-revendedor-de-hosting\/","title":{"rendered":"Descripci\u00f3n del revendedor de hosting"},"content":{"rendered":"<h1>Descripci\u00f3n del revendedor de hosting<\/h1>\n<p>ResellersPanel, el gratuito <a href=\"http:\/\/www.resellerspanel.com\/reseller-hosting\/?a=sciservers\">revendedor de alojamiento<\/a> proveedor de servicios, ofrece un avanzado, personalizado, apuntar y hacer clic <a href=\"https:\/\/demo.hepsia.com\/?auto_login=true\">Panel de control de alojamiento<\/a> con todos sus <a href=\"https:\/\/sciservers.com\/es\/alojamiento-de-sitios-web-compartido\/\">alojamiento compartido<\/a> paquetes. Este Panel de Control, llamado Hepsia, puede ser utilizado por todo el mundo, independientemente de su nivel de conocimientos inform\u00e1ticos.<\/p>\n\n<p>Con ResellersPanel, puede obtener ganancias desde casa revendiendo planes de alojamiento web a personas de todo el mundo a trav\u00e9s del programa de alojamiento web para revendedores de ResellersPanel, que <em>no implica ning\u00fan dep\u00f3sito de revendedor<\/em> y <em>impuestos<\/em>. Tienes tu propia empresa de alojamiento personal y su nombre aparecer\u00e1 dentro de las herramientas del Panel de control de todos tus clientes.<\/p>\n\n<p>El contraste clave entre el programa de revendedor de hosting de ResellersPanel y la mayor\u00eda de los otros programas de revendedor de hosting disponibles en l\u00ednea es que <strong>no necesitas comprar<\/strong> los servicios de alojamiento web <em>antes<\/em> puedes comenzar a revenderlos.<\/p>\n\n<p>Puedes vender una enorme variedad de <a href=\"https:\/\/sciservers.com\/es\/articulos-de-alojamiento\/explicacion-de-alojamiento-web-compartido\/\">paquetes de hosting compartido<\/a>, <a href=\"https:\/\/sciservers.com\/es\/alojamiento-de-servidores-privados-virtuales-openvz\/\">Servidores Privados Virtuales<\/a> y <a href=\"https:\/\/sciservers.com\/es\/servidores-dedicados\/\">servidores de alojamiento dedicados<\/a>; Puedes ofrecer una selecci\u00f3n de <em>4 instalaciones de centro de datos<\/em>, caracter\u00edsticas opcionales como <a href=\"https:\/\/sciservers.com\/es\/articulos-de-alojamiento\/definicion-de-certificados-de-capa-de-sockets-seguros\/\">Certificados SSL<\/a>, as\u00ed como el paquete de Servicios Administrados; con \u00e9l, ResellersPanel maneja reinicios del servidor, copias de seguridad de datos, actualizaciones del sistema operativo, etc.<\/p>\n\n<p>Recuerde, obtiene todo esto sin tarifas de instalaci\u00f3n ni cargos de revendedor.<\/p>\n\n<p>Para que pueda generar dinero desde casa y ahorrar dinero en sus sitios web presentes y futuros. Registrar con <a href=\"http:\/\/www.resellerspanel.com\/?a=sciservers\">Panel de revendedores<\/a> \u00a1ahora mismo!<\/p>","protected":false},"excerpt":{"rendered":"Hosting Reseller Description ResellersPanel, the free hosting reseller services provider, offers an advanced, custom built, point &amp; click hosting Control Panel with all its shared hosting packages. This Control Panel, called Hepsia, can be used by everybody, irrespective of their level of computer literacy. With ResellersPanel, you can gain profit from home by reselling web<span class=\"excerpt_more\"><a href=\"https:\/\/sciservers.com\/es\/articulos-de-alojamiento\/descripcion-del-revendedor-de-hosting\/\">[continue...]<\/a><\/span>","protected":false},"author":1,"featured_media":0,"parent":731,"menu_order":0,"comment_status":"closed","ping_status":"closed","template":"","meta":{"footnotes":""},"class_list":["post-771","page","type-page","status-publish","hentry"],"_links":{"self":[{"href":"https:\/\/sciservers.com\/es\/wp-json\/wp\/v2\/pages\/771","targetHints":{"allow":["GET"]}}],"collection":[{"href":"https:\/\/sciservers.com\/es\/wp-json\/wp\/v2\/pages"}],"about":[{"href":"https:\/\/sciservers.com\/es\/wp-json\/wp\/v2\/types\/page"}],"author":[{"embeddable":true,"href":"https:\/\/sciservers.com\/es\/wp-json\/wp\/v2\/users\/1"}],"replies":[{"embeddable":true,"href":"https:\/\/sciservers.com\/es\/wp-json\/wp\/v2\/comments?post=771"}],"version-history":[{"count":0,"href":"https:\/\/sciservers.com\/es\/wp-json\/wp\/v2\/pages\/771\/revisions"}],"up":[{"embeddable":true,"href":"https:\/\/sciservers.com\/es\/wp-json\/wp\/v2\/pages\/731"}],"wp:attachment":[{"href":"https:\/\/sciservers.com\/es\/wp-json\/wp\/v2\/media?parent=771"}],"curies":[{"name":"wp","href":"https:\/\/api.w.org\/{rel}","templated":true}]}}